{"id":9,"date":"2013-06-11T00:30:46","date_gmt":"2013-06-10T21:30:46","guid":{"rendered":"http:\/\/www.sastamalankylat.fi\/kiimajarvi\/?page_id=9"},"modified":"2022-11-07T22:01:00","modified_gmt":"2022-11-07T20:01:00","slug":"kyla","status":"publish","type":"page","link":"https:\/\/www.sastamalankylat.fi\/kiimajarvi\/kyla\/","title":{"rendered":"Kyl\u00e4"},"content":{"rendered":"<p>Kiimaj\u00e4rven kyl\u00e4 sijaitsee Sastamalan kaupungin luoteisosassa, Kiikan keskustasta noin 7 kilometri\u00e4 Pohjanmaantiet\u00e4 eli kantatie 44:\u00e4\u00e4 Kankaanp\u00e4\u00e4n suuntaan. Kyl\u00e4 on muodostunut saman nimisen j\u00e4rven rantamaisemiin. Siell\u00e4 on todistettavasti ollut asutusta yli kuusisataa vuotta. Kyl\u00e4taajama oli alunperin j\u00e4rven kaakkoisrannalla, mist\u00e4 asutus v\u00e4hitellen levisi ymp\u00e4rist\u00f6\u00f6n. Kyl\u00e4 nimitettiin viereisen j\u00e4rven mukaan, jonka taas kerrotaan saaneen nimens\u00e4 siit\u00e4, ett\u00e4 sudet parittelivat j\u00e4rven j\u00e4\u00e4ll\u00e4.<\/p>\n<p>Kyl\u00e4yhteis\u00f6n rungon muodostivat talot, joista useat ovat s\u00e4ilyneet samoilla suvuilla vuosisatoja. V\u00e4en lis\u00e4\u00e4ntyess\u00e4 tuli tarvetta my\u00f6s monelle k\u00e4sity\u00f6l\u00e4isammatille. Kiimaj\u00e4rvell\u00e4 oli suutareita, kraatareita, seppi\u00e4, karvareita, nikkareita ja varvareita. Ajan mittaan kuvioihin tulivat kaupat, meijerit, sahat, nahka-, pehku- ja tiilitehtaat. Kyl\u00e4 oli omavarainen. V\u00e4ki lis\u00e4\u00e4ntyi kyl\u00e4ll\u00e4 aina 1900-luvun alkupuoliskolle saakka. Toisen maailmansodan aikoihin Kiimaj\u00e4rven koulussa oli yli 100 oppilasta. Kyl\u00e4 alkoi tyhjenty\u00e4 1950-luvulla ja koulu lopetettiin vuonna 1968. V\u00e4hitellen toimintansa lopettivat my\u00f6s kyl\u00e4n kaupat, posti, pankki, saha sek\u00e4 muu pienteollisuus.<\/p>\n<p>Kiimaj\u00e4rvi on maankuulu lintuj\u00e4rvi. Runsas ja osin harvinainen lintukanta antaa mahdollisuuksia luontoel\u00e4myksiin. J\u00e4rvell\u00e4 voi kalastaa mainiosti. Luontoretkeilyyn ja luontokuvaukseen on hyv\u00e4t mahdollisuudet asiantuntijan opastuksella. Vesist\u00f6n hoitoon ja ruoppauksen l\u00f6ytyy kyl\u00e4lt\u00e4 ammattitaitoa ja koneita. Kyl\u00e4ll\u00e4 on ollut maankuulu M\u00e4kel\u00e4n ravitalli.\u00a0 Maatilat ovat kehitelleet sivuelinkeinoja ja koneurakointia on monenlaista. Mets\u00e4t ovat hyv\u00e4\u00e4 marja- ja sienestysmaastoa.<\/p>\n<p>Luonnonkaunis, perinteinen maalaismilj\u00f6\u00f6 hyvien liikenneyhteyksien varrella on ihanteellinen asuinpaikka. Tampereelle ja Poriin on kumpaankin noin tunnin ajomatka. Kes\u00e4isin kyl\u00e4n asukasm\u00e4\u00e4r\u00e4 tuplaantuu m\u00f6kkil\u00e4isten my\u00f6t\u00e4. Sastamalan kaupungin uimaranta Kiimaj\u00e4rven rannalla on lapsiyst\u00e4v\u00e4llinen ja viihtyis\u00e4. Rantasaunaa vuokrataan yksityisten ja yritysten k\u00e4ytt\u00f6\u00f6n. Vakkala Pro motors -yhdistys omistaa rantasaunan ja hoitaa sen vuokrauksen.<\/p>\n<!-- AddThis Advanced Settings generic via filter on the_content --><!-- AddThis Share Buttons generic via filter on the_content -->","protected":false},"excerpt":{"rendered":"<p>Kiimaj\u00e4rven kyl\u00e4 sijaitsee Sastamalan kaupungin luoteisosassa, Kiikan keskustasta noin 7 kilometri\u00e4 Pohjanmaantiet\u00e4 eli kantatie 44:\u00e4\u00e4 Kankaanp\u00e4\u00e4n suuntaan. Kyl\u00e4 on muodostunut saman nimisen j\u00e4rven rantamaisemiin. Siell\u00e4 on todistettavasti ollut asutusta yli kuusisataa vuotta. Kyl\u00e4taajama oli alunperin j\u00e4rven kaakkoisrannalla, mist\u00e4 asutus v\u00e4hitellen levisi ymp\u00e4rist\u00f6\u00f6n. Kyl\u00e4 nimitettiin viereisen j\u00e4rven mukaan, jonka taas kerrotaan saaneen nimens\u00e4 siit\u00e4, ett\u00e4 sudet [&hellip;]<!-- AddThis Advanced Settings generic via filter on wp_trim_excerpt --><!-- AddThis Share Buttons generic via filter on wp_trim_excerpt --><\/p>\n","protected":false},"author":10,"featured_media":0,"parent":0,"menu_order":0,"comment_status":"closed","ping_status":"closed","template":"","meta":{"jetpack_post_was_ever_published":false,"footnotes":""},"class_list":["post-9","page","type-page","status-publish","hentry"],"aioseo_notices":[],"jetpack_sharing_enabled":true,"jetpack_likes_enabled":true,"_links":{"self":[{"href":"https:\/\/www.sastamalankylat.fi\/kiimajarvi\/wp-json\/wp\/v2\/pages\/9","targetHints":{"allow":["GET"]}}],"collection":[{"href":"https:\/\/www.sastamalankylat.fi\/kiimajarvi\/wp-json\/wp\/v2\/pages"}],"about":[{"href":"https:\/\/www.sastamalankylat.fi\/kiimajarvi\/wp-json\/wp\/v2\/types\/page"}],"author":[{"embeddable":true,"href":"https:\/\/www.sastamalankylat.fi\/kiimajarvi\/wp-json\/wp\/v2\/users\/10"}],"replies":[{"embeddable":true,"href":"https:\/\/www.sastamalankylat.fi\/kiimajarvi\/wp-json\/wp\/v2\/comments?post=9"}],"version-history":[{"count":5,"href":"https:\/\/www.sastamalankylat.fi\/kiimajarvi\/wp-json\/wp\/v2\/pages\/9\/revisions"}],"predecessor-version":[{"id":437,"href":"https:\/\/www.sastamalankylat.fi\/kiimajarvi\/wp-json\/wp\/v2\/pages\/9\/revisions\/437"}],"wp:attachment":[{"href":"https:\/\/www.sastamalankylat.fi\/kiimajarvi\/wp-json\/wp\/v2\/media?parent=9"}],"curies":[{"name":"wp","href":"https:\/\/api.w.org\/{rel}","templated":true}]}}