{"id":27,"date":"2013-06-11T00:57:51","date_gmt":"2013-06-10T21:57:51","guid":{"rendered":"http:\/\/www.sastamalankylat.fi\/kiimajarvi\/?page_id=27"},"modified":"2026-04-14T10:42:11","modified_gmt":"2026-04-14T07:42:11","slug":"palvelut","status":"publish","type":"page","link":"https:\/\/www.sastamalankylat.fi\/kiimajarvi\/palvelut\/","title":{"rendered":"PALVELUT"},"content":{"rendered":"<h1>Kiimaj\u00e4rven kyl\u00e4talo<\/h1>\n<p>Kyl\u00e4taloa vuokrataan erilaisten tilaisuuksien j\u00e4rjest\u00e4miseen. Juhlasaliin mahtuu n. 60 henkil\u00f6\u00e4, yl\u00e4kertaakin voi tarvittaessa k\u00e4ytt\u00e4\u00e4. Astiasto on 100 hengelle. Vuokrahinta: 150 eur\/vrk (kyl\u00e4seuran j\u00e4senille 100 eur\/vrk). Lyhyemmiss\u00e4 kokous- ym. tilaisuuksissa vuokra on 20 &#8211; 40 eur riippuen siit\u00e4, k\u00e4ytet\u00e4\u00e4nk\u00f6 keitti\u00f6t\u00e4.<\/p>\n<p><strong>Yhteydenotot:<\/strong><br \/>\nRaija Hituri (puh. 050 520 4257)<br \/>\ns\u00e4hk\u00f6posti: raija.hituri(at)gmail.com<\/p>\n<hr \/>\n<p><strong>\u00a0<\/strong><\/p>\n<h2><strong>\u00a0Sahaus ja h\u00f6yl\u00e4ys, polttopuut<br \/>\n<\/strong><\/h2>\n<h2><strong>\u00a0<\/strong>Sukututkimus<strong><br \/>\n<\/strong><\/h2>\n<p><strong>Lehtinen Juhani<\/strong><br \/>\nHuhdanp\u00e4\u00e4ntie 1<br \/>\n38300 SASTAMALA<br \/>\npuh. 050 599 4099<br \/>\ns\u00e4hk\u00f6posti: juhani.lehtinen@wippies.fi<\/p>\n<h2><\/h2>\n<hr \/>\n<h2>Maansiirto- ja kaivuuty\u00f6t<\/h2>\n<p><strong>Koneyhtym\u00e4 M\u00e4kitalo<\/strong><br \/>\nPohjanmaantie 886<br \/>\n38300 SASTAMALA<br \/>\npuh. 0400 631656<\/p>\n<hr \/>\n<h2>Ruoppaus, vesikasvien niitto ja muut vesist\u00f6n hoitoty\u00f6t<\/h2>\n<p><strong>Sis\u00e4-Suomen Ruoppaus Oy<\/strong><br \/>\nHannu Kolisoja<br \/>\nPortaanp\u00e4\u00e4ntie 14<br \/>\n38300 SASTAMALA<br \/>\npuh. 0500 331 779<\/p>\n<hr \/>\n<h2>Maatalous- ja kaivuriurakointi<\/h2>\n<p><strong>Seppo Pietil\u00e4<\/strong><br \/>\nRiuttanmaantie 55<br \/>\n38300 SASTAMALA<br \/>\npuh. 050 543 3695<\/p>\n<hr \/>\n<h2>Jalassaunat, hirsim\u00f6kit, hirsirakennukset<\/h2>\n<p><strong>Ollin Puu<\/strong><\/p>\n<p>WWW.hirsimokkeja.fi<\/p>\n<p>_____________________________________________________________________________________________<\/p>\n<h2>Karitsanlihaa, taljoja, lankoja ja maisemanhoitoa<\/h2>\n<p><strong>Seikun lammastila<\/strong><\/p>\n<p>0400-668711\/Timo Santanen, 050-5146148\/Outi Seikku<\/p>\n<p>seikunlammastila@gmail.com<\/p>\n<p>____________________________________________________________________________________________<\/p>\n<p>&nbsp;<\/p>\n<h2>Er\u00e4- ja mets\u00e4stysyhteydet<\/h2>\n<p>Kiikan mets\u00e4stysseura<br \/>\nPj. Kari Nikali<br \/>\npuh. 050 5536118<\/p>\n<p>&nbsp;<\/p>\n<p>&nbsp;<\/p>\n<!-- AddThis Advanced Settings generic via filter on the_content --><!-- AddThis Share Buttons generic via filter on the_content -->","protected":false},"excerpt":{"rendered":"<p>Kiimaj\u00e4rven kyl\u00e4talo Kyl\u00e4taloa vuokrataan erilaisten tilaisuuksien j\u00e4rjest\u00e4miseen. Juhlasaliin mahtuu n. 60 henkil\u00f6\u00e4, yl\u00e4kertaakin voi tarvittaessa k\u00e4ytt\u00e4\u00e4. Astiasto on 100 hengelle. Vuokrahinta: 150 eur\/vrk (kyl\u00e4seuran j\u00e4senille 100 eur\/vrk). Lyhyemmiss\u00e4 kokous- ym. tilaisuuksissa vuokra on 20 &#8211; 40 eur riippuen siit\u00e4, k\u00e4ytet\u00e4\u00e4nk\u00f6 keitti\u00f6t\u00e4. Yhteydenotot: Raija Hituri (puh. 050 520 4257) s\u00e4hk\u00f6posti: raija.hituri(at)gmail.com \u00a0 \u00a0Sahaus ja h\u00f6yl\u00e4ys, polttopuut [&hellip;]<!-- AddThis Advanced Settings generic via filter on wp_trim_excerpt --><!-- AddThis Share Buttons generic via filter on wp_trim_excerpt --><\/p>\n","protected":false},"author":10,"featured_media":0,"parent":0,"menu_order":0,"comment_status":"closed","ping_status":"closed","template":"","meta":{"jetpack_post_was_ever_published":false,"footnotes":""},"class_list":["post-27","page","type-page","status-publish","hentry"],"aioseo_notices":[],"jetpack_sharing_enabled":true,"jetpack_likes_enabled":true,"_links":{"self":[{"href":"https:\/\/www.sastamalankylat.fi\/kiimajarvi\/wp-json\/wp\/v2\/pages\/27","targetHints":{"allow":["GET"]}}],"collection":[{"href":"https:\/\/www.sastamalankylat.fi\/kiimajarvi\/wp-json\/wp\/v2\/pages"}],"about":[{"href":"https:\/\/www.sastamalankylat.fi\/kiimajarvi\/wp-json\/wp\/v2\/types\/page"}],"author":[{"embeddable":true,"href":"https:\/\/www.sastamalankylat.fi\/kiimajarvi\/wp-json\/wp\/v2\/users\/10"}],"replies":[{"embeddable":true,"href":"https:\/\/www.sastamalankylat.fi\/kiimajarvi\/wp-json\/wp\/v2\/comments?post=27"}],"version-history":[{"count":9,"href":"https:\/\/www.sastamalankylat.fi\/kiimajarvi\/wp-json\/wp\/v2\/pages\/27\/revisions"}],"predecessor-version":[{"id":518,"href":"https:\/\/www.sastamalankylat.fi\/kiimajarvi\/wp-json\/wp\/v2\/pages\/27\/revisions\/518"}],"wp:attachment":[{"href":"https:\/\/www.sastamalankylat.fi\/kiimajarvi\/wp-json\/wp\/v2\/media?parent=27"}],"curies":[{"name":"wp","href":"https:\/\/api.w.org\/{rel}","templated":true}]}}