{"id":25,"date":"2013-06-11T00:57:05","date_gmt":"2013-06-10T21:57:05","guid":{"rendered":"http:\/\/www.sastamalankylat.fi\/kiimajarvi\/?page_id=25"},"modified":"2026-04-14T10:38:52","modified_gmt":"2026-04-14T07:38:52","slug":"yhdistys","status":"publish","type":"page","link":"https:\/\/www.sastamalankylat.fi\/kiimajarvi\/yhdistys\/","title":{"rendered":"Yhdistys"},"content":{"rendered":"<p><span style=\"line-height: 1.714285714;font-size: 1rem\">Kiimaj\u00e4rven kyl\u00e4seura rekister\u00f6itiin v. 1993. Sen toimialueeseen kuuluvat Kiimaj\u00e4rven, Leikkuun, Vakkalan ja Haapaniemen kyl\u00e4t sek\u00e4 lis\u00e4ksi Koppalaisenmaa ja Hirvisuonmaa. Alueen el\u00e4m\u00e4nmenosta ja asukkaista on julkaistu historiikki, jota on myyt\u00e4v\u00e4n\u00e4 20 euron hintaan.<\/span><\/p>\n<p>Kyl\u00e4toiminta keskittyy vanhan Kiimaj\u00e4rven koulun ymp\u00e4rille. Kyl\u00e4l\u00e4iset ovat p\u00e4\u00e4asiassa talkoovoimin kunnostaneet vanhan koulurakennuksen kokoontumis- ja juhlapaikaksi. Koulua kutsutaan Kiimaj\u00e4rven kyl\u00e4taloksi. Kyl\u00e4taloa vuokrataan yksityisille ja yrityksille erilaisiin kokouksiin, tilaisuuksiin ja juhliin. Juhlatilat ja astiasto riitt\u00e4v\u00e4t noin 100 hengelle. Lukutupa (ent. kyl\u00e4kirjasto) kyl\u00e4talolla tietokoneineen ja Internet-yhteyksineen kyl\u00e4talolla on avoinna kerran viikossa ymp\u00e4ri vuoden.<\/p>\n<p>Kyl\u00e4talon pihapiiriss\u00e4 on grillikatos palokaivolammikon rannalla. Katos on vapaasti kyl\u00e4l\u00e4isten k\u00e4yt\u00f6ss\u00e4.<\/p>\n<p>Kes\u00e4viikonloppuisin kyl\u00e4talolla pidet\u00e4\u00e4n kirpputoria ja pient\u00e4 kahviota. Myyj\u00e4isi\u00e4, pilkkikilpailut, lauluiltoja, juhannussuunnistus ja monenmoista muuta toimintaa pyrit\u00e4\u00e4n j\u00e4rjest\u00e4m\u00e4\u00e4n ymp\u00e4ri vuoden. Sastamalan opiston harrastuspiirit ovat talvi-iltoisin mukavaa ja hy\u00f6dyllist\u00e4 ajankulua.<\/p>\n<h2>Johtokunta 2026<\/h2>\n<p>Olavi Laaksonen, puheenjohtaja<br \/>\nRaija Hituri, sihteeri<br \/>\nMirjam Haavisto, rahastonhoitaja<br \/>\nSanna Pohjanheimo, varapuheenjohtaja<\/p>\n<p>Juhani Lehtinen, lukut. hoit<\/p>\n<p>Juha Pirhonen<\/p>\n<p>Nana Rand<\/p>\n<p>Kauko Siuko<\/p>\n<p>Johanna Toivo<\/p>\n<!-- AddThis Advanced Settings generic via filter on the_content --><!-- AddThis Share Buttons generic via filter on the_content -->","protected":false},"excerpt":{"rendered":"<p>Kiimaj\u00e4rven kyl\u00e4seura rekister\u00f6itiin v. 1993. Sen toimialueeseen kuuluvat Kiimaj\u00e4rven, Leikkuun, Vakkalan ja Haapaniemen kyl\u00e4t sek\u00e4 lis\u00e4ksi Koppalaisenmaa ja Hirvisuonmaa. Alueen el\u00e4m\u00e4nmenosta ja asukkaista on julkaistu historiikki, jota on myyt\u00e4v\u00e4n\u00e4 20 euron hintaan. Kyl\u00e4toiminta keskittyy vanhan Kiimaj\u00e4rven koulun ymp\u00e4rille. Kyl\u00e4l\u00e4iset ovat p\u00e4\u00e4asiassa talkoovoimin kunnostaneet vanhan koulurakennuksen kokoontumis- ja juhlapaikaksi. Koulua kutsutaan Kiimaj\u00e4rven kyl\u00e4taloksi. Kyl\u00e4taloa vuokrataan yksityisille [&hellip;]<!-- AddThis Advanced Settings generic via filter on wp_trim_excerpt --><!-- AddThis Share Buttons generic via filter on wp_trim_excerpt --><\/p>\n","protected":false},"author":10,"featured_media":0,"parent":0,"menu_order":0,"comment_status":"closed","ping_status":"closed","template":"","meta":{"jetpack_post_was_ever_published":false,"footnotes":""},"class_list":["post-25","page","type-page","status-publish","hentry"],"aioseo_notices":[],"jetpack_sharing_enabled":true,"jetpack_likes_enabled":true,"_links":{"self":[{"href":"https:\/\/www.sastamalankylat.fi\/kiimajarvi\/wp-json\/wp\/v2\/pages\/25","targetHints":{"allow":["GET"]}}],"collection":[{"href":"https:\/\/www.sastamalankylat.fi\/kiimajarvi\/wp-json\/wp\/v2\/pages"}],"about":[{"href":"https:\/\/www.sastamalankylat.fi\/kiimajarvi\/wp-json\/wp\/v2\/types\/page"}],"author":[{"embeddable":true,"href":"https:\/\/www.sastamalankylat.fi\/kiimajarvi\/wp-json\/wp\/v2\/users\/10"}],"replies":[{"embeddable":true,"href":"https:\/\/www.sastamalankylat.fi\/kiimajarvi\/wp-json\/wp\/v2\/comments?post=25"}],"version-history":[{"count":12,"href":"https:\/\/www.sastamalankylat.fi\/kiimajarvi\/wp-json\/wp\/v2\/pages\/25\/revisions"}],"predecessor-version":[{"id":517,"href":"https:\/\/www.sastamalankylat.fi\/kiimajarvi\/wp-json\/wp\/v2\/pages\/25\/revisions\/517"}],"wp:attachment":[{"href":"https:\/\/www.sastamalankylat.fi\/kiimajarvi\/wp-json\/wp\/v2\/media?parent=25"}],"curies":[{"name":"wp","href":"https:\/\/api.w.org\/{rel}","templated":true}]}}