{"id":48,"date":"2013-10-18T13:31:53","date_gmt":"2013-10-18T10:31:53","guid":{"rendered":"http:\/\/www.sastamalankylat.fi\/kiikka\/?page_id=48"},"modified":"2025-02-19T14:26:15","modified_gmt":"2025-02-19T12:26:15","slug":"yhteystiedot","status":"publish","type":"page","link":"https:\/\/www.sastamalankylat.fi\/kiikka\/yhteystiedot\/","title":{"rendered":"Yhteystiedot"},"content":{"rendered":"<p><strong> Kyl\u00e4toimisto ja kudonta-asema<\/strong><br \/>\nMeijerinahde 1<br \/>\n38300 Kiikka<\/p>\n<p><strong>Postiosoite<\/strong><br \/>\nKiikan kyl\u00e4seura ry.<br \/>\nMeijerinahde 1<br \/>\n38300 KIIKKA<\/p>\n<h2>Yhteyshenkil\u00f6t<\/h2>\n<p><strong>Helena Hemil\u00e4<\/strong><br \/>\npuheenjohtaja<br \/>\nPuhelin: 040 0655 606<br \/>\nS\u00e4hk\u00f6posti: hennahemila@gmail.com<\/p>\n<p><strong>Ritva Alakoski<\/strong><br \/>\nvarapuheenjohtaja<br \/>\nPuhelin: 041 445 8148<\/p>\n<p><strong>Maria Kesti<\/strong><br \/>\nsihteeri<br \/>\nPuhelin: 050 357 9993<br \/>\nS\u00e4hk\u00f6posti: kesti.maria@gmail.com<\/p>\n<p><strong>Tuire Kaukonen<\/strong><br \/>\nrahastonhoitaja<br \/>\nPuhelin: 050 5756408<br \/>\nS\u00e4hk\u00f6posti: kaukonen.unto@kopteri.net<\/p>\n<!-- AddThis Advanced Settings generic via filter on the_content --><!-- AddThis Share Buttons generic via filter on the_content -->","protected":false},"excerpt":{"rendered":"<p>Kyl\u00e4toimisto ja kudonta-asema Meijerinahde 1 38300 Kiikka Postiosoite Kiikan kyl\u00e4seura ry. Meijerinahde 1 38300 KIIKKA Yhteyshenkil\u00f6t Helena Hemil\u00e4 puheenjohtaja Puhelin: 040 0655 606 S\u00e4hk\u00f6posti: hennahemila@gmail.com Ritva Alakoski varapuheenjohtaja Puhelin: 041 445 8148 Maria Kesti sihteeri Puhelin: 050 357 9993 S\u00e4hk\u00f6posti: kesti.maria@gmail.com Tuire Kaukonen rahastonhoitaja Puhelin: 050 5756408 S\u00e4hk\u00f6posti: kaukonen.unto@kopteri.net<!-- AddThis Advanced Settings generic via filter on wp_trim_excerpt --><!-- AddThis Share Buttons generic via filter on wp_trim_excerpt --><\/p>\n","protected":false},"author":1,"featured_media":0,"parent":0,"menu_order":0,"comment_status":"closed","ping_status":"open","template":"","meta":{"jetpack_post_was_ever_published":false,"footnotes":""},"class_list":["post-48","page","type-page","status-publish","hentry"],"aioseo_notices":[],"jetpack_shortlink":"https:\/\/wp.me\/P41vbJ-M","jetpack_sharing_enabled":true,"_links":{"self":[{"href":"https:\/\/www.sastamalankylat.fi\/kiikka\/wp-json\/wp\/v2\/pages\/48","targetHints":{"allow":["GET"]}}],"collection":[{"href":"https:\/\/www.sastamalankylat.fi\/kiikka\/wp-json\/wp\/v2\/pages"}],"about":[{"href":"https:\/\/www.sastamalankylat.fi\/kiikka\/wp-json\/wp\/v2\/types\/page"}],"author":[{"embeddable":true,"href":"https:\/\/www.sastamalankylat.fi\/kiikka\/wp-json\/wp\/v2\/users\/1"}],"replies":[{"embeddable":true,"href":"https:\/\/www.sastamalankylat.fi\/kiikka\/wp-json\/wp\/v2\/comments?post=48"}],"version-history":[{"count":7,"href":"https:\/\/www.sastamalankylat.fi\/kiikka\/wp-json\/wp\/v2\/pages\/48\/revisions"}],"predecessor-version":[{"id":129165,"href":"https:\/\/www.sastamalankylat.fi\/kiikka\/wp-json\/wp\/v2\/pages\/48\/revisions\/129165"}],"wp:attachment":[{"href":"https:\/\/www.sastamalankylat.fi\/kiikka\/wp-json\/wp\/v2\/media?parent=48"}],"curies":[{"name":"wp","href":"https:\/\/api.w.org\/{rel}","templated":true}]}}