{"id":35,"date":"2013-10-18T13:15:20","date_gmt":"2013-10-18T10:15:20","guid":{"rendered":"http:\/\/www.sastamalankylat.fi\/kiikka\/?page_id=35"},"modified":"2021-03-17T16:06:03","modified_gmt":"2021-03-17T14:06:03","slug":"palveluhakemisto","status":"publish","type":"page","link":"https:\/\/www.sastamalankylat.fi\/kiikka\/palvelut\/palveluhakemisto\/","title":{"rendered":"Palveluhakemisto"},"content":{"rendered":"<h2>Maanrakennus<\/h2>\n<p>MAANRAKENNUS TAPIO JA TIMO TIENSUU<br \/>\nmaanrakennus ja sora ja mursketoimituksia<br \/>\nOsoite: Murrontie 2, 38300 SASTAMALA<br \/>\nPuhelin: 0400 335 977 , 0400 731 841<\/p>\n<h2>S\u00e4hk\u00f6ty\u00f6t<\/h2>\n<p>S\u00c4HK\u00d6PALVELU PERTTI TIKKA<br \/>\ns\u00e4hk\u00f6asennukset<br \/>\nOsoite: Kikkerl\u00e4ntie 137, 38300 SASTAMALA<br \/>\nPuhelin: 03\u2013513 5981 , 0400 797 480<br \/>\nS\u00e4hk\u00f6posti: pertti.tikka@kopteri.net<\/p>\n<h2>Kampaamot, kauneudenhoito<\/h2>\n<p>KAUNEUSHOITOLA &amp; PARTURI-KAMPAAMO TAINA<br \/>\nkasvo-, jalka- ja k\u00e4sihoidot, meikkaukset, hiusten leikkaukset, v\u00e4rit, permanentit, hoidot\u2026 korvien rei\u00b4itykset<br \/>\nFeelmax varpikkaat<br \/>\nOsoite: Kiikkap\u00e4\u00e4ntie 57, 38300 SASTAMALA<br \/>\nPuhelin: 03\u2013513 6066<br \/>\nS\u00e4hk\u00f6posti: taina.koskinen@kopteri.net<\/p>\n<p>TERTTU P\u00c4RSSINEN<br \/>\nParturi \u2013 Kampaamo Terttu P\u00e4rssinen<br \/>\nOsoite: Ahotie 1 , 38300 SASTAMALA<br \/>\nPuhelin: 03\u2013513 5568<\/p>\n<p>PARTURI-KAMPAAMO HIUSKULMA Paula Helenius<br \/>\nhiuspalvelut<br \/>\nOsoite: Pehtoorinpolku 5, 38300 SASTAMALA<br \/>\nPuhelin: 03-513 5334<\/p>\n<p>PARTURI-KAMPAAMO Heidi Lehtoranta<br \/>\nL\u00e4nsitie 1<br \/>\n38300 SASTAMALA<br \/>\nPuhelin: 03-513 6091<\/p>\n<h2>Nahkaty\u00f6t<\/h2>\n<p>OTTO OJANSIVU OY<br \/>\nnahkaiset mainos- ja liikelahjat, PR-tuotteet<br \/>\n&#8211; OTTO-nahkatuotteet vuodesta 1967<br \/>\nOsoite: Horilantie 5, 38300 KIIKKA<br \/>\nPuhelin: 03\u2013513 5363<br \/>\nFax: 03\u2013513 6136<br \/>\nS\u00e4hk\u00f6posti: myynti@ottoojansivu.fi<br \/>\nKotisivu: www.ottoojansivu.fi<\/p>\n<p>LAUKKUTY\u00d6 KAUKO SIRONEN<br \/>\nlaukkujen, salkkujen yms. valmistus<br \/>\nOsoite: Sarkiantie 235, 38300 KIIKKA<br \/>\nPuhelin: 03-513 5546, 050 377 1770<\/p>\n<h2>Taksit<\/h2>\n<p>T:MI TUOMIS-TAKSI<br \/>\ntaksipalvelua<br \/>\nOsoite: Hailantanhua 23, 38300 Sastamala<br \/>\nPuhelin: 03\u2013513 5288 , 050 512 1669, 050 358 1328<\/p>\n<h2>Autokorjaamot<\/h2>\n<p>Kone ja Kari<br \/>\nOtavantie 4<br \/>\n38300 Sastamala<br \/>\nPuhelin: 040 536 8299<br \/>\nkone.ja.kari@gmail.com<\/p>\n<p>&nbsp;<\/p>\n<!-- AddThis Advanced Settings generic via filter on the_content --><!-- AddThis Share Buttons generic via filter on the_content -->","protected":false},"excerpt":{"rendered":"<p>Maanrakennus MAANRAKENNUS TAPIO JA TIMO TIENSUU maanrakennus ja sora ja mursketoimituksia Osoite: Murrontie 2, 38300 SASTAMALA Puhelin: 0400 335 977 , 0400 731 841 S\u00e4hk\u00f6ty\u00f6t S\u00c4HK\u00d6PALVELU PERTTI TIKKA s\u00e4hk\u00f6asennukset Osoite: Kikkerl\u00e4ntie 137, 38300 SASTAMALA Puhelin: 03\u2013513 5981 , 0400 797 480 S\u00e4hk\u00f6posti: pertti.tikka@kopteri.net Kampaamot, kauneudenhoito KAUNEUSHOITOLA &amp; PARTURI-KAMPAAMO TAINA kasvo-, jalka- ja k\u00e4sihoidot, meikkaukset, hiusten [&hellip;]<!-- AddThis Advanced Settings generic via filter on wp_trim_excerpt --><!-- AddThis Share Buttons generic via filter on wp_trim_excerpt --><\/p>\n","protected":false},"author":1,"featured_media":0,"parent":32,"menu_order":0,"comment_status":"closed","ping_status":"open","template":"","meta":{"jetpack_post_was_ever_published":false,"footnotes":""},"class_list":["post-35","page","type-page","status-publish","hentry"],"aioseo_notices":[],"jetpack_shortlink":"https:\/\/wp.me\/P41vbJ-z","jetpack_sharing_enabled":true,"_links":{"self":[{"href":"https:\/\/www.sastamalankylat.fi\/kiikka\/wp-json\/wp\/v2\/pages\/35","targetHints":{"allow":["GET"]}}],"collection":[{"href":"https:\/\/www.sastamalankylat.fi\/kiikka\/wp-json\/wp\/v2\/pages"}],"about":[{"href":"https:\/\/www.sastamalankylat.fi\/kiikka\/wp-json\/wp\/v2\/types\/page"}],"author":[{"embeddable":true,"href":"https:\/\/www.sastamalankylat.fi\/kiikka\/wp-json\/wp\/v2\/users\/1"}],"replies":[{"embeddable":true,"href":"https:\/\/www.sastamalankylat.fi\/kiikka\/wp-json\/wp\/v2\/comments?post=35"}],"version-history":[{"count":7,"href":"https:\/\/www.sastamalankylat.fi\/kiikka\/wp-json\/wp\/v2\/pages\/35\/revisions"}],"predecessor-version":[{"id":129156,"href":"https:\/\/www.sastamalankylat.fi\/kiikka\/wp-json\/wp\/v2\/pages\/35\/revisions\/129156"}],"up":[{"embeddable":true,"href":"https:\/\/www.sastamalankylat.fi\/kiikka\/wp-json\/wp\/v2\/pages\/32"}],"wp:attachment":[{"href":"https:\/\/www.sastamalankylat.fi\/kiikka\/wp-json\/wp\/v2\/media?parent=35"}],"curies":[{"name":"wp","href":"https:\/\/api.w.org\/{rel}","templated":true}]}}