{"id":32,"date":"2013-10-18T12:58:16","date_gmt":"2013-10-18T09:58:16","guid":{"rendered":"http:\/\/www.sastamalankylat.fi\/kiikka\/?page_id=32"},"modified":"2021-03-14T13:38:14","modified_gmt":"2021-03-14T11:38:14","slug":"palvelut","status":"publish","type":"page","link":"https:\/\/www.sastamalankylat.fi\/kiikka\/palvelut\/","title":{"rendered":"Palvelut"},"content":{"rendered":"<p><strong>Palveluita Kiikassa<\/strong><\/p>\n<p>peruskoulu<br \/>\nlukio<br \/>\nkirjasto<br \/>\np\u00e4ivitt\u00e4istavarakauppa<br \/>\napteekki<br \/>\nkirkko<br \/>\nseurakuntatalo<br \/>\nurheilukentt\u00e4 ja valaistu pururata, sek\u00e4 kuntoportaat<br \/>\nkudonta-asema<br \/>\nkyl\u00e4toimisto<\/p>\n<!-- AddThis Advanced Settings generic via filter on the_content --><!-- AddThis Share Buttons generic via filter on the_content -->","protected":false},"excerpt":{"rendered":"<p>Palveluita Kiikassa peruskoulu lukio kirjasto p\u00e4ivitt\u00e4istavarakauppa apteekki kirkko seurakuntatalo urheilukentt\u00e4 ja valaistu pururata, sek\u00e4 kuntoportaat kudonta-asema kyl\u00e4toimisto<!-- AddThis Advanced Settings generic via filter on wp_trim_excerpt --><!-- AddThis Share Buttons generic via filter on wp_trim_excerpt --><\/p>\n","protected":false},"author":1,"featured_media":0,"parent":0,"menu_order":0,"comment_status":"closed","ping_status":"open","template":"","meta":{"jetpack_post_was_ever_published":false,"footnotes":""},"class_list":["post-32","page","type-page","status-publish","hentry"],"aioseo_notices":[],"jetpack_shortlink":"https:\/\/wp.me\/P41vbJ-w","jetpack_sharing_enabled":true,"_links":{"self":[{"href":"https:\/\/www.sastamalankylat.fi\/kiikka\/wp-json\/wp\/v2\/pages\/32","targetHints":{"allow":["GET"]}}],"collection":[{"href":"https:\/\/www.sastamalankylat.fi\/kiikka\/wp-json\/wp\/v2\/pages"}],"about":[{"href":"https:\/\/www.sastamalankylat.fi\/kiikka\/wp-json\/wp\/v2\/types\/page"}],"author":[{"embeddable":true,"href":"https:\/\/www.sastamalankylat.fi\/kiikka\/wp-json\/wp\/v2\/users\/1"}],"replies":[{"embeddable":true,"href":"https:\/\/www.sastamalankylat.fi\/kiikka\/wp-json\/wp\/v2\/comments?post=32"}],"version-history":[{"count":5,"href":"https:\/\/www.sastamalankylat.fi\/kiikka\/wp-json\/wp\/v2\/pages\/32\/revisions"}],"predecessor-version":[{"id":129152,"href":"https:\/\/www.sastamalankylat.fi\/kiikka\/wp-json\/wp\/v2\/pages\/32\/revisions\/129152"}],"wp:attachment":[{"href":"https:\/\/www.sastamalankylat.fi\/kiikka\/wp-json\/wp\/v2\/media?parent=32"}],"curies":[{"name":"wp","href":"https:\/\/api.w.org\/{rel}","templated":true}]}}