{"id":7,"date":"2013-11-05T09:48:02","date_gmt":"2013-11-05T07:48:02","guid":{"rendered":"http:\/\/www.sastamalankylat.fi\/kiikan-jokisivu\/?page_id=7"},"modified":"2026-02-23T20:35:32","modified_gmt":"2026-02-23T18:35:32","slug":"ajankohtaista","status":"publish","type":"page","link":"https:\/\/www.sastamalankylat.fi\/kiikan-jokisivu\/ajankohtaista\/","title":{"rendered":"Ajankohtaista"},"content":{"rendered":"<h4><strong>KEV\u00c4TKOKOUS 2026<\/strong> Lauttapirtill\u00e4 sunnuntaina 15.3 klo 15.00-&gt; K\u00e4sitell\u00e4\u00e4n s\u00e4\u00e4nt\u00f6m\u00e4\u00e4r\u00e4iset asiat Kahvitarjoilu, Tervetuloa<\/h4>\n<p><span style=\"color: #333333\"><strong>HUOMIO!!<\/strong> Lauttapirtill\u00e4 tarvittaisiin kahvilak\u00e4ytt\u00f6\u00f6n pient\u00e4 ty\u00f6tasokorkuista kaappipakastinta. Jos nurkistasi l\u00f6ytyy joutilas, niin ottaisimme mielell\u00e4mme sen koko kyl\u00e4l\u00e4isten hy\u00f6dyksi k\u00e4ytt\u00f6\u00f6n.\u00a0<\/span><\/p>\n<p>&nbsp;<\/p>\n<p>&nbsp;<\/p>\n<p>&nbsp;<\/p>\n<!-- AddThis Advanced Settings generic via filter on the_content --><!-- AddThis Share Buttons generic via filter on the_content -->","protected":false},"excerpt":{"rendered":"<p>KEV\u00c4TKOKOUS 2026 Lauttapirtill\u00e4 sunnuntaina 15.3 klo 15.00-&gt; K\u00e4sitell\u00e4\u00e4n s\u00e4\u00e4nt\u00f6m\u00e4\u00e4r\u00e4iset asiat Kahvitarjoilu, Tervetuloa HUOMIO!! Lauttapirtill\u00e4 tarvittaisiin kahvilak\u00e4ytt\u00f6\u00f6n pient\u00e4 ty\u00f6tasokorkuista kaappipakastinta. Jos nurkistasi l\u00f6ytyy joutilas, niin ottaisimme mielell\u00e4mme sen koko kyl\u00e4l\u00e4isten hy\u00f6dyksi k\u00e4ytt\u00f6\u00f6n.\u00a0 &nbsp; &nbsp; &nbsp;<!-- AddThis Advanced Settings generic via filter on wp_trim_excerpt --><!-- AddThis Share Buttons generic via filter on wp_trim_excerpt --><\/p>\n","protected":false},"author":20,"featured_media":0,"parent":0,"menu_order":0,"comment_status":"closed","ping_status":"closed","template":"","meta":{"footnotes":""},"class_list":["post-7","page","type-page","status-publish","hentry"],"aioseo_notices":[],"jetpack_sharing_enabled":true,"_links":{"self":[{"href":"https:\/\/www.sastamalankylat.fi\/kiikan-jokisivu\/wp-json\/wp\/v2\/pages\/7","targetHints":{"allow":["GET"]}}],"collection":[{"href":"https:\/\/www.sastamalankylat.fi\/kiikan-jokisivu\/wp-json\/wp\/v2\/pages"}],"about":[{"href":"https:\/\/www.sastamalankylat.fi\/kiikan-jokisivu\/wp-json\/wp\/v2\/types\/page"}],"author":[{"embeddable":true,"href":"https:\/\/www.sastamalankylat.fi\/kiikan-jokisivu\/wp-json\/wp\/v2\/users\/20"}],"replies":[{"embeddable":true,"href":"https:\/\/www.sastamalankylat.fi\/kiikan-jokisivu\/wp-json\/wp\/v2\/comments?post=7"}],"version-history":[{"count":31,"href":"https:\/\/www.sastamalankylat.fi\/kiikan-jokisivu\/wp-json\/wp\/v2\/pages\/7\/revisions"}],"predecessor-version":[{"id":316,"href":"https:\/\/www.sastamalankylat.fi\/kiikan-jokisivu\/wp-json\/wp\/v2\/pages\/7\/revisions\/316"}],"wp:attachment":[{"href":"https:\/\/www.sastamalankylat.fi\/kiikan-jokisivu\/wp-json\/wp\/v2\/media?parent=7"}],"curies":[{"name":"wp","href":"https:\/\/api.w.org\/{rel}","templated":true}]}}