{"id":58,"date":"2015-04-07T17:41:07","date_gmt":"2015-04-07T14:41:07","guid":{"rendered":"http:\/\/www.sastamalankylat.fi\/kiikan-jokisivu\/?page_id=58"},"modified":"2026-02-23T20:36:01","modified_gmt":"2026-02-23T18:36:01","slug":"jasenmaksu-2017","status":"publish","type":"page","link":"https:\/\/www.sastamalankylat.fi\/kiikan-jokisivu\/jasenmaksu-2017\/","title":{"rendered":"J\u00e4senmaksu"},"content":{"rendered":"<p>Kiikan Jokisivun kyl\u00e4seuran ry:n j\u00e4senmaksu 2026 on aikuisilta 10 euroa ja lapsilta 3 euroa. Kannatusj\u00e4senmaksu 15\u20ac.<\/p>\n<p><strong>Tilinumerot: OP FI47 5145 0340 0096 74\u00a0 <\/strong><\/p>\n<p><strong>Viite: 20242<\/strong><\/p>\n<p>Maksamalla j\u00e4senmaksun mahdollistat toiminnan kyl\u00e4ll\u00e4. Tervetuloa mukaan tapahtumiin ja toimintaan.<\/p>\n<p>&nbsp;<\/p>\n<p>&nbsp;<\/p>\n<!-- AddThis Advanced Settings generic via filter on the_content --><!-- AddThis Share Buttons generic via filter on the_content -->","protected":false},"excerpt":{"rendered":"<p>Kiikan Jokisivun kyl\u00e4seuran ry:n j\u00e4senmaksu 2026 on aikuisilta 10 euroa ja lapsilta 3 euroa. Kannatusj\u00e4senmaksu 15\u20ac. Tilinumerot: OP FI47 5145 0340 0096 74\u00a0 Viite: 20242 Maksamalla j\u00e4senmaksun mahdollistat toiminnan kyl\u00e4ll\u00e4. Tervetuloa mukaan tapahtumiin ja toimintaan. &nbsp; &nbsp;<!-- AddThis Advanced Settings generic via filter on wp_trim_excerpt --><!-- AddThis Share Buttons generic via filter on wp_trim_excerpt --><\/p>\n","protected":false},"author":20,"featured_media":0,"parent":0,"menu_order":0,"comment_status":"closed","ping_status":"closed","template":"","meta":{"footnotes":""},"class_list":["post-58","page","type-page","status-publish","hentry"],"aioseo_notices":[],"jetpack_sharing_enabled":true,"_links":{"self":[{"href":"https:\/\/www.sastamalankylat.fi\/kiikan-jokisivu\/wp-json\/wp\/v2\/pages\/58","targetHints":{"allow":["GET"]}}],"collection":[{"href":"https:\/\/www.sastamalankylat.fi\/kiikan-jokisivu\/wp-json\/wp\/v2\/pages"}],"about":[{"href":"https:\/\/www.sastamalankylat.fi\/kiikan-jokisivu\/wp-json\/wp\/v2\/types\/page"}],"author":[{"embeddable":true,"href":"https:\/\/www.sastamalankylat.fi\/kiikan-jokisivu\/wp-json\/wp\/v2\/users\/20"}],"replies":[{"embeddable":true,"href":"https:\/\/www.sastamalankylat.fi\/kiikan-jokisivu\/wp-json\/wp\/v2\/comments?post=58"}],"version-history":[{"count":11,"href":"https:\/\/www.sastamalankylat.fi\/kiikan-jokisivu\/wp-json\/wp\/v2\/pages\/58\/revisions"}],"predecessor-version":[{"id":317,"href":"https:\/\/www.sastamalankylat.fi\/kiikan-jokisivu\/wp-json\/wp\/v2\/pages\/58\/revisions\/317"}],"wp:attachment":[{"href":"https:\/\/www.sastamalankylat.fi\/kiikan-jokisivu\/wp-json\/wp\/v2\/media?parent=58"}],"curies":[{"name":"wp","href":"https:\/\/api.w.org\/{rel}","templated":true}]}}