{"id":2,"date":"2013-11-04T16:12:12","date_gmt":"2013-11-04T14:12:12","guid":{"rendered":"http:\/\/www.sastamalankylat.fi\/kiikan-jokisivu\/?page_id=2"},"modified":"2026-02-23T20:46:42","modified_gmt":"2026-02-23T18:46:42","slug":"yhteystietoja","status":"publish","type":"page","link":"https:\/\/www.sastamalankylat.fi\/kiikan-jokisivu\/yhteystietoja\/","title":{"rendered":"Yhteystietoja"},"content":{"rendered":"<p>Lauttapirtti: Sarkiantie 23, 38300 SASTAMALA<\/p>\r\n<p>S\u00e4hk\u00f6postiosoite:\u00a0<a href=\"mailto:kiikanjokisivukylaseura@gmail.com\"><span class=\"qu\" role=\"gridcell\"><span class=\"go\">kiikanjokisivukylaseura@gmail.com<\/span><\/span><\/a><\/p>\r\n<p>Puheenjohtaja: Hannele Arjasalo 040-753 6141<\/p>\r\n<p><span style=\"color: #333333\">Lauttapirtin Is\u00e4nt\u00e4 ja kunniaj\u00e4sen: Esko Rintala 0400-731 787<\/span><\/p>\r\n<p>&nbsp;<\/p>\r\n<p>&nbsp;<\/p>\n<!-- AddThis Advanced Settings generic via filter on the_content --><!-- AddThis Share Buttons generic via filter on the_content -->","protected":false},"excerpt":{"rendered":"<p>Lauttapirtti: Sarkiantie 23, 38300 SASTAMALA S\u00e4hk\u00f6postiosoite:\u00a0kiikanjokisivukylaseura@gmail.com Puheenjohtaja: Hannele Arjasalo 040-753 6141 Lauttapirtin Is\u00e4nt\u00e4 ja kunniaj\u00e4sen: Esko Rintala 0400-731 787 &nbsp;<!-- AddThis Advanced Settings generic via filter on wp_trim_excerpt --><!-- AddThis Share Buttons generic via filter on wp_trim_excerpt --><\/p>\n","protected":false},"author":20,"featured_media":0,"parent":0,"menu_order":0,"comment_status":"closed","ping_status":"closed","template":"","meta":{"footnotes":""},"class_list":["post-2","page","type-page","status-publish","hentry"],"aioseo_notices":[],"jetpack_sharing_enabled":true,"_links":{"self":[{"href":"https:\/\/www.sastamalankylat.fi\/kiikan-jokisivu\/wp-json\/wp\/v2\/pages\/2","targetHints":{"allow":["GET"]}}],"collection":[{"href":"https:\/\/www.sastamalankylat.fi\/kiikan-jokisivu\/wp-json\/wp\/v2\/pages"}],"about":[{"href":"https:\/\/www.sastamalankylat.fi\/kiikan-jokisivu\/wp-json\/wp\/v2\/types\/page"}],"author":[{"embeddable":true,"href":"https:\/\/www.sastamalankylat.fi\/kiikan-jokisivu\/wp-json\/wp\/v2\/users\/20"}],"replies":[{"embeddable":true,"href":"https:\/\/www.sastamalankylat.fi\/kiikan-jokisivu\/wp-json\/wp\/v2\/comments?post=2"}],"version-history":[{"count":11,"href":"https:\/\/www.sastamalankylat.fi\/kiikan-jokisivu\/wp-json\/wp\/v2\/pages\/2\/revisions"}],"predecessor-version":[{"id":322,"href":"https:\/\/www.sastamalankylat.fi\/kiikan-jokisivu\/wp-json\/wp\/v2\/pages\/2\/revisions\/322"}],"wp:attachment":[{"href":"https:\/\/www.sastamalankylat.fi\/kiikan-jokisivu\/wp-json\/wp\/v2\/media?parent=2"}],"curies":[{"name":"wp","href":"https:\/\/api.w.org\/{rel}","templated":true}]}}