{"id":10,"date":"2013-11-05T15:22:10","date_gmt":"2013-11-05T13:22:10","guid":{"rendered":"http:\/\/www.sastamalankylat.fi\/kiikan-jokisivu\/?page_id=10"},"modified":"2026-02-23T20:45:18","modified_gmt":"2026-02-23T18:45:18","slug":"lauttapirtin-toiminta","status":"publish","type":"page","link":"https:\/\/www.sastamalankylat.fi\/kiikan-jokisivu\/lauttapirtin-toiminta\/","title":{"rendered":"Lauttapirtti"},"content":{"rendered":"<p><a href=\"http:\/\/www.sastamalankylat.fi\/kiikan-jokisivu\/wp-content\/uploads\/sites\/16\/2024\/07\/kesakuva2.jpg\"><img loading=\"lazy\" decoding=\"async\" class=\"alignnone size-medium wp-image-239\" src=\"http:\/\/www.sastamalankylat.fi\/kiikan-jokisivu\/wp-content\/uploads\/sites\/16\/2024\/07\/kesakuva2-300x138.jpg\" alt=\"\" width=\"300\" height=\"138\" srcset=\"https:\/\/www.sastamalankylat.fi\/kiikan-jokisivu\/wp-content\/uploads\/sites\/16\/2024\/07\/kesakuva2-300x138.jpg 300w, https:\/\/www.sastamalankylat.fi\/kiikan-jokisivu\/wp-content\/uploads\/sites\/16\/2024\/07\/kesakuva2-1024x472.jpg 1024w, https:\/\/www.sastamalankylat.fi\/kiikan-jokisivu\/wp-content\/uploads\/sites\/16\/2024\/07\/kesakuva2-768x354.jpg 768w, https:\/\/www.sastamalankylat.fi\/kiikan-jokisivu\/wp-content\/uploads\/sites\/16\/2024\/07\/kesakuva2-1536x708.jpg 1536w, https:\/\/www.sastamalankylat.fi\/kiikan-jokisivu\/wp-content\/uploads\/sites\/16\/2024\/07\/kesakuva2-624x288.jpg 624w, https:\/\/www.sastamalankylat.fi\/kiikan-jokisivu\/wp-content\/uploads\/sites\/16\/2024\/07\/kesakuva2.jpg 2000w\" sizes=\"auto, (max-width: 300px) 100vw, 300px\" \/><\/a><\/p>\n<p>Kyl\u00e4seuran kokoontumispaikkana toimii Lauttapirtti osoitteessa:<\/p>\n<p>Sarkiantie 23, 38300 Sastamala (Kiikka).<\/p>\n<p>Lauttapirtti on entinen lossivahdin talo.\u00a0<span style=\"font-size: 1rem\">Lauttapirtti sijaitsee kauniin Kokem\u00e4enjoen rantamaisemissa.<\/span><span style=\"font-size: 1rem\">\u00a0<\/span><span style=\"font-size: 1rem\">Mukavuudet ovat vaatimattomat: s\u00e4hk\u00f6, keittomahdollisuus, juokseva kunnanvesi ja 2 ulko wc:t\u00e4. Lauttapirtill\u00e4 on j\u00e4rjestetty tansseja, rippijuhlia, ylioppilasjuhlia yms. tapahtumia. <\/span><\/p>\n<p><span style=\"font-size: 1rem\">Lauttapirtti\u00e4 ja sen ymp\u00e4rist\u00f6\u00e4 kohennetaan j\u00e4senten voimavaroin. Kes\u00e4ll\u00e4 2024 kes\u00e4ty\u00f6ntekij\u00e4 maalasi pirtin perinteisen punaiseksi vanhan maalikerroksen jo ollessa haalistunut. Kes\u00e4ll\u00e4 lauttapirtti toimii kyl\u00e4n ja muidenkin olohuoneena aina maanantaisen kes\u00e4kahvilan ollessa avoinna. My\u00f6s rantaa uudistettiin kes\u00e4ll\u00e4 2024 talkoolaisten, kaivurin ja runsaan hiekkakuorman kera.\u00a0<\/span><\/p>\n<p>Lauttapirtti sai uuden upean katon kes\u00e4ll\u00e4 2024, johon my\u00f6nnettiin EU:n maaseuturahoitusta. Tuen avulla rakennettiin kes\u00e4ll\u00e4 2025 Lauttapirttiin my\u00f6s kompostoiva sis\u00e4-wc ja invaramppi parantamaan pirtin esteett\u00f6myytt\u00e4.<\/p>\n<div id=\"attachment_282\" style=\"width: 216px\" class=\"wp-caption alignnone\"><a href=\"http:\/\/www.sastamalankylat.fi\/kiikan-jokisivu\/wp-content\/uploads\/sites\/16\/2025\/03\/joutsentenreitti-scaled.jpg\"><img loading=\"lazy\" decoding=\"async\" aria-describedby=\"caption-attachment-282\" class=\"size-medium wp-image-282\" src=\"http:\/\/www.sastamalankylat.fi\/kiikan-jokisivu\/wp-content\/uploads\/sites\/16\/2025\/03\/joutsentenreitti-206x300.jpg\" alt=\"\" width=\"206\" height=\"300\" srcset=\"https:\/\/www.sastamalankylat.fi\/kiikan-jokisivu\/wp-content\/uploads\/sites\/16\/2025\/03\/joutsentenreitti-206x300.jpg 206w, https:\/\/www.sastamalankylat.fi\/kiikan-jokisivu\/wp-content\/uploads\/sites\/16\/2025\/03\/joutsentenreitti-704x1024.jpg 704w, https:\/\/www.sastamalankylat.fi\/kiikan-jokisivu\/wp-content\/uploads\/sites\/16\/2025\/03\/joutsentenreitti-768x1118.jpg 768w, https:\/\/www.sastamalankylat.fi\/kiikan-jokisivu\/wp-content\/uploads\/sites\/16\/2025\/03\/joutsentenreitti-1055x1536.jpg 1055w, https:\/\/www.sastamalankylat.fi\/kiikan-jokisivu\/wp-content\/uploads\/sites\/16\/2025\/03\/joutsentenreitti-1407x2048.jpg 1407w, https:\/\/www.sastamalankylat.fi\/kiikan-jokisivu\/wp-content\/uploads\/sites\/16\/2025\/03\/joutsentenreitti-624x908.jpg 624w, https:\/\/www.sastamalankylat.fi\/kiikan-jokisivu\/wp-content\/uploads\/sites\/16\/2025\/03\/joutsentenreitti-scaled.jpg 1759w\" sizes=\"auto, (max-width: 206px) 100vw, 206px\" \/><\/a><p id=\"caption-attachment-282\" class=\"wp-caption-text\">Oplus_20054016<\/p><\/div>\n<p>Taloa vuokrataan j\u00e4senille 30\u20ac\/kerta ja ei-j\u00e4senille 40\u20ac\/kerta.<\/p>\n<p>Lauttapirttiin mahtuu 27 henke\u00e4 ja pihapiiriss\u00e4 olevaan suuliin 150 henke\u00e4. Astiasto l\u00f6ytyy 50-60 hengelle. Pihapiirist\u00e4 l\u00f6ytyy my\u00f6s aidattu leikkikentt\u00e4!<\/p>\n<p>Lis\u00e4tietoja vuokrauksesta antaa Hannele Arjasalo 040-753 6141<\/p>\n<p>&nbsp;<\/p>\n<p>&nbsp;<\/p>\n<!-- AddThis Advanced Settings generic via filter on the_content --><!-- AddThis Share Buttons generic via filter on the_content -->","protected":false},"excerpt":{"rendered":"<p>Kyl\u00e4seuran kokoontumispaikkana toimii Lauttapirtti osoitteessa: Sarkiantie 23, 38300 Sastamala (Kiikka). Lauttapirtti on entinen lossivahdin talo.\u00a0Lauttapirtti sijaitsee kauniin Kokem\u00e4enjoen rantamaisemissa.\u00a0Mukavuudet ovat vaatimattomat: s\u00e4hk\u00f6, keittomahdollisuus, juokseva kunnanvesi ja 2 ulko wc:t\u00e4. Lauttapirtill\u00e4 on j\u00e4rjestetty tansseja, rippijuhlia, ylioppilasjuhlia yms. tapahtumia. Lauttapirtti\u00e4 ja sen ymp\u00e4rist\u00f6\u00e4 kohennetaan j\u00e4senten voimavaroin. Kes\u00e4ll\u00e4 2024 kes\u00e4ty\u00f6ntekij\u00e4 maalasi pirtin perinteisen punaiseksi vanhan maalikerroksen jo ollessa [&hellip;]<!-- AddThis Advanced Settings generic via filter on wp_trim_excerpt --><!-- AddThis Share Buttons generic via filter on wp_trim_excerpt --><\/p>\n","protected":false},"author":20,"featured_media":0,"parent":0,"menu_order":0,"comment_status":"closed","ping_status":"closed","template":"","meta":{"footnotes":""},"class_list":["post-10","page","type-page","status-publish","hentry"],"aioseo_notices":[],"jetpack_sharing_enabled":true,"_links":{"self":[{"href":"https:\/\/www.sastamalankylat.fi\/kiikan-jokisivu\/wp-json\/wp\/v2\/pages\/10","targetHints":{"allow":["GET"]}}],"collection":[{"href":"https:\/\/www.sastamalankylat.fi\/kiikan-jokisivu\/wp-json\/wp\/v2\/pages"}],"about":[{"href":"https:\/\/www.sastamalankylat.fi\/kiikan-jokisivu\/wp-json\/wp\/v2\/types\/page"}],"author":[{"embeddable":true,"href":"https:\/\/www.sastamalankylat.fi\/kiikan-jokisivu\/wp-json\/wp\/v2\/users\/20"}],"replies":[{"embeddable":true,"href":"https:\/\/www.sastamalankylat.fi\/kiikan-jokisivu\/wp-json\/wp\/v2\/comments?post=10"}],"version-history":[{"count":16,"href":"https:\/\/www.sastamalankylat.fi\/kiikan-jokisivu\/wp-json\/wp\/v2\/pages\/10\/revisions"}],"predecessor-version":[{"id":320,"href":"https:\/\/www.sastamalankylat.fi\/kiikan-jokisivu\/wp-json\/wp\/v2\/pages\/10\/revisions\/320"}],"wp:attachment":[{"href":"https:\/\/www.sastamalankylat.fi\/kiikan-jokisivu\/wp-json\/wp\/v2\/media?parent=10"}],"curies":[{"name":"wp","href":"https:\/\/api.w.org\/{rel}","templated":true}]}}