{"id":64,"date":"2013-09-21T02:42:33","date_gmt":"2013-09-20T23:42:33","guid":{"rendered":"http:\/\/www.sastamalankylat.fi\/keikya\/?page_id=64"},"modified":"2022-06-06T13:26:02","modified_gmt":"2022-06-06T10:26:02","slug":"keikyan-kylaseura","status":"publish","type":"page","link":"https:\/\/www.sastamalankylat.fi\/keikya\/kylayhdistykset\/keikyan-kylaseura\/","title":{"rendered":"Keiky\u00e4n kyl\u00e4seura"},"content":{"rendered":"<p>Keiky\u00e4n kyl\u00e4seura ry:n perustava kokous pidettiin 9.4.1986. Kokouksessa oli paikalla 28 henkil\u00f6\u00e4. Seuran ensimm\u00e4iseksi puheenjohtajaksi valittiin Pekka E. Helenius ja sihteeriksi Elvi J\u00e4rventausta. Seuran merkist\u00e4 j\u00e4rjestettiin kilpailu kaksi vuotta my\u00f6hemmin ja ehdotuksia tuli 18 kappaletta. Valitun merkin tekij\u00e4 on taiteilija Seppo Rusi Tampereelta.<\/p>\n<p>Ennen seuran perustamista alueella oli toiminut kansalaisopiston alaisuudessa kyl\u00e4toimintapiiri parisen vuotta. Kansalaisopiston osana toimiminen ei kuitenkaan mahdollistanut toiminnan py\u00f6ritt\u00e4miseen tarvittavaa omien varojen hankintaa. Niinp\u00e4 itsen\u00e4inen seura oli tarpeen.<\/p>\n<p>Kyl\u00e4seuran ensimm\u00e4iset toimintavuodet olivat eritt\u00e4in vilkkaita, muun muassa perinteisi\u00e4 ty\u00f6tapoja ja menetelmi\u00e4 opetettiin nykynuorille. Alkuvuosina tehtiin saippuaa, punamultamaalia, p\u00e4rekoppia, kylvettin pellavaa ja jalostettiin se aina kankaaksi asti sek\u00e4 tietysti kylvettiin perunaa, josta tehtiin perunajauhoja. Kangaspuujaosto on suunnitellut perinnepuvun, joka nimettiin Keiky\u00e4-puvuksi. Pukuja j\u00e4senet ovat valmistaneet 10-15 kappaletta. Kolmet kangaspuut edelleen k\u00e4yt\u00f6ss\u00e4. Kyl\u00e4seuralla on alusta asti ollut vuokralla kunnalta Keiky\u00e4n koulun rantasauna, sauna ostettiin seuralle 31.12.2008 Saunarannasta onkin tullut seuran yksi t\u00e4rke\u00e4 toimintapiste. Vuonna 1987 seuralaiset rakensivat rantaan grillikatoksen ja my\u00f6hemmin puuliiterin.<\/p>\n<p>Rantasaunaa ovat ahkerimmin k\u00e4ytt\u00e4neet avantouimarit, jotka ovat s\u00e4\u00e4nn\u00f6llisesti pulikoineet saunarannassa vuosina 1988-2010. Sastamalan kaupunki antoi uusia m\u00e4\u00e4r\u00e4yksi\u00e4. Jokeen olisi t\u00e4ytynyt laittaa suojaverkko, jota ei kuitenkaan voitu laittaa virtaavan veden vuoksi. Vuonna 1991 aloitettu naisten jumppa jatkuu my\u00f6s edelleen viikottain Keiky\u00e4n koululla. Vuodesta 1988 Keiky\u00e4n kyl\u00e4seura on muonittanut Satakunnan Kansansoudun osallistujat Keiky\u00e4ss\u00e4, viimeiset vuodet \u00c4ets\u00e4n voimalaitoksen rannassa.<\/p>\n<p>Koko toimintansa ajan Keiky\u00e4n kyl\u00e4seura on ollut aktiivisesti yhteydess\u00e4 kuntaan eri asioissa. Koulun s\u00e4ilytt\u00e4minen kyl\u00e4ll\u00e4 on yksi t\u00e4rkeist\u00e4 asioista. Koululla toimiva sivukirjasto on ollut uhattuna, mik\u00e4 kuitenkin lopetettiin v.2009 loppupuolella. Kunnan ja seuran v\u00e4linen yhteisty\u00f6 on hyv\u00e4ll\u00e4 mallilla ja seuran toiveita on kuunneltu kunnassa kiitett\u00e4v\u00e4sti. Vuoden 2009 alusta yhteisty\u00f6 on jatkunut Sastamalan kaupungin kanssa, my\u00f6s moitteettomasti. Seura on my\u00f6s ollut mukana kunnan ja kaupungin toivomissa toimissa.<\/p>\n<p>Keiky\u00e4n kotiseutumuseo on my\u00f6s kyl\u00e4seuran merkitt\u00e4v\u00e4 yhteisty\u00f6kumppani. Jo seuran s\u00e4\u00e4nn\u00f6iss\u00e4kin mainitaan, ett\u00e4 &#8221;seura tukee museotoimintaa&#8221;. Yhteisty\u00f6 on pelannut vuosien varrella hyvin.<\/p>\n<p><a href=\"https:\/\/i0.wp.com\/www.sastamalankylat.fi\/keikya\/wp-content\/uploads\/sites\/9\/2013\/09\/keiky%C3%A4n-rantasauna.jpg\"><img data-recalc-dims=\"1\" loading=\"lazy\" decoding=\"async\" data-attachment-id=\"94\" data-permalink=\"https:\/\/www.sastamalankylat.fi\/keikya\/kylayhdistykset\/keikyan-kylaseura\/keikyan-rantasauna\/\" data-orig-file=\"https:\/\/i0.wp.com\/www.sastamalankylat.fi\/keikya\/wp-content\/uploads\/sites\/9\/2013\/09\/keiky%C3%A4n-rantasauna.jpg?fit=200%2C150&amp;ssl=1\" data-orig-size=\"200,150\" data-comments-opened=\"0\" data-image-meta=\"{&quot;aperture&quot;:&quot;0&quot;,&quot;credit&quot;:&quot;&quot;,&quot;camera&quot;:&quot;&quot;,&quot;caption&quot;:&quot;&quot;,&quot;created_timestamp&quot;:&quot;0&quot;,&quot;copyright&quot;:&quot;&quot;,&quot;focal_length&quot;:&quot;0&quot;,&quot;iso&quot;:&quot;0&quot;,&quot;shutter_speed&quot;:&quot;0&quot;,&quot;title&quot;:&quot;&quot;}\" data-image-title=\"keiky\u00e4n rantasauna\" data-image-description=\"\" data-image-caption=\"\" data-large-file=\"https:\/\/i0.wp.com\/www.sastamalankylat.fi\/keikya\/wp-content\/uploads\/sites\/9\/2013\/09\/keiky%C3%A4n-rantasauna.jpg?fit=200%2C150&amp;ssl=1\" class=\"size-full wp-image-94 aligncenter\" src=\"https:\/\/i0.wp.com\/www.sastamalankylat.fi\/keikya\/wp-content\/uploads\/sites\/9\/2013\/09\/keiky%C3%A4n-rantasauna.jpg?resize=200%2C150\" alt=\"keiky\u00e4n rantasauna\" width=\"200\" height=\"150\" \/><\/a><\/p>\n<p><a title=\"Johtokunta 2013\" href=\"http:\/\/www.sastamalankylat.fi\/keikya\/kylayhdistykset\/keikyan-kylaseura\/johtokunta-2022\/\">Hallitus 2022<\/a><\/p>\n<!-- AddThis Advanced Settings generic via filter on the_content --><!-- AddThis Share Buttons generic via filter on the_content -->","protected":false},"excerpt":{"rendered":"<p>Keiky\u00e4n kyl\u00e4seura ry:n perustava kokous pidettiin 9.4.1986. Kokouksessa oli paikalla 28 henkil\u00f6\u00e4. Seuran ensimm\u00e4iseksi puheenjohtajaksi valittiin Pekka E. Helenius ja sihteeriksi Elvi J\u00e4rventausta. Seuran merkist\u00e4 j\u00e4rjestettiin kilpailu kaksi vuotta my\u00f6hemmin ja ehdotuksia tuli 18 kappaletta. Valitun merkin tekij\u00e4 on taiteilija Seppo Rusi Tampereelta. Ennen seuran perustamista alueella oli toiminut kansalaisopiston alaisuudessa kyl\u00e4toimintapiiri parisen vuotta. Kansalaisopiston [&hellip;]<!-- AddThis Advanced Settings generic via filter on wp_trim_excerpt --><!-- AddThis Share Buttons generic via filter on wp_trim_excerpt --><\/p>\n","protected":false},"author":11,"featured_media":0,"parent":56,"menu_order":0,"comment_status":"closed","ping_status":"closed","template":"","meta":{"jetpack_post_was_ever_published":false,"footnotes":""},"class_list":["post-64","page","type-page","status-publish","hentry"],"aioseo_notices":[],"jetpack_shortlink":"https:\/\/wp.me\/P7LG8D-12","jetpack_likes_enabled":true,"jetpack-related-posts":[],"jetpack_sharing_enabled":true,"_links":{"self":[{"href":"https:\/\/www.sastamalankylat.fi\/keikya\/wp-json\/wp\/v2\/pages\/64","targetHints":{"allow":["GET"]}}],"collection":[{"href":"https:\/\/www.sastamalankylat.fi\/keikya\/wp-json\/wp\/v2\/pages"}],"about":[{"href":"https:\/\/www.sastamalankylat.fi\/keikya\/wp-json\/wp\/v2\/types\/page"}],"author":[{"embeddable":true,"href":"https:\/\/www.sastamalankylat.fi\/keikya\/wp-json\/wp\/v2\/users\/11"}],"replies":[{"embeddable":true,"href":"https:\/\/www.sastamalankylat.fi\/keikya\/wp-json\/wp\/v2\/comments?post=64"}],"version-history":[{"count":4,"href":"https:\/\/www.sastamalankylat.fi\/keikya\/wp-json\/wp\/v2\/pages\/64\/revisions"}],"predecessor-version":[{"id":1186,"href":"https:\/\/www.sastamalankylat.fi\/keikya\/wp-json\/wp\/v2\/pages\/64\/revisions\/1186"}],"up":[{"embeddable":true,"href":"https:\/\/www.sastamalankylat.fi\/keikya\/wp-json\/wp\/v2\/pages\/56"}],"wp:attachment":[{"href":"https:\/\/www.sastamalankylat.fi\/keikya\/wp-json\/wp\/v2\/media?parent=64"}],"curies":[{"name":"wp","href":"https:\/\/api.w.org\/{rel}","templated":true}]}}