{"id":62,"date":"2013-09-21T02:42:08","date_gmt":"2013-09-20T23:42:08","guid":{"rendered":"http:\/\/www.sastamalankylat.fi\/keikya\/?page_id=62"},"modified":"2013-10-23T00:52:47","modified_gmt":"2013-10-22T21:52:47","slug":"pehulan-kylaseura","status":"publish","type":"page","link":"https:\/\/www.sastamalankylat.fi\/keikya\/kylayhdistykset\/pehulan-kylaseura\/","title":{"rendered":"Pehulan Seudun kyl\u00e4yhdistys"},"content":{"rendered":"<p>Pehulan Seudun Kyl\u00e4yhdistys ry on toiminut vuodesta 2002 l\u00e4htien.\u00a0 Ensimm\u00e4isi\u00e4 tavoitteita on ymp\u00e4rist\u00f6n kaunistaminen ja asukkaiden viihtymisen lis\u00e4\u00e4minen. Yhdistys on rakentanut Patsaspuiston uimarantaa, nuotiopaikkaa ja viimeksi veneidenlaskupaikan.<\/p>\n<p><a title=\"Yhteyshenkil\u00f6t\" href=\"http:\/\/www.sastamalankylat.fi\/keikya\/kylayhdistykset\/pehulan-kylaseura\/yhteyshenkilot\/\">Yhteystiedot<\/a><\/p>\n<!-- AddThis Advanced Settings generic via filter on the_content --><!-- AddThis Share Buttons generic via filter on the_content -->","protected":false},"excerpt":{"rendered":"<p>Pehulan Seudun Kyl\u00e4yhdistys ry on toiminut vuodesta 2002 l\u00e4htien.\u00a0 Ensimm\u00e4isi\u00e4 tavoitteita on ymp\u00e4rist\u00f6n kaunistaminen ja asukkaiden viihtymisen lis\u00e4\u00e4minen. Yhdistys on rakentanut Patsaspuiston uimarantaa, nuotiopaikkaa ja viimeksi veneidenlaskupaikan. Yhteystiedot<!-- AddThis Advanced Settings generic via filter on wp_trim_excerpt --><!-- AddThis Share Buttons generic via filter on wp_trim_excerpt --><\/p>\n","protected":false},"author":11,"featured_media":0,"parent":56,"menu_order":0,"comment_status":"closed","ping_status":"closed","template":"","meta":{"jetpack_post_was_ever_published":false,"footnotes":""},"class_list":["post-62","page","type-page","status-publish","hentry"],"aioseo_notices":[],"jetpack_shortlink":"https:\/\/wp.me\/P7LG8D-10","jetpack_likes_enabled":true,"jetpack-related-posts":[],"jetpack_sharing_enabled":true,"_links":{"self":[{"href":"https:\/\/www.sastamalankylat.fi\/keikya\/wp-json\/wp\/v2\/pages\/62","targetHints":{"allow":["GET"]}}],"collection":[{"href":"https:\/\/www.sastamalankylat.fi\/keikya\/wp-json\/wp\/v2\/pages"}],"about":[{"href":"https:\/\/www.sastamalankylat.fi\/keikya\/wp-json\/wp\/v2\/types\/page"}],"author":[{"embeddable":true,"href":"https:\/\/www.sastamalankylat.fi\/keikya\/wp-json\/wp\/v2\/users\/11"}],"replies":[{"embeddable":true,"href":"https:\/\/www.sastamalankylat.fi\/keikya\/wp-json\/wp\/v2\/comments?post=62"}],"version-history":[{"count":2,"href":"https:\/\/www.sastamalankylat.fi\/keikya\/wp-json\/wp\/v2\/pages\/62\/revisions"}],"predecessor-version":[{"id":460,"href":"https:\/\/www.sastamalankylat.fi\/keikya\/wp-json\/wp\/v2\/pages\/62\/revisions\/460"}],"up":[{"embeddable":true,"href":"https:\/\/www.sastamalankylat.fi\/keikya\/wp-json\/wp\/v2\/pages\/56"}],"wp:attachment":[{"href":"https:\/\/www.sastamalankylat.fi\/keikya\/wp-json\/wp\/v2\/media?parent=62"}],"curies":[{"name":"wp","href":"https:\/\/api.w.org\/{rel}","templated":true}]}}