{"id":60,"date":"2013-09-21T02:23:20","date_gmt":"2013-09-20T23:23:20","guid":{"rendered":"http:\/\/www.sastamalankylat.fi\/keikya\/?page_id=60"},"modified":"2017-05-01T15:29:39","modified_gmt":"2017-05-01T12:29:39","slug":"honkolan-asukasyhdistys-ry","status":"publish","type":"page","link":"https:\/\/www.sastamalankylat.fi\/keikya\/kylayhdistykset\/honkolan-asukasyhdistys-ry\/","title":{"rendered":"Honkolan asukasyhdistys ry"},"content":{"rendered":"<p>Honkolan asukasyhdistys on perustettu vuonna 1985. Syy miksi l\u00e4hdettiin perustamaan yhdistyst\u00e4, oli yhteinen intressi eli kasteluvesij\u00e4rjestelm\u00e4n hankkiminen alueelle. Vieress\u00e4 virtaava Kokem\u00e4enjoki oli hy\u00f6dynnett\u00e4viss\u00e4 asukkaiden k\u00e4ytt\u00f6\u00f6n.<\/p>\n<p><a href=\"http:\/\/www.sastamalankylat.fi\/keikya\/kylayhdistykset\/honkolan-asukasyhdistys-ry\/1070-2\/\">Ajankohtaista<\/a><\/p>\n<p><a href=\"http:\/\/www.sastamalankylat.fi\/keikya\/kylayhdistykset\/honkolan-asukasyhdistys-ry\/honkolan-jasenmaksut\/\">J\u00e4senmaksut<\/a><\/p>\n<p><a href=\"https:\/\/maps.google.fi\/maps?f=q&amp;source=s_q&amp;hl=fi&amp;geocode=&amp;q=honkolantie+&amp;sll=62.593341,27.575684&amp;sspn=8.679939,28.256836&amp;ie=UTF8&amp;hq=&amp;hnear=Honkolantie,+32740+Sastamala&amp;ll=61.27409,22.688956&amp;spn=0.008828,0.027595&amp;z=15&amp;layer=c&amp;cbll=61.274127,22.690464&amp;panoid=9DWDvfKQT-7oYHyAdjuYyA&amp;cbp=12,21.96,,0,2.24\" target=\"_blank\" rel=\"noopener noreferrer\">Tutustu Honkolaan. <\/a><\/p>\n<p><a title=\"Hallitus 2013\" href=\"http:\/\/www.sastamalankylat.fi\/keikya\/kylayhdistykset\/honkolan-asukasyhdistys-ry\/hallitus-2017\/\">Hallitus<\/a><\/p>\n<p><a title=\"Yhteystiedot\" href=\"http:\/\/www.sastamalankylat.fi\/keikya\/kylayhdistykset\/honkolan-asukasyhdistys-ry\/yhteystiedot\/\">Yhteystiedot<\/a><\/p>\n<p><a href=\"https:\/\/i0.wp.com\/www.sastamalankylat.fi\/keikya\/wp-content\/uploads\/sites\/9\/2013\/09\/kukat.jpg\"><img data-recalc-dims=\"1\" loading=\"lazy\" decoding=\"async\" data-attachment-id=\"752\" data-permalink=\"https:\/\/www.sastamalankylat.fi\/keikya\/kylayhdistykset\/honkolan-asukasyhdistys-ry\/kukat\/\" data-orig-file=\"https:\/\/i0.wp.com\/www.sastamalankylat.fi\/keikya\/wp-content\/uploads\/sites\/9\/2013\/09\/kukat.jpg?fit=600%2C337&amp;ssl=1\" data-orig-size=\"600,337\" data-comments-opened=\"0\" data-image-meta=\"{&quot;aperture&quot;:&quot;0&quot;,&quot;credit&quot;:&quot;&quot;,&quot;camera&quot;:&quot;&quot;,&quot;caption&quot;:&quot;&quot;,&quot;created_timestamp&quot;:&quot;0&quot;,&quot;copyright&quot;:&quot;&quot;,&quot;focal_length&quot;:&quot;0&quot;,&quot;iso&quot;:&quot;0&quot;,&quot;shutter_speed&quot;:&quot;0&quot;,&quot;title&quot;:&quot;&quot;,&quot;orientation&quot;:&quot;0&quot;}\" data-image-title=\"kukat\" data-image-description=\"\" data-image-caption=\"\" data-large-file=\"https:\/\/i0.wp.com\/www.sastamalankylat.fi\/keikya\/wp-content\/uploads\/sites\/9\/2013\/09\/kukat.jpg?fit=600%2C337&amp;ssl=1\" class=\" wp-image-752 size-medium alignleft\" src=\"https:\/\/i0.wp.com\/www.sastamalankylat.fi\/keikya\/wp-content\/uploads\/sites\/9\/2013\/09\/kukat.jpg?resize=300%2C169\" alt=\"kukat\" width=\"300\" height=\"169\" srcset=\"https:\/\/i0.wp.com\/www.sastamalankylat.fi\/keikya\/wp-content\/uploads\/sites\/9\/2013\/09\/kukat.jpg?resize=300%2C169&amp;ssl=1 300w, https:\/\/i0.wp.com\/www.sastamalankylat.fi\/keikya\/wp-content\/uploads\/sites\/9\/2013\/09\/kukat.jpg?w=600&amp;ssl=1 600w\" sizes=\"auto, (max-width: 300px) 100vw, 300px\" \/><\/a><\/p>\n<!-- AddThis Advanced Settings generic via filter on the_content --><!-- AddThis Share Buttons generic via filter on the_content -->","protected":false},"excerpt":{"rendered":"<p>Honkolan asukasyhdistys on perustettu vuonna 1985. Syy miksi l\u00e4hdettiin perustamaan yhdistyst\u00e4, oli yhteinen intressi eli kasteluvesij\u00e4rjestelm\u00e4n hankkiminen alueelle. Vieress\u00e4 virtaava Kokem\u00e4enjoki oli hy\u00f6dynnett\u00e4viss\u00e4 asukkaiden k\u00e4ytt\u00f6\u00f6n. Ajankohtaista J\u00e4senmaksut Tutustu Honkolaan. Hallitus Yhteystiedot<!-- AddThis Advanced Settings generic via filter on wp_trim_excerpt --><!-- AddThis Share Buttons generic via filter on wp_trim_excerpt --><\/p>\n","protected":false},"author":11,"featured_media":0,"parent":56,"menu_order":0,"comment_status":"closed","ping_status":"closed","template":"","meta":{"jetpack_post_was_ever_published":false,"footnotes":""},"class_list":["post-60","page","type-page","status-publish","hentry"],"aioseo_notices":[],"jetpack_shortlink":"https:\/\/wp.me\/P7LG8D-Y","jetpack_likes_enabled":true,"jetpack-related-posts":[],"jetpack_sharing_enabled":true,"_links":{"self":[{"href":"https:\/\/www.sastamalankylat.fi\/keikya\/wp-json\/wp\/v2\/pages\/60","targetHints":{"allow":["GET"]}}],"collection":[{"href":"https:\/\/www.sastamalankylat.fi\/keikya\/wp-json\/wp\/v2\/pages"}],"about":[{"href":"https:\/\/www.sastamalankylat.fi\/keikya\/wp-json\/wp\/v2\/types\/page"}],"author":[{"embeddable":true,"href":"https:\/\/www.sastamalankylat.fi\/keikya\/wp-json\/wp\/v2\/users\/11"}],"replies":[{"embeddable":true,"href":"https:\/\/www.sastamalankylat.fi\/keikya\/wp-json\/wp\/v2\/comments?post=60"}],"version-history":[{"count":6,"href":"https:\/\/www.sastamalankylat.fi\/keikya\/wp-json\/wp\/v2\/pages\/60\/revisions"}],"predecessor-version":[{"id":1084,"href":"https:\/\/www.sastamalankylat.fi\/keikya\/wp-json\/wp\/v2\/pages\/60\/revisions\/1084"}],"up":[{"embeddable":true,"href":"https:\/\/www.sastamalankylat.fi\/keikya\/wp-json\/wp\/v2\/pages\/56"}],"wp:attachment":[{"href":"https:\/\/www.sastamalankylat.fi\/keikya\/wp-json\/wp\/v2\/media?parent=60"}],"curies":[{"name":"wp","href":"https:\/\/api.w.org\/{rel}","templated":true}]}}