{"id":56,"date":"2013-09-21T01:55:14","date_gmt":"2013-09-20T22:55:14","guid":{"rendered":"http:\/\/www.sastamalankylat.fi\/keikya\/?page_id=56"},"modified":"2013-10-23T00:51:19","modified_gmt":"2013-10-22T21:51:19","slug":"kylayhdistykset","status":"publish","type":"page","link":"https:\/\/www.sastamalankylat.fi\/keikya\/kylayhdistykset\/","title":{"rendered":"Kyl\u00e4yhdistykset"},"content":{"rendered":"<p><a title=\"Honkolan asukasyhdistys ry\" href=\"http:\/\/www.sastamalankylat.fi\/keikya\/kylayhdistykset\/honkolan-asukasyhdistys-ry\/\">Honkolan asukasyhdistys ry<\/a><\/p>\n<p><a title=\"Pehulan kyl\u00e4seura\" href=\"http:\/\/www.sastamalankylat.fi\/keikya\/kylayhdistykset\/pehulan-kylaseura\/\">Pehulan kyl\u00e4yhdistys ry<\/a><\/p>\n<p><a title=\"Keiky\u00e4n kyl\u00e4seura\" href=\"http:\/\/www.sastamalankylat.fi\/keikya\/kylayhdistykset\/keikyan-kylaseura\/\">Keiky\u00e4n kyl\u00e4seura<\/a><\/p>\n<!-- AddThis Advanced Settings generic via filter on the_content --><!-- AddThis Share Buttons generic via filter on the_content -->","protected":false},"excerpt":{"rendered":"<p>Honkolan asukasyhdistys ry Pehulan kyl\u00e4yhdistys ry Keiky\u00e4n kyl\u00e4seura<!-- AddThis Advanced Settings generic via filter on wp_trim_excerpt --><!-- AddThis Share Buttons generic via filter on wp_trim_excerpt --><\/p>\n","protected":false},"author":11,"featured_media":0,"parent":0,"menu_order":1,"comment_status":"closed","ping_status":"closed","template":"page-templates\/front-page.php","meta":{"jetpack_post_was_ever_published":false,"footnotes":""},"class_list":["post-56","page","type-page","status-publish","hentry"],"aioseo_notices":[],"jetpack_shortlink":"https:\/\/wp.me\/P7LG8D-U","jetpack_likes_enabled":true,"jetpack-related-posts":[],"jetpack_sharing_enabled":true,"_links":{"self":[{"href":"https:\/\/www.sastamalankylat.fi\/keikya\/wp-json\/wp\/v2\/pages\/56","targetHints":{"allow":["GET"]}}],"collection":[{"href":"https:\/\/www.sastamalankylat.fi\/keikya\/wp-json\/wp\/v2\/pages"}],"about":[{"href":"https:\/\/www.sastamalankylat.fi\/keikya\/wp-json\/wp\/v2\/types\/page"}],"author":[{"embeddable":true,"href":"https:\/\/www.sastamalankylat.fi\/keikya\/wp-json\/wp\/v2\/users\/11"}],"replies":[{"embeddable":true,"href":"https:\/\/www.sastamalankylat.fi\/keikya\/wp-json\/wp\/v2\/comments?post=56"}],"version-history":[{"count":1,"href":"https:\/\/www.sastamalankylat.fi\/keikya\/wp-json\/wp\/v2\/pages\/56\/revisions"}],"predecessor-version":[{"id":173,"href":"https:\/\/www.sastamalankylat.fi\/keikya\/wp-json\/wp\/v2\/pages\/56\/revisions\/173"}],"wp:attachment":[{"href":"https:\/\/www.sastamalankylat.fi\/keikya\/wp-json\/wp\/v2\/media?parent=56"}],"curies":[{"name":"wp","href":"https:\/\/api.w.org\/{rel}","templated":true}]}}