{"id":404,"date":"2013-10-13T23:47:49","date_gmt":"2013-10-13T20:47:49","guid":{"rendered":"http:\/\/www.sastamalankylat.fi\/keikya\/?page_id=404"},"modified":"2024-01-09T22:54:24","modified_gmt":"2024-01-09T20:54:24","slug":"juhlatila","status":"publish","type":"page","link":"https:\/\/www.sastamalankylat.fi\/keikya\/palvelut\/juhlatila\/","title":{"rendered":"Juhlatila, Heimola"},"content":{"rendered":"<p>Heimolassa on tyylik\u00e4st\u00e4 ja toimivaa tilaa pienille ja isoille perhe- ja yleis\u00f6juhlille sek\u00e4 kokouksille. Tilaa on 360:lle hengelle. Astiat ja p\u00f6yt\u00e4liinat ovat my\u00f6s lainattavissa.<\/p>\n<p>Huvipolku, Honkola<br \/>\n32740 Sastamala<br \/>\n<a href=\"https:\/\/i0.wp.com\/www.sastamalankylat.fi\/keikya\/wp-content\/uploads\/sites\/9\/2013\/10\/heimola.jpg\" rel=\"lightbox[396]\"><img data-recalc-dims=\"1\" loading=\"lazy\" decoding=\"async\" class=\"alignright\" src=\"https:\/\/i0.wp.com\/www.sastamalankylat.fi\/keikya\/wp-content\/uploads\/sites\/9\/2013\/10\/heimola.jpg?resize=200%2C150\" alt=\"heimola\" width=\"200\" height=\"150\" \/><\/a><br \/>\nOta yhteytt\u00e4<\/p>\n<p>Markku J\u00e4r\u00e4, puh. 050-5661529<br \/>\nMiika Marttila, puh. 040-5441634<\/p>\n<p>&nbsp;<\/p>\n<p><a href=\"https:\/\/i0.wp.com\/www.sastamalankylat.fi\/keikya\/wp-content\/uploads\/sites\/9\/2013\/10\/heimola_2.jpg\"><img data-recalc-dims=\"1\" loading=\"lazy\" decoding=\"async\" data-attachment-id=\"398\" data-permalink=\"https:\/\/www.sastamalankylat.fi\/keikya\/nahtavyydet\/heimola\/heimola_2\/\" data-orig-file=\"https:\/\/i0.wp.com\/www.sastamalankylat.fi\/keikya\/wp-content\/uploads\/sites\/9\/2013\/10\/heimola_2.jpg?fit=200%2C150&amp;ssl=1\" data-orig-size=\"200,150\" data-comments-opened=\"0\" data-image-meta=\"{&quot;aperture&quot;:&quot;0&quot;,&quot;credit&quot;:&quot;&quot;,&quot;camera&quot;:&quot;&quot;,&quot;caption&quot;:&quot;&quot;,&quot;created_timestamp&quot;:&quot;0&quot;,&quot;copyright&quot;:&quot;&quot;,&quot;focal_length&quot;:&quot;0&quot;,&quot;iso&quot;:&quot;0&quot;,&quot;shutter_speed&quot;:&quot;0&quot;,&quot;title&quot;:&quot;&quot;}\" data-image-title=\"heimola_2\" data-image-description=\"\" data-image-caption=\"\" data-large-file=\"https:\/\/i0.wp.com\/www.sastamalankylat.fi\/keikya\/wp-content\/uploads\/sites\/9\/2013\/10\/heimola_2.jpg?fit=200%2C150&amp;ssl=1\" class=\"alignnone size-full wp-image-398\" src=\"https:\/\/i0.wp.com\/www.sastamalankylat.fi\/keikya\/wp-content\/uploads\/sites\/9\/2013\/10\/heimola_2.jpg?resize=200%2C150\" alt=\"heimola_2\" width=\"200\" height=\"150\" \/><\/a><a href=\"https:\/\/i0.wp.com\/www.sastamalankylat.fi\/keikya\/wp-content\/uploads\/sites\/9\/2013\/10\/heimola_1.jpg\"><img data-recalc-dims=\"1\" loading=\"lazy\" decoding=\"async\" data-attachment-id=\"399\" data-permalink=\"https:\/\/www.sastamalankylat.fi\/keikya\/nahtavyydet\/heimola\/heimola_1\/\" data-orig-file=\"https:\/\/i0.wp.com\/www.sastamalankylat.fi\/keikya\/wp-content\/uploads\/sites\/9\/2013\/10\/heimola_1.jpg?fit=200%2C150&amp;ssl=1\" data-orig-size=\"200,150\" data-comments-opened=\"0\" data-image-meta=\"{&quot;aperture&quot;:&quot;0&quot;,&quot;credit&quot;:&quot;&quot;,&quot;camera&quot;:&quot;&quot;,&quot;caption&quot;:&quot;&quot;,&quot;created_timestamp&quot;:&quot;0&quot;,&quot;copyright&quot;:&quot;&quot;,&quot;focal_length&quot;:&quot;0&quot;,&quot;iso&quot;:&quot;0&quot;,&quot;shutter_speed&quot;:&quot;0&quot;,&quot;title&quot;:&quot;&quot;}\" data-image-title=\"heimola_1\" data-image-description=\"\" data-image-caption=\"\" data-large-file=\"https:\/\/i0.wp.com\/www.sastamalankylat.fi\/keikya\/wp-content\/uploads\/sites\/9\/2013\/10\/heimola_1.jpg?fit=200%2C150&amp;ssl=1\" class=\"alignnone size-full wp-image-399\" src=\"https:\/\/i0.wp.com\/www.sastamalankylat.fi\/keikya\/wp-content\/uploads\/sites\/9\/2013\/10\/heimola_1.jpg?resize=200%2C150\" alt=\"heimola_1\" width=\"200\" height=\"150\" \/><\/a><\/p>\n<p>&nbsp;<\/p>\n<!-- AddThis Advanced Settings generic via filter on the_content --><!-- AddThis Share Buttons generic via filter on the_content -->","protected":false},"excerpt":{"rendered":"<p>Heimolassa on tyylik\u00e4st\u00e4 ja toimivaa tilaa pienille ja isoille perhe- ja yleis\u00f6juhlille sek\u00e4 kokouksille. Tilaa on 360:lle hengelle. Astiat ja p\u00f6yt\u00e4liinat ovat my\u00f6s lainattavissa. Huvipolku, Honkola 32740 Sastamala Ota yhteytt\u00e4 Markku J\u00e4r\u00e4, puh. 050-5661529 Miika Marttila, puh. 040-5441634 &nbsp; &nbsp;<!-- AddThis Advanced Settings generic via filter on wp_trim_excerpt --><!-- AddThis Share Buttons generic via filter on wp_trim_excerpt --><\/p>\n","protected":false},"author":11,"featured_media":0,"parent":50,"menu_order":0,"comment_status":"closed","ping_status":"closed","template":"","meta":{"jetpack_post_was_ever_published":false,"footnotes":""},"class_list":["post-404","page","type-page","status-publish","hentry"],"aioseo_notices":[],"jetpack_shortlink":"https:\/\/wp.me\/P7LG8D-6w","jetpack_likes_enabled":true,"jetpack-related-posts":[],"jetpack_sharing_enabled":true,"_links":{"self":[{"href":"https:\/\/www.sastamalankylat.fi\/keikya\/wp-json\/wp\/v2\/pages\/404","targetHints":{"allow":["GET"]}}],"collection":[{"href":"https:\/\/www.sastamalankylat.fi\/keikya\/wp-json\/wp\/v2\/pages"}],"about":[{"href":"https:\/\/www.sastamalankylat.fi\/keikya\/wp-json\/wp\/v2\/types\/page"}],"author":[{"embeddable":true,"href":"https:\/\/www.sastamalankylat.fi\/keikya\/wp-json\/wp\/v2\/users\/11"}],"replies":[{"embeddable":true,"href":"https:\/\/www.sastamalankylat.fi\/keikya\/wp-json\/wp\/v2\/comments?post=404"}],"version-history":[{"count":2,"href":"https:\/\/www.sastamalankylat.fi\/keikya\/wp-json\/wp\/v2\/pages\/404\/revisions"}],"predecessor-version":[{"id":636,"href":"https:\/\/www.sastamalankylat.fi\/keikya\/wp-json\/wp\/v2\/pages\/404\/revisions\/636"}],"up":[{"embeddable":true,"href":"https:\/\/www.sastamalankylat.fi\/keikya\/wp-json\/wp\/v2\/pages\/50"}],"wp:attachment":[{"href":"https:\/\/www.sastamalankylat.fi\/keikya\/wp-json\/wp\/v2\/media?parent=404"}],"curies":[{"name":"wp","href":"https:\/\/api.w.org\/{rel}","templated":true}]}}