{"id":392,"date":"2013-10-13T23:34:00","date_gmt":"2013-10-13T20:34:00","guid":{"rendered":"http:\/\/www.sastamalankylat.fi\/keikya\/?page_id=392"},"modified":"2018-09-14T14:11:50","modified_gmt":"2018-09-14T11:11:50","slug":"aetsan-voimalaitos","status":"publish","type":"page","link":"https:\/\/www.sastamalankylat.fi\/keikya\/nahtavyydet\/aetsan-voimalaitos\/","title":{"rendered":"\u00c4ets\u00e4n voimalaitos"},"content":{"rendered":"<p><!-- [if gte mso 9]&gt;--><\/p>\n<p>\u00c4ets\u00e4n voimala oli <a href=\"https:\/\/i0.wp.com\/www.sastamalankylat.fi\/keikya\/wp-content\/uploads\/sites\/9\/2013\/10\/voimalaitos.jpg\"><img data-recalc-dims=\"1\" loading=\"lazy\" decoding=\"async\" data-attachment-id=\"420\" data-permalink=\"https:\/\/www.sastamalankylat.fi\/keikya\/nahtavyydet\/aetsan-voimalaitos\/voimalaitos-2\/\" data-orig-file=\"https:\/\/i0.wp.com\/www.sastamalankylat.fi\/keikya\/wp-content\/uploads\/sites\/9\/2013\/10\/voimalaitos.jpg?fit=200%2C150&amp;ssl=1\" data-orig-size=\"200,150\" data-comments-opened=\"0\" data-image-meta=\"{&quot;aperture&quot;:&quot;0&quot;,&quot;credit&quot;:&quot;&quot;,&quot;camera&quot;:&quot;&quot;,&quot;caption&quot;:&quot;&quot;,&quot;created_timestamp&quot;:&quot;0&quot;,&quot;copyright&quot;:&quot;&quot;,&quot;focal_length&quot;:&quot;0&quot;,&quot;iso&quot;:&quot;0&quot;,&quot;shutter_speed&quot;:&quot;0&quot;,&quot;title&quot;:&quot;&quot;}\" data-image-title=\"\u00c4ets\u00e4n voimalaitos\" data-image-description=\"\" data-image-caption=\"\" data-large-file=\"https:\/\/i0.wp.com\/www.sastamalankylat.fi\/keikya\/wp-content\/uploads\/sites\/9\/2013\/10\/voimalaitos.jpg?fit=200%2C150&amp;ssl=1\" class=\"size-full wp-image-420 alignleft\" src=\"https:\/\/i0.wp.com\/www.sastamalankylat.fi\/keikya\/wp-content\/uploads\/sites\/9\/2013\/10\/voimalaitos.jpg?resize=200%2C150\" alt=\"\u00c4ets\u00e4n voimalaitos\" width=\"200\" height=\"150\" \/><\/a>ensimm\u00e4inen koko Kokem\u00e4enjoen ylitt\u00e4v\u00e4 voimalaitos, Sen rakentamiseen vaikutti 1900-luvun alun energiakriisi ja sopivat kosket. Rakentamisen my\u00f6t\u00e4 loppui ennen niin runsaat lohi- ja siikasaaliit joen yl\u00e4juoksulla.<\/p>\n<p><!-- [if gte mso 9]&gt;--><\/p>\n<p><span style=\"font-size: 13.0pt;\">Punatiilinen \u00c4ets\u00e4n voimalaitos on rakennettu vuosina 1919-21 Meskalankoskeen Kaijankalliolle varmistamaan s\u00e4hk\u00f6ntoimitus 1890-luvun lopulla perustetulle \u00c4ets\u00e4n tehtaille, my\u00f6hemmin Finnish Chemicals Oy:lle. Voimala on arkkitehti Sigurd Frosteruksen suunnittelema, toinen h\u00e4nen 1920 suunnittelemistaan voimalaitoksista.<\/span><\/p>\n<p><span style=\"font-size: 13.0pt;\"><a href=\"https:\/\/i0.wp.com\/www.sastamalankylat.fi\/keikya\/wp-content\/uploads\/sites\/9\/2013\/10\/voimalaitos_2.jpg\"><img data-recalc-dims=\"1\" loading=\"lazy\" decoding=\"async\" data-attachment-id=\"437\" data-permalink=\"https:\/\/www.sastamalankylat.fi\/keikya\/nahtavyydet\/aetsan-voimalaitos\/voimalaitos_2\/\" data-orig-file=\"https:\/\/i0.wp.com\/www.sastamalankylat.fi\/keikya\/wp-content\/uploads\/sites\/9\/2013\/10\/voimalaitos_2.jpg?fit=600%2C400&amp;ssl=1\" data-orig-size=\"600,400\" data-comments-opened=\"0\" data-image-meta=\"{&quot;aperture&quot;:&quot;0&quot;,&quot;credit&quot;:&quot;&quot;,&quot;camera&quot;:&quot;&quot;,&quot;caption&quot;:&quot;&quot;,&quot;created_timestamp&quot;:&quot;0&quot;,&quot;copyright&quot;:&quot;&quot;,&quot;focal_length&quot;:&quot;0&quot;,&quot;iso&quot;:&quot;0&quot;,&quot;shutter_speed&quot;:&quot;0&quot;,&quot;title&quot;:&quot;&quot;}\" data-image-title=\"voimalaitos_2\" data-image-description=\"\" data-image-caption=\"\" data-large-file=\"https:\/\/i0.wp.com\/www.sastamalankylat.fi\/keikya\/wp-content\/uploads\/sites\/9\/2013\/10\/voimalaitos_2.jpg?fit=600%2C400&amp;ssl=1\" class=\"size-medium wp-image-437 alignleft\" src=\"https:\/\/i0.wp.com\/www.sastamalankylat.fi\/keikya\/wp-content\/uploads\/sites\/9\/2013\/10\/voimalaitos_2.jpg?resize=209%2C139\" alt=\"voimalaitos_2\" width=\"209\" height=\"139\" srcset=\"https:\/\/i0.wp.com\/www.sastamalankylat.fi\/keikya\/wp-content\/uploads\/sites\/9\/2013\/10\/voimalaitos_2.jpg?resize=300%2C200&amp;ssl=1 300w, https:\/\/i0.wp.com\/www.sastamalankylat.fi\/keikya\/wp-content\/uploads\/sites\/9\/2013\/10\/voimalaitos_2.jpg?w=600&amp;ssl=1 600w\" sizes=\"auto, (max-width: 209px) 100vw, 209px\" \/><\/a>Punaisesta tiilest\u00e4 muurattu rakennus on vaikuttava <\/span><span style=\"font-size: 13.0pt;\">sakraalimaisine kolmiop\u00e4\u00e4tyineen. <\/span><\/p>\n<p><span style=\"font-size: 13.0pt;\">Muuraustiilet toimitti rautateitse Rosenlewin oma tiilitehdas Porin Ulasoorista \u00c4ets\u00e4n asemalle. <\/span><span style=\"font-size: 13.0pt;\"><a href=\"https:\/\/i0.wp.com\/www.sastamalankylat.fi\/keikya\/wp-content\/uploads\/sites\/9\/2013\/10\/ikkuna.jpg\"><img data-recalc-dims=\"1\" loading=\"lazy\" decoding=\"async\" data-attachment-id=\"431\" data-permalink=\"https:\/\/www.sastamalankylat.fi\/keikya\/nahtavyydet\/aetsan-voimalaitos\/ikkuna\/\" data-orig-file=\"https:\/\/i0.wp.com\/www.sastamalankylat.fi\/keikya\/wp-content\/uploads\/sites\/9\/2013\/10\/ikkuna-e1381871736343.jpg?fit=450%2C600&amp;ssl=1\" data-orig-size=\"450,600\" data-comments-opened=\"0\" data-image-meta=\"{&quot;aperture&quot;:&quot;0&quot;,&quot;credit&quot;:&quot;&quot;,&quot;camera&quot;:&quot;&quot;,&quot;caption&quot;:&quot;&quot;,&quot;created_timestamp&quot;:&quot;0&quot;,&quot;copyright&quot;:&quot;&quot;,&quot;focal_length&quot;:&quot;0&quot;,&quot;iso&quot;:&quot;0&quot;,&quot;shutter_speed&quot;:&quot;0&quot;,&quot;title&quot;:&quot;&quot;}\" data-image-title=\"ikkuna\" data-image-description=\"\" data-image-caption=\"\" data-large-file=\"https:\/\/i0.wp.com\/www.sastamalankylat.fi\/keikya\/wp-content\/uploads\/sites\/9\/2013\/10\/ikkuna-e1381871736343.jpg?fit=450%2C600&amp;ssl=1\" class=\"size-medium wp-image-431 alignright\" src=\"https:\/\/i0.wp.com\/www.sastamalankylat.fi\/keikya\/wp-content\/uploads\/sites\/9\/2013\/10\/ikkuna-e1381871736343-225x300.jpg?resize=117%2C156\" alt=\"ikkuna\" width=\"117\" height=\"156\" srcset=\"https:\/\/i0.wp.com\/www.sastamalankylat.fi\/keikya\/wp-content\/uploads\/sites\/9\/2013\/10\/ikkuna-e1381871736343.jpg?resize=225%2C300&amp;ssl=1 225w, https:\/\/i0.wp.com\/www.sastamalankylat.fi\/keikya\/wp-content\/uploads\/sites\/9\/2013\/10\/ikkuna-e1381871736343.jpg?w=450&amp;ssl=1 450w\" sizes=\"auto, (max-width: 117px) 100vw, 117px\" \/><\/a><\/span><span style=\"font-size: 13.0pt;\">Hiekka tuotiin Harjavallasta, lapioitiin <\/span><span style=\"font-size: 13.0pt;\">k\u00e4sivoimin pienempiin vaunuihin kuljetettavaksi ty\u00f6maalle kapearaiteista P\u00e4ssi nimist\u00e4 ty\u00f6maaraidetta pitkin paikalle. <\/span><span style=\"font-size: 13.0pt;\">Rakennuksen alapuoliset perustus- ja patorakennelmat ovat hakattua kive\u00e4 ja betonia. <\/span><\/p>\n<p>&nbsp;<\/p>\n<p><span style=\"font-size: 13.0pt;\">Konehallissa <\/span><span style=\"font-size: 13.0pt;\">on seitsem\u00e4n<\/span><span style=\"font-size: 13.0pt;\"><a href=\"https:\/\/i0.wp.com\/www.sastamalankylat.fi\/keikya\/wp-content\/uploads\/sites\/9\/2013\/10\/voimalaitos-sis%C3%A4lt%C3%A4.jpg\"><img data-recalc-dims=\"1\" loading=\"lazy\" decoding=\"async\" data-attachment-id=\"430\" data-permalink=\"https:\/\/www.sastamalankylat.fi\/keikya\/nahtavyydet\/aetsan-voimalaitos\/voimalaitos-sisalta\/\" data-orig-file=\"https:\/\/i0.wp.com\/www.sastamalankylat.fi\/keikya\/wp-content\/uploads\/sites\/9\/2013\/10\/voimalaitos-sis%C3%A4lt%C3%A4-e1381871518225.jpg?fit=450%2C600&amp;ssl=1\" data-orig-size=\"450,600\" data-comments-opened=\"0\" data-image-meta=\"{&quot;aperture&quot;:&quot;0&quot;,&quot;credit&quot;:&quot;&quot;,&quot;camera&quot;:&quot;&quot;,&quot;caption&quot;:&quot;&quot;,&quot;created_timestamp&quot;:&quot;0&quot;,&quot;copyright&quot;:&quot;&quot;,&quot;focal_length&quot;:&quot;0&quot;,&quot;iso&quot;:&quot;0&quot;,&quot;shutter_speed&quot;:&quot;0&quot;,&quot;title&quot;:&quot;&quot;}\" data-image-title=\"voimalaitos sis\u00e4lt\u00e4\" data-image-description=\"\" data-image-caption=\"\" data-large-file=\"https:\/\/i0.wp.com\/www.sastamalankylat.fi\/keikya\/wp-content\/uploads\/sites\/9\/2013\/10\/voimalaitos-sis%C3%A4lt%C3%A4-e1381871518225.jpg?fit=450%2C600&amp;ssl=1\" class=\"size-medium wp-image-430 alignright\" src=\"https:\/\/i0.wp.com\/www.sastamalankylat.fi\/keikya\/wp-content\/uploads\/sites\/9\/2013\/10\/voimalaitos-sis%C3%A4lt%C3%A4-e1381871518225-225x300.jpg?resize=225%2C300\" alt=\"voimalaitos sis\u00e4lt\u00e4\" width=\"225\" height=\"300\" srcset=\"https:\/\/i0.wp.com\/www.sastamalankylat.fi\/keikya\/wp-content\/uploads\/sites\/9\/2013\/10\/voimalaitos-sis%C3%A4lt%C3%A4-e1381871518225.jpg?resize=225%2C300&amp;ssl=1 225w, https:\/\/i0.wp.com\/www.sastamalankylat.fi\/keikya\/wp-content\/uploads\/sites\/9\/2013\/10\/voimalaitos-sis%C3%A4lt%C3%A4-e1381871518225.jpg?w=450&amp;ssl=1 450w\" sizes=\"auto, (max-width: 225px) 100vw, 225px\" \/><\/a><\/span><span style=\"font-size: 13.0pt;\"> turbiinia, jotka ovat edelleen k\u00e4ytt\u00f6kunnossa<\/span><span style=\"font-size: 13.0pt;\">, k\u00e4ytet\u00e4\u00e4n tosin vain <\/span><span style=\"font-size: 13.0pt;\">tulvien aikaan. Patokorkeus on 5,9 metri\u00e4, keskivirtaama 18 kuutiota\/ sekunti.<\/span><\/p>\n<p><span style=\"font-size: 13.0pt;\">Alueella on my\u00f6s valkoinen 1990-luvulla valmistunut voimalarakennus. T\u00e4m\u00e4 ns. uusi voimalaitos on kallioon louhittu, t\u00e4ysin automatisoitu koneasema, jossa on kaksi vaakaturbiinia, teholtaan vanhan kaltainen. Rakennuksen on suunnitellut oululainen toimisto Uki Arkkitehdit Oy ja se otettiin k\u00e4ytt\u00f6\u00f6n vuonna 1996.<\/span><\/p>\n<p><span style=\"font-size: 13.0pt;\">Rakentamista varten joen uomaa siirrettiin n.150 metri\u00e4 <\/span><span style=\"font-size: 13.0pt;\">alajuoksulle p\u00e4in.<\/span><\/p>\n<p><span style=\"font-size: 13.0pt;\">\u00c4ets\u00e4n vanhan ja uuden voimalaitoksen omistaa UPM-Kymmene Oyj. Yhtyneet Paperitehtaat on vuokrannut voimalat ja rakennuttanut uuden, jonka konsultointi <\/span><span style=\"font-size: 13.0pt;\">on ostettu Pohjolan Voimalta.<\/span><a href=\"https:\/\/i0.wp.com\/www.sastamalankylat.fi\/keikya\/wp-content\/uploads\/sites\/9\/2013\/09\/nettisivulle.jpg\"><img data-recalc-dims=\"1\" loading=\"lazy\" decoding=\"async\" data-attachment-id=\"144\" data-permalink=\"https:\/\/www.sastamalankylat.fi\/keikya\/nahtavyydet\/aetsan-voimalaitos\/nettisivulle-jpg\/\" data-orig-file=\"https:\/\/i0.wp.com\/www.sastamalankylat.fi\/keikya\/wp-content\/uploads\/sites\/9\/2013\/09\/nettisivulle.jpg?fit=600%2C337&amp;ssl=1\" data-orig-size=\"600,337\" data-comments-opened=\"0\" data-image-meta=\"{&quot;aperture&quot;:&quot;0&quot;,&quot;credit&quot;:&quot;&quot;,&quot;camera&quot;:&quot;&quot;,&quot;caption&quot;:&quot;&quot;,&quot;created_timestamp&quot;:&quot;0&quot;,&quot;copyright&quot;:&quot;&quot;,&quot;focal_length&quot;:&quot;0&quot;,&quot;iso&quot;:&quot;0&quot;,&quot;shutter_speed&quot;:&quot;0&quot;,&quot;title&quot;:&quot;&quot;}\" data-image-title=\"kuva\" data-image-description=\"&lt;p&gt;http:\/\/www.sastamalankylat.fi\/keikya\/wp-content\/uploads\/sites\/9\/2013\/09\/nettisivulle.jpg&lt;\/p&gt;\n\" data-image-caption=\"\" data-large-file=\"https:\/\/i0.wp.com\/www.sastamalankylat.fi\/keikya\/wp-content\/uploads\/sites\/9\/2013\/09\/nettisivulle.jpg?fit=600%2C337&amp;ssl=1\" class=\"size-medium wp-image-144 alignright\" src=\"https:\/\/i0.wp.com\/www.sastamalankylat.fi\/keikya\/wp-content\/uploads\/sites\/9\/2013\/09\/nettisivulle.jpg?resize=300%2C168\" alt=\"nettisivulle.jpg\" width=\"300\" height=\"168\" srcset=\"https:\/\/i0.wp.com\/www.sastamalankylat.fi\/keikya\/wp-content\/uploads\/sites\/9\/2013\/09\/nettisivulle.jpg?resize=300%2C168&amp;ssl=1 300w, https:\/\/i0.wp.com\/www.sastamalankylat.fi\/keikya\/wp-content\/uploads\/sites\/9\/2013\/09\/nettisivulle.jpg?w=600&amp;ssl=1 600w\" sizes=\"auto, (max-width: 300px) 100vw, 300px\" \/><\/a><\/p>\n<p class=\"MsoNormal\"><!-- [if gte mso 9]&gt;--><\/p>\n<p><span style=\"font-size: 8.0pt; font-family: Verdana;\">Koonnut T. Heinonen<\/span><\/p>\n<p class=\"MsoNormal\"><!-- [if gte mso 9]&gt;--><\/p>\n<p class=\"MsoNormal\"><span style=\"font-size: 8.0pt;\">L\u00e4hteet: Raimo Viikki, Suur-Huittisten historia III, 1990.<\/span><\/p>\n<p class=\"MsoNormal\"><span style=\"font-size: 8.0pt;\">Kimmo Sarje: Sigurd Frosteruksen modernin k\u00e4site<\/span><\/p>\n<p class=\"MsoNormal\"><span style=\"font-size: 8.0pt;\">Kokem\u00e4en yl\u00e4juoksun maisema, \u00c4ets\u00e4n seudun maisemaselvityshanke osa 1. <\/span><\/p>\n<p>&nbsp;<\/p>\n<p><!-- [if gte mso 9]&gt;--><\/p>\n<p>&nbsp;<\/p>\n<!-- AddThis Advanced Settings generic via filter on the_content --><!-- AddThis Share Buttons generic via filter on the_content -->","protected":false},"excerpt":{"rendered":"<p>\u00c4ets\u00e4n voimala oli ensimm\u00e4inen koko Kokem\u00e4enjoen ylitt\u00e4v\u00e4 voimalaitos, Sen rakentamiseen vaikutti 1900-luvun alun energiakriisi ja sopivat kosket. Rakentamisen my\u00f6t\u00e4 loppui ennen niin runsaat lohi- ja siikasaaliit joen yl\u00e4juoksulla. Punatiilinen \u00c4ets\u00e4n voimalaitos on rakennettu vuosina 1919-21 Meskalankoskeen Kaijankalliolle varmistamaan s\u00e4hk\u00f6ntoimitus 1890-luvun lopulla perustetulle \u00c4ets\u00e4n tehtaille, my\u00f6hemmin Finnish Chemicals Oy:lle. Voimala on arkkitehti Sigurd Frosteruksen suunnittelema, toinen [&hellip;]<!-- AddThis Advanced Settings generic via filter on wp_trim_excerpt --><!-- AddThis Share Buttons generic via filter on wp_trim_excerpt --><\/p>\n","protected":false},"author":11,"featured_media":0,"parent":44,"menu_order":0,"comment_status":"closed","ping_status":"closed","template":"","meta":{"jetpack_post_was_ever_published":false,"footnotes":""},"class_list":["post-392","page","type-page","status-publish","hentry"],"aioseo_notices":[],"jetpack_shortlink":"https:\/\/wp.me\/P7LG8D-6k","jetpack_likes_enabled":true,"jetpack-related-posts":[],"jetpack_sharing_enabled":true,"_links":{"self":[{"href":"https:\/\/www.sastamalankylat.fi\/keikya\/wp-json\/wp\/v2\/pages\/392","targetHints":{"allow":["GET"]}}],"collection":[{"href":"https:\/\/www.sastamalankylat.fi\/keikya\/wp-json\/wp\/v2\/pages"}],"about":[{"href":"https:\/\/www.sastamalankylat.fi\/keikya\/wp-json\/wp\/v2\/types\/page"}],"author":[{"embeddable":true,"href":"https:\/\/www.sastamalankylat.fi\/keikya\/wp-json\/wp\/v2\/users\/11"}],"replies":[{"embeddable":true,"href":"https:\/\/www.sastamalankylat.fi\/keikya\/wp-json\/wp\/v2\/comments?post=392"}],"version-history":[{"count":5,"href":"https:\/\/www.sastamalankylat.fi\/keikya\/wp-json\/wp\/v2\/pages\/392\/revisions"}],"predecessor-version":[{"id":1124,"href":"https:\/\/www.sastamalankylat.fi\/keikya\/wp-json\/wp\/v2\/pages\/392\/revisions\/1124"}],"up":[{"embeddable":true,"href":"https:\/\/www.sastamalankylat.fi\/keikya\/wp-json\/wp\/v2\/pages\/44"}],"wp:attachment":[{"href":"https:\/\/www.sastamalankylat.fi\/keikya\/wp-json\/wp\/v2\/media?parent=392"}],"curies":[{"name":"wp","href":"https:\/\/api.w.org\/{rel}","templated":true}]}}