{"id":385,"date":"2013-10-13T23:21:43","date_gmt":"2013-10-13T20:21:43","guid":{"rendered":"http:\/\/www.sastamalankylat.fi\/keikya\/?page_id=385"},"modified":"2013-10-13T23:25:00","modified_gmt":"2013-10-13T20:25:00","slug":"perinnepatsas","status":"publish","type":"page","link":"https:\/\/www.sastamalankylat.fi\/keikya\/nahtavyydet\/perinnepatsas\/","title":{"rendered":"Perinnepatsas"},"content":{"rendered":"<p>Patsas\u00a0 sijaitsee Pehulassa jokit\u00f6rm\u00e4ll\u00e4 puiden katveessa voimalaitosmilj\u00f6\u00f6ss\u00e4, kerrostaloja vastap\u00e4\u00e4t\u00e4. Pieni puistikko onkin kansan suussa saanut nimekseen Patsaspuisto.<a href=\"https:\/\/i0.wp.com\/www.sastamalankylat.fi\/keikya\/wp-content\/uploads\/sites\/9\/2013\/09\/Patsas.jpg\"><img data-recalc-dims=\"1\" loading=\"lazy\" decoding=\"async\" data-attachment-id=\"382\" data-permalink=\"https:\/\/www.sastamalankylat.fi\/keikya\/nahtavyydet\/patsas\/\" data-orig-file=\"https:\/\/i0.wp.com\/www.sastamalankylat.fi\/keikya\/wp-content\/uploads\/sites\/9\/2013\/09\/Patsas.jpg?fit=268%2C360&amp;ssl=1\" data-orig-size=\"268,360\" data-comments-opened=\"0\" data-image-meta=\"{&quot;aperture&quot;:&quot;0&quot;,&quot;credit&quot;:&quot;&quot;,&quot;camera&quot;:&quot;&quot;,&quot;caption&quot;:&quot;&quot;,&quot;created_timestamp&quot;:&quot;0&quot;,&quot;copyright&quot;:&quot;&quot;,&quot;focal_length&quot;:&quot;0&quot;,&quot;iso&quot;:&quot;0&quot;,&quot;shutter_speed&quot;:&quot;0&quot;,&quot;title&quot;:&quot;&quot;}\" data-image-title=\"Patsas\" data-image-description=\"\" data-image-caption=\"\" data-large-file=\"https:\/\/i0.wp.com\/www.sastamalankylat.fi\/keikya\/wp-content\/uploads\/sites\/9\/2013\/09\/Patsas.jpg?fit=268%2C360&amp;ssl=1\" class=\"size-medium wp-image-382 alignright\" alt=\"Patsas\" src=\"https:\/\/i0.wp.com\/www.sastamalankylat.fi\/keikya\/wp-content\/uploads\/sites\/9\/2013\/09\/Patsas.jpg?resize=223%2C300\" width=\"223\" height=\"300\" srcset=\"https:\/\/i0.wp.com\/www.sastamalankylat.fi\/keikya\/wp-content\/uploads\/sites\/9\/2013\/09\/Patsas.jpg?resize=223%2C300&amp;ssl=1 223w, https:\/\/i0.wp.com\/www.sastamalankylat.fi\/keikya\/wp-content\/uploads\/sites\/9\/2013\/09\/Patsas.jpg?w=268&amp;ssl=1 268w\" sizes=\"auto, (max-width: 223px) 100vw, 223px\" \/><\/a><\/p>\n<p>Muistomerkin on lahjoittanut ja hankkinut Lions-Club \u00c4ets\u00e4\/Keiky\u00e4 vuonna 1987 kotikunnan kaunistukseksi ja vanhojen k\u00e4sity\u00f6perinteiden kunnioittamiseksi.<\/p>\n<p>Voisi kuvitella kauppamiehen, olallaan \u201dsatsi\u201d eli monilokeroinen laatikko pikkutavaroita varten ja sel\u00e4ss\u00e4\u00e4n mm. haapalastukoreja-, hattuja ja sukkuloita, tulleen veneell\u00e4 jokea pitkin ja nousseen maihin jatkaakseen jalan kauppamatkaansa.<\/p>\n<p>Patsaan on suunnitellut prof. Ensio Sepp\u00e4nen Kemist\u00e4 ja se kuvaa seudun vahvaa k\u00e4sity\u00f6taitoa ja liike-el\u00e4m\u00e4\u00e4. Samalla paikalla on sijainnut Tuomisen kuuluisa haapalastukoppaverstas ja jotkut ovat n\u00e4kevin\u00e4\u00e4n kauppiaan kasvonpiiteiss\u00e4 Oskari Tuomisen n\u00e4k\u00f6\u00e4, vaikka taiteilija ei ollut n\u00e4hnyt edes kuvaa h\u00e4nest\u00e4. Veistoksen jalusta on keiky\u00e4l\u00e4isen Syr\u00e9nin Kiviveist\u00e4m\u00f6n k\u00e4sialaa ja se on valmistettu Oulaisten Helmi-nimisest\u00e4 graniitista.<\/p>\n<p>Rahoittajina olivat \u00c4ets\u00e4n kunta, Finnish Chemicals Oy sek\u00e4 paikalliset teollisuuslaitokset, liikeyritykset ja pankit ym. Jalustan takaosassa on lista suurimmista tukijoista.<\/p>\n<p>Valaistu patsas on luovutettu kunnan hoitoon ja kunta, nykyisin Sastamalan kaupunki\u00a0 hoitaa my\u00f6s puiston.<\/p>\n<p>L\u00e4heisyydess\u00e4 on kirkkovenevaja, joka valmistettiin kansalaisopiston rakennuspiirin\u00e4. Itse puisto on erilaisen tapahtumien, kilpailujen ja virkistys- ja veneilij\u00f6iden, taukopaikka.<\/p>\n<p>Koonnut 11.10.-13.T. Heinonen<\/p>\n<p>&nbsp;<\/p>\n<!-- AddThis Advanced Settings generic via filter on the_content --><!-- AddThis Share Buttons generic via filter on the_content -->","protected":false},"excerpt":{"rendered":"<p>Patsas\u00a0 sijaitsee Pehulassa jokit\u00f6rm\u00e4ll\u00e4 puiden katveessa voimalaitosmilj\u00f6\u00f6ss\u00e4, kerrostaloja vastap\u00e4\u00e4t\u00e4. Pieni puistikko onkin kansan suussa saanut nimekseen Patsaspuisto. Muistomerkin on lahjoittanut ja hankkinut Lions-Club \u00c4ets\u00e4\/Keiky\u00e4 vuonna 1987 kotikunnan kaunistukseksi ja vanhojen k\u00e4sity\u00f6perinteiden kunnioittamiseksi. Voisi kuvitella kauppamiehen, olallaan \u201dsatsi\u201d eli monilokeroinen laatikko pikkutavaroita varten ja sel\u00e4ss\u00e4\u00e4n mm. haapalastukoreja-, hattuja ja sukkuloita, tulleen veneell\u00e4 jokea pitkin ja nousseen [&hellip;]<!-- AddThis Advanced Settings generic via filter on wp_trim_excerpt --><!-- AddThis Share Buttons generic via filter on wp_trim_excerpt --><\/p>\n","protected":false},"author":11,"featured_media":0,"parent":44,"menu_order":0,"comment_status":"closed","ping_status":"closed","template":"","meta":{"jetpack_post_was_ever_published":false,"footnotes":""},"class_list":["post-385","page","type-page","status-publish","hentry"],"aioseo_notices":[],"jetpack_shortlink":"https:\/\/wp.me\/P7LG8D-6d","jetpack_likes_enabled":true,"jetpack-related-posts":[],"jetpack_sharing_enabled":true,"_links":{"self":[{"href":"https:\/\/www.sastamalankylat.fi\/keikya\/wp-json\/wp\/v2\/pages\/385","targetHints":{"allow":["GET"]}}],"collection":[{"href":"https:\/\/www.sastamalankylat.fi\/keikya\/wp-json\/wp\/v2\/pages"}],"about":[{"href":"https:\/\/www.sastamalankylat.fi\/keikya\/wp-json\/wp\/v2\/types\/page"}],"author":[{"embeddable":true,"href":"https:\/\/www.sastamalankylat.fi\/keikya\/wp-json\/wp\/v2\/users\/11"}],"replies":[{"embeddable":true,"href":"https:\/\/www.sastamalankylat.fi\/keikya\/wp-json\/wp\/v2\/comments?post=385"}],"version-history":[{"count":2,"href":"https:\/\/www.sastamalankylat.fi\/keikya\/wp-json\/wp\/v2\/pages\/385\/revisions"}],"predecessor-version":[{"id":390,"href":"https:\/\/www.sastamalankylat.fi\/keikya\/wp-json\/wp\/v2\/pages\/385\/revisions\/390"}],"up":[{"embeddable":true,"href":"https:\/\/www.sastamalankylat.fi\/keikya\/wp-json\/wp\/v2\/pages\/44"}],"wp:attachment":[{"href":"https:\/\/www.sastamalankylat.fi\/keikya\/wp-json\/wp\/v2\/media?parent=385"}],"curies":[{"name":"wp","href":"https:\/\/api.w.org\/{rel}","templated":true}]}}