{"id":294,"date":"2013-10-02T00:16:11","date_gmt":"2013-10-01T21:16:11","guid":{"rendered":"http:\/\/www.sastamalankylat.fi\/keikya\/?page_id=294"},"modified":"2013-10-02T00:16:30","modified_gmt":"2013-10-01T21:16:30","slug":"294-2","status":"publish","type":"page","link":"https:\/\/www.sastamalankylat.fi\/keikya\/esimerkkisivu\/honkolan-kylan-historiaa\/294-2\/","title":{"rendered":"El\u00e4m\u00e4\u00e4 Honkolassa 1939"},"content":{"rendered":"<div id=\"attachment_296\" style=\"width: 210px\" class=\"wp-caption alignright\"><a href=\"https:\/\/i0.wp.com\/www.sastamalankylat.fi\/keikya\/wp-content\/uploads\/sites\/9\/2013\/10\/honkolankoulu_1938.jpg\"><img data-recalc-dims=\"1\" loading=\"lazy\" decoding=\"async\" aria-describedby=\"caption-attachment-296\" data-attachment-id=\"296\" data-permalink=\"https:\/\/www.sastamalankylat.fi\/keikya\/esimerkkisivu\/honkolan-kylan-historiaa\/294-2\/honkolankoulu_1938\/\" data-orig-file=\"https:\/\/i0.wp.com\/www.sastamalankylat.fi\/keikya\/wp-content\/uploads\/sites\/9\/2013\/10\/honkolankoulu_1938.jpg?fit=200%2C132&amp;ssl=1\" data-orig-size=\"200,132\" data-comments-opened=\"0\" data-image-meta=\"{&quot;aperture&quot;:&quot;0&quot;,&quot;credit&quot;:&quot;&quot;,&quot;camera&quot;:&quot;&quot;,&quot;caption&quot;:&quot;&quot;,&quot;created_timestamp&quot;:&quot;0&quot;,&quot;copyright&quot;:&quot;&quot;,&quot;focal_length&quot;:&quot;0&quot;,&quot;iso&quot;:&quot;0&quot;,&quot;shutter_speed&quot;:&quot;0&quot;,&quot;title&quot;:&quot;&quot;}\" data-image-title=\"honkolankoulu_1938\" data-image-description=\"\" data-image-caption=\"&lt;p&gt;Honkolan koulu vuonna 1938. Opettajat Katri ja Matti Laine sek\u00e4 Maria Ahtola. Kuva Anneli Madekiven kokoelmista.&lt;\/p&gt;\n\" data-large-file=\"https:\/\/i0.wp.com\/www.sastamalankylat.fi\/keikya\/wp-content\/uploads\/sites\/9\/2013\/10\/honkolankoulu_1938.jpg?fit=200%2C132&amp;ssl=1\" class=\"size-full wp-image-296\" alt=\"Honkolan koulu vuonna 1938. Opettajat Katri ja Matti Laine sek\u00e4 Maria Ahtola. Kuva Anneli Madekiven kokoelmista.\" src=\"https:\/\/i0.wp.com\/www.sastamalankylat.fi\/keikya\/wp-content\/uploads\/sites\/9\/2013\/10\/honkolankoulu_1938.jpg?resize=200%2C132\" width=\"200\" height=\"132\" \/><\/a><p id=\"caption-attachment-296\" class=\"wp-caption-text\">Honkolan koulu vuonna 1938. Opettajat Katri ja Matti Laine sek\u00e4 Maria Ahtola. Kuva Anneli Madekiven kokoelmista.<\/p><\/div>\n<p>Pime\u00e4\u00e4 ja ankeaa se vuoden 1939 syksy oli, kun me koululaiset k\u00e4vimme koulua sen syksyn ja talven. Koulua oli k\u00e4yty kolme kuukautta, kun tuli se p\u00e4iv\u00e4, mink\u00e4 me oppilaat aina muistamme. Se oli torstai marraskuun 30 p\u00e4iv\u00e4, muistaakseni opettaja Maria Ahtola piti meille juuri laulutuntia, kun luokan ovi avautui ja opettaja Laine tuli luokkaan ja sanoi:\u201d Sota on syttynyt, ven\u00e4l\u00e4iset ovat pommittaneet jo my\u00f6skin Poria. Koululaiset saavat l\u00e4hte\u00e4 nyt kotiin, mutta tulkaa aamulla normaalisti kouluun.\u201d Kyll\u00e4 siin\u00e4 tuli meille oppilaille kiire kotiin. En tied\u00e4 milt\u00e4 niist\u00e4 oppilaista tuntui, jotka asuivat Villil\u00e4ss\u00e4 pitemm\u00e4n matkan takana. Sen muistan, ett\u00e4 itse vedin nopeasti p\u00e4\u00e4llystakin ylleni ja lakin p\u00e4\u00e4h\u00e4n ja l\u00e4hdin juosten Saineen pihan l\u00e4pi kotiin siit\u00e4 vaan piikkilanka-aidan l\u00e4vitse.<\/p>\n<p>Koulun rajoille oli tehty piikkilanka-aita, mutta me naapurin lapset olimme tehneet aitaan aukon ja oikaisimme sen l\u00e4pi kouluun. Kyll\u00e4 min\u00e4 useammin maantien kautta menin kouluun, eih\u00e4n se matka pitk\u00e4 ollut, mutta silloin marraskuun viimeisen\u00e4 p\u00e4iv\u00e4n\u00e4 oli kiire kotiin.<br \/>\nIlmah\u00e4lytyksi\u00e4 oli p\u00e4ivitt\u00e4in, kun ven\u00e4l\u00e4iset pommikoneet lensiv\u00e4t korkealla matkalla pommittamaan Poria ja muita l\u00e4nsirannikon kaupunkeja. Muista kyll\u00e4 kuinka t\u00e4\u00e4ll\u00e4kin pel\u00e4ttiin klooritehtaan ja voimalaitoksen takia kun tuli ilmah\u00e4lytys. Jos pommitus olisi tullut, olisi opettaja Laine vienyt oppilaat suureen kellariin turvaan, joka sijaitsi Heimolan ja Saineen puoleisella rajalla. Sen ymp\u00e4rill\u00e4 kasvoi suuria kuusia.<br \/>\nJoulup\u00e4\u00e4t\u00f6skin pidettiin, siell\u00e4 oppilaat esittiv\u00e4t joululeikkej\u00e4 ja lauluja ja aina oli my\u00f6skin joku n\u00e4ytelm\u00e4. Viimeksi oli aina joulupukki apunaan pari tonttua, jotka jakoivat oppilaille pullapussit. Pussit olivat ruskeita paperipusseja ja joka pussissa oli vehn\u00e4pulla, omena, pari piparkakkua, siirappileipi\u00e4 ja kolme, nelj\u00e4 karkkia. N\u00e4m\u00e4 kuusijuhlapussit olivat hyvin mieleisi\u00e4 sota-ajan koululaisille, koska kaikesta alkoi olla puute.<br \/>\n<i>Kaisa Siivonen koonnut Anneli Madekiven muistelmista.<\/i><\/p>\n<!-- AddThis Advanced Settings generic via filter on the_content --><!-- AddThis Share Buttons generic via filter on the_content -->","protected":false},"excerpt":{"rendered":"<p>Pime\u00e4\u00e4 ja ankeaa se vuoden 1939 syksy oli, kun me koululaiset k\u00e4vimme koulua sen syksyn ja talven. Koulua oli k\u00e4yty kolme kuukautta, kun tuli se p\u00e4iv\u00e4, mink\u00e4 me oppilaat aina muistamme. Se oli torstai marraskuun 30 p\u00e4iv\u00e4, muistaakseni opettaja Maria Ahtola piti meille juuri laulutuntia, kun luokan ovi avautui ja opettaja Laine tuli luokkaan ja [&hellip;]<!-- AddThis Advanced Settings generic via filter on wp_trim_excerpt --><!-- AddThis Share Buttons generic via filter on wp_trim_excerpt --><\/p>\n","protected":false},"author":11,"featured_media":0,"parent":120,"menu_order":0,"comment_status":"closed","ping_status":"closed","template":"","meta":{"jetpack_post_was_ever_published":false,"footnotes":""},"class_list":["post-294","page","type-page","status-publish","hentry"],"aioseo_notices":[],"jetpack_shortlink":"https:\/\/wp.me\/P7LG8D-4K","jetpack_likes_enabled":true,"jetpack-related-posts":[],"jetpack_sharing_enabled":true,"_links":{"self":[{"href":"https:\/\/www.sastamalankylat.fi\/keikya\/wp-json\/wp\/v2\/pages\/294","targetHints":{"allow":["GET"]}}],"collection":[{"href":"https:\/\/www.sastamalankylat.fi\/keikya\/wp-json\/wp\/v2\/pages"}],"about":[{"href":"https:\/\/www.sastamalankylat.fi\/keikya\/wp-json\/wp\/v2\/types\/page"}],"author":[{"embeddable":true,"href":"https:\/\/www.sastamalankylat.fi\/keikya\/wp-json\/wp\/v2\/users\/11"}],"replies":[{"embeddable":true,"href":"https:\/\/www.sastamalankylat.fi\/keikya\/wp-json\/wp\/v2\/comments?post=294"}],"version-history":[{"count":2,"href":"https:\/\/www.sastamalankylat.fi\/keikya\/wp-json\/wp\/v2\/pages\/294\/revisions"}],"predecessor-version":[{"id":298,"href":"https:\/\/www.sastamalankylat.fi\/keikya\/wp-json\/wp\/v2\/pages\/294\/revisions\/298"}],"up":[{"embeddable":true,"href":"https:\/\/www.sastamalankylat.fi\/keikya\/wp-json\/wp\/v2\/pages\/120"}],"wp:attachment":[{"href":"https:\/\/www.sastamalankylat.fi\/keikya\/wp-json\/wp\/v2\/media?parent=294"}],"curies":[{"name":"wp","href":"https:\/\/api.w.org\/{rel}","templated":true}]}}