{"id":2,"date":"2013-07-02T19:44:21","date_gmt":"2013-07-02T16:44:21","guid":{"rendered":"http:\/\/www.sastamalankylat.fi\/keikya\/?page_id=2"},"modified":"2013-10-23T00:41:19","modified_gmt":"2013-10-22T21:41:19","slug":"esimerkkisivu","status":"publish","type":"page","link":"https:\/\/www.sastamalankylat.fi\/keikya\/esimerkkisivu\/","title":{"rendered":"Historiaa"},"content":{"rendered":"<p><a title=\"Silm\u00e4yksi\u00e4 entisen Keiky\u00e4n kunnan historiaan\" href=\"http:\/\/www.sastamalankylat.fi\/keikya\/esimerkkisivu\/silmayksia-entisen-keikyan-kunnan-historiaan\/\"><span style=\"color: #3366ff\">Silm\u00e4yksi\u00e4 Keiky\u00e4n kunnan historiaan <a href=\"https:\/\/i0.wp.com\/www.sastamalankylat.fi\/keikya\/wp-content\/uploads\/sites\/9\/2013\/10\/Sastamalan-kyl%C3%A4kartta-II11.jpg\"><img data-recalc-dims=\"1\" loading=\"lazy\" decoding=\"async\" data-attachment-id=\"376\" data-permalink=\"https:\/\/www.sastamalankylat.fi\/keikya\/sastamalan-kylakartta-ii11\/\" data-orig-file=\"https:\/\/i0.wp.com\/www.sastamalankylat.fi\/keikya\/wp-content\/uploads\/sites\/9\/2013\/10\/Sastamalan-kyl%C3%A4kartta-II11.jpg?fit=463%2C600&amp;ssl=1\" data-orig-size=\"463,600\" data-comments-opened=\"0\" data-image-meta=\"{&quot;aperture&quot;:&quot;0&quot;,&quot;credit&quot;:&quot;&quot;,&quot;camera&quot;:&quot;&quot;,&quot;caption&quot;:&quot;&quot;,&quot;created_timestamp&quot;:&quot;0&quot;,&quot;copyright&quot;:&quot;&quot;,&quot;focal_length&quot;:&quot;0&quot;,&quot;iso&quot;:&quot;0&quot;,&quot;shutter_speed&quot;:&quot;0&quot;,&quot;title&quot;:&quot;&quot;}\" data-image-title=\"Sastamalan kyl\u00e4kartta\" data-image-description=\"\" data-image-caption=\"\" data-large-file=\"https:\/\/i0.wp.com\/www.sastamalankylat.fi\/keikya\/wp-content\/uploads\/sites\/9\/2013\/10\/Sastamalan-kyl%C3%A4kartta-II11.jpg?fit=463%2C600&amp;ssl=1\" class=\"size-medium wp-image-376 alignright\" alt=\"Sastamalan kyl\u00e4kartta\" src=\"https:\/\/i0.wp.com\/www.sastamalankylat.fi\/keikya\/wp-content\/uploads\/sites\/9\/2013\/10\/Sastamalan-kyl%C3%A4kartta-II11.jpg?resize=231%2C300\" width=\"231\" height=\"300\" srcset=\"https:\/\/i0.wp.com\/www.sastamalankylat.fi\/keikya\/wp-content\/uploads\/sites\/9\/2013\/10\/Sastamalan-kyl%C3%A4kartta-II11.jpg?resize=231%2C300&amp;ssl=1 231w, https:\/\/i0.wp.com\/www.sastamalankylat.fi\/keikya\/wp-content\/uploads\/sites\/9\/2013\/10\/Sastamalan-kyl%C3%A4kartta-II11.jpg?w=463&amp;ssl=1 463w\" sizes=\"auto, (max-width: 231px) 100vw, 231px\" \/><\/a><\/span><\/a><\/p>\n<p><a title=\"Honkolan kyl\u00e4n historiaa\" href=\"http:\/\/www.sastamalankylat.fi\/keikya\/esimerkkisivu\/honkolan-kylan-historiaa\/\">Honkolan kyl\u00e4n historiaa<\/a><\/p>\n<p><a title=\"Pehulan kyl\u00e4n historiaa\" href=\"http:\/\/www.sastamalankylat.fi\/keikya\/esimerkkisivu\/pehulan-kylan-historiaa\/\">Pehulan kyl\u00e4n historiaa<\/a><\/p>\n<!-- AddThis Advanced Settings generic via filter on the_content --><!-- AddThis Share Buttons generic via filter on the_content -->","protected":false},"excerpt":{"rendered":"<p>Silm\u00e4yksi\u00e4 Keiky\u00e4n kunnan historiaan Honkolan kyl\u00e4n historiaa Pehulan kyl\u00e4n historiaa<!-- AddThis Advanced Settings generic via filter on wp_trim_excerpt --><!-- AddThis Share Buttons generic via filter on wp_trim_excerpt --><\/p>\n","protected":false},"author":11,"featured_media":0,"parent":0,"menu_order":0,"comment_status":"closed","ping_status":"closed","template":"","meta":{"jetpack_post_was_ever_published":false,"footnotes":""},"class_list":["post-2","page","type-page","status-publish","hentry"],"aioseo_notices":[],"jetpack_shortlink":"https:\/\/wp.me\/P7LG8D-2","jetpack_likes_enabled":true,"jetpack-related-posts":[],"jetpack_sharing_enabled":true,"_links":{"self":[{"href":"https:\/\/www.sastamalankylat.fi\/keikya\/wp-json\/wp\/v2\/pages\/2","targetHints":{"allow":["GET"]}}],"collection":[{"href":"https:\/\/www.sastamalankylat.fi\/keikya\/wp-json\/wp\/v2\/pages"}],"about":[{"href":"https:\/\/www.sastamalankylat.fi\/keikya\/wp-json\/wp\/v2\/types\/page"}],"author":[{"embeddable":true,"href":"https:\/\/www.sastamalankylat.fi\/keikya\/wp-json\/wp\/v2\/users\/11"}],"replies":[{"embeddable":true,"href":"https:\/\/www.sastamalankylat.fi\/keikya\/wp-json\/wp\/v2\/comments?post=2"}],"version-history":[{"count":2,"href":"https:\/\/www.sastamalankylat.fi\/keikya\/wp-json\/wp\/v2\/pages\/2\/revisions"}],"predecessor-version":[{"id":454,"href":"https:\/\/www.sastamalankylat.fi\/keikya\/wp-json\/wp\/v2\/pages\/2\/revisions\/454"}],"wp:attachment":[{"href":"https:\/\/www.sastamalankylat.fi\/keikya\/wp-json\/wp\/v2\/media?parent=2"}],"curies":[{"name":"wp","href":"https:\/\/api.w.org\/{rel}","templated":true}]}}