{"id":194,"date":"2013-09-29T23:23:27","date_gmt":"2013-09-29T20:23:27","guid":{"rendered":"http:\/\/www.sastamalankylat.fi\/keikya\/?page_id=194"},"modified":"2013-10-09T23:50:56","modified_gmt":"2013-10-09T20:50:56","slug":"pehulan-kylan-historiaa","status":"publish","type":"page","link":"https:\/\/www.sastamalankylat.fi\/keikya\/esimerkkisivu\/pehulan-kylan-historiaa\/","title":{"rendered":"Pehulan kyl\u00e4n historiaa"},"content":{"rendered":"<div id=\"attachment_196\" style=\"width: 210px\" class=\"wp-caption alignright\"><a href=\"https:\/\/i0.wp.com\/www.sastamalankylat.fi\/keikya\/wp-content\/uploads\/sites\/9\/2013\/09\/riippusilta1.jpg\"><img data-recalc-dims=\"1\" loading=\"lazy\" decoding=\"async\" aria-describedby=\"caption-attachment-196\" data-attachment-id=\"196\" data-permalink=\"https:\/\/www.sastamalankylat.fi\/keikya\/esimerkkisivu\/pehulan-kylan-historiaa\/riippusilta-2\/\" data-orig-file=\"https:\/\/i0.wp.com\/www.sastamalankylat.fi\/keikya\/wp-content\/uploads\/sites\/9\/2013\/09\/riippusilta1.jpg?fit=200%2C150&amp;ssl=1\" data-orig-size=\"200,150\" data-comments-opened=\"0\" data-image-meta=\"{&quot;aperture&quot;:&quot;0&quot;,&quot;credit&quot;:&quot;&quot;,&quot;camera&quot;:&quot;&quot;,&quot;caption&quot;:&quot;&quot;,&quot;created_timestamp&quot;:&quot;0&quot;,&quot;copyright&quot;:&quot;&quot;,&quot;focal_length&quot;:&quot;0&quot;,&quot;iso&quot;:&quot;0&quot;,&quot;shutter_speed&quot;:&quot;0&quot;,&quot;title&quot;:&quot;&quot;}\" data-image-title=\"riippusilta\" data-image-description=\"\" data-image-caption=\"&lt;p&gt;Suomen pisin riippusilta&lt;\/p&gt;\n\" data-large-file=\"https:\/\/i0.wp.com\/www.sastamalankylat.fi\/keikya\/wp-content\/uploads\/sites\/9\/2013\/09\/riippusilta1.jpg?fit=200%2C150&amp;ssl=1\" class=\"size-full wp-image-196\" alt=\"Suomen pisin riippusilta\" src=\"https:\/\/i0.wp.com\/www.sastamalankylat.fi\/keikya\/wp-content\/uploads\/sites\/9\/2013\/09\/riippusilta1.jpg?resize=200%2C150\" width=\"200\" height=\"150\" \/><\/a><p id=\"caption-attachment-196\" class=\"wp-caption-text\">Suomen pisin puinen riippusilta<\/p><\/div>\n<p>Pehulan ja Meskalan kyl\u00e4t kuuluvat niin sanottuihin ruotsalaisen oikeuden kyliin ja ovat siten syntyneet 1300-luvun puolella. Asutuksen levi\u00e4miseen on vaikuttanut hyv\u00e4 kulkuv\u00e4yl\u00e4 eli kalaisa Kokem\u00e4enjoki. Meskalassa mainitaan 1500-luvulta kolme taloa ja Pehulasta viisi. Meskalankosken eli Malvakosken ja Pehulankosken rannoilla oli aikoinaan useita myllyj\u00e4 seudun alkuper\u00e4ist\u00e4 p\u00e4\u00e4elinkeinoa eli maanviljelyst\u00e4 tukemassa. Myllytie jokirannassa on muisto vanhoista ajoista. Jonas Str\u00e4ngin kartassa vuodelta 1645 mainitaan Pehulankosken myllyn olleen k\u00e4yt\u00f6ss\u00e4 kautta vuoden. Samalta vuosisadalta kerrotaan my\u00f6s Meskalan kosken mertapaikoista ja joen kalastuspaikoista.<\/p>\n<div id=\"attachment_197\" style=\"width: 210px\" class=\"wp-caption alignright\"><a href=\"https:\/\/i0.wp.com\/www.sastamalankylat.fi\/keikya\/wp-content\/uploads\/sites\/9\/2013\/09\/patsaspuiston_patsas.jpg\"><img data-recalc-dims=\"1\" loading=\"lazy\" decoding=\"async\" aria-describedby=\"caption-attachment-197\" data-attachment-id=\"197\" data-permalink=\"https:\/\/www.sastamalankylat.fi\/keikya\/esimerkkisivu\/pehulan-kylan-historiaa\/patsaspuiston_patsas\/\" data-orig-file=\"https:\/\/i0.wp.com\/www.sastamalankylat.fi\/keikya\/wp-content\/uploads\/sites\/9\/2013\/09\/patsaspuiston_patsas.jpg?fit=200%2C150&amp;ssl=1\" data-orig-size=\"200,150\" data-comments-opened=\"0\" data-image-meta=\"{&quot;aperture&quot;:&quot;0&quot;,&quot;credit&quot;:&quot;&quot;,&quot;camera&quot;:&quot;&quot;,&quot;caption&quot;:&quot;&quot;,&quot;created_timestamp&quot;:&quot;0&quot;,&quot;copyright&quot;:&quot;&quot;,&quot;focal_length&quot;:&quot;0&quot;,&quot;iso&quot;:&quot;0&quot;,&quot;shutter_speed&quot;:&quot;0&quot;,&quot;title&quot;:&quot;&quot;}\" data-image-title=\"perinnepatsas\" data-image-description=\"\" data-image-caption=\"\" data-large-file=\"https:\/\/i0.wp.com\/www.sastamalankylat.fi\/keikya\/wp-content\/uploads\/sites\/9\/2013\/09\/patsaspuiston_patsas.jpg?fit=200%2C150&amp;ssl=1\" class=\"size-full wp-image-197\" alt=\"Perinnepatsas patsaspuistossa\" src=\"https:\/\/i0.wp.com\/www.sastamalankylat.fi\/keikya\/wp-content\/uploads\/sites\/9\/2013\/09\/patsaspuiston_patsas.jpg?resize=200%2C150\" width=\"200\" height=\"150\" \/><\/a><p id=\"caption-attachment-197\" class=\"wp-caption-text\">Perinnepatsas patsaspuistossa<\/p><\/div>\n<p>Alkutuotannon ohella kehittyi k\u00e4sit\u00f6iden valmistus, joka muuttui seudulla v\u00e4hitellen kotiteollisuudeksi. Jo 1800-luvun alusta pohjoispuolellakin jokea tehtiin melkein joka asunnossa lankanappeja, joskin varsinainen k\u00e4sity\u00f6keskittym\u00e4 oli joen etel\u00e4puolella (esimerkiksi sukkulat ja kammat). Maankuulu koppa- ja lastuteollisuus kukoisti 1900-luvun alusta l\u00e4htien. Meskalan kosken partaalla toimivat Tuomisen koppasuvun verstaat 1960-luvulle asti. Suku ty\u00f6llisti runsaasti perheit\u00e4 aina Kauvatsaa my\u00f6den.<\/p>\n<p>Kun \u00c4ets\u00e4n asema otettiin k\u00e4ytt\u00f6\u00f6n vuonna 1902, seudun tehdasteollisuus sai vauhtia. Vuonna 1898 Pehulaan kosken partaalle perustettu \u00c4ets\u00e4n villakehruutehdas antoi sys\u00e4yksen teollisuuden kasvulle. tehtaan toiminnan loputtua paikalle syntyi mittavaa kemianteollisuutta. 1990-luvulle asti Finnish Chemicals Oy valmisti muun muassa klooria ja sen valmistuksen loputtua p\u00e4\u00e4tuotteita ovat muun muassa mets\u00e4teollisuudelle toimitettavat kemian tuotteet sek\u00e4 l\u00e4\u00e4keteollisuudelle maailmanlaajuisesti toimitettavat hienokemian tuotteet. Kotiteollisuus s\u00e4ilyi silti omana lajinaan muuttuen vuosien mukana mittavaksi laukkuteollisuudeksi.<\/p>\n<!-- AddThis Advanced Settings generic via filter on the_content --><!-- AddThis Share Buttons generic via filter on the_content -->","protected":false},"excerpt":{"rendered":"<p>Pehulan ja Meskalan kyl\u00e4t kuuluvat niin sanottuihin ruotsalaisen oikeuden kyliin ja ovat siten syntyneet 1300-luvun puolella. Asutuksen levi\u00e4miseen on vaikuttanut hyv\u00e4 kulkuv\u00e4yl\u00e4 eli kalaisa Kokem\u00e4enjoki. Meskalassa mainitaan 1500-luvulta kolme taloa ja Pehulasta viisi. Meskalankosken eli Malvakosken ja Pehulankosken rannoilla oli aikoinaan useita myllyj\u00e4 seudun alkuper\u00e4ist\u00e4 p\u00e4\u00e4elinkeinoa eli maanviljelyst\u00e4 tukemassa. Myllytie jokirannassa on muisto vanhoista ajoista. [&hellip;]<!-- AddThis Advanced Settings generic via filter on wp_trim_excerpt --><!-- AddThis Share Buttons generic via filter on wp_trim_excerpt --><\/p>\n","protected":false},"author":11,"featured_media":0,"parent":2,"menu_order":3,"comment_status":"closed","ping_status":"closed","template":"","meta":{"jetpack_post_was_ever_published":false,"footnotes":""},"class_list":["post-194","page","type-page","status-publish","hentry"],"aioseo_notices":[],"jetpack_shortlink":"https:\/\/wp.me\/P7LG8D-38","jetpack_likes_enabled":true,"jetpack-related-posts":[],"jetpack_sharing_enabled":true,"_links":{"self":[{"href":"https:\/\/www.sastamalankylat.fi\/keikya\/wp-json\/wp\/v2\/pages\/194","targetHints":{"allow":["GET"]}}],"collection":[{"href":"https:\/\/www.sastamalankylat.fi\/keikya\/wp-json\/wp\/v2\/pages"}],"about":[{"href":"https:\/\/www.sastamalankylat.fi\/keikya\/wp-json\/wp\/v2\/types\/page"}],"author":[{"embeddable":true,"href":"https:\/\/www.sastamalankylat.fi\/keikya\/wp-json\/wp\/v2\/users\/11"}],"replies":[{"embeddable":true,"href":"https:\/\/www.sastamalankylat.fi\/keikya\/wp-json\/wp\/v2\/comments?post=194"}],"version-history":[{"count":2,"href":"https:\/\/www.sastamalankylat.fi\/keikya\/wp-json\/wp\/v2\/pages\/194\/revisions"}],"predecessor-version":[{"id":262,"href":"https:\/\/www.sastamalankylat.fi\/keikya\/wp-json\/wp\/v2\/pages\/194\/revisions\/262"}],"up":[{"embeddable":true,"href":"https:\/\/www.sastamalankylat.fi\/keikya\/wp-json\/wp\/v2\/pages\/2"}],"wp:attachment":[{"href":"https:\/\/www.sastamalankylat.fi\/keikya\/wp-json\/wp\/v2\/media?parent=194"}],"curies":[{"name":"wp","href":"https:\/\/api.w.org\/{rel}","templated":true}]}}