{"id":1082,"date":"2017-05-01T15:11:36","date_gmt":"2017-05-01T12:11:36","guid":{"rendered":"http:\/\/www.sastamalankylat.fi\/keikya\/?page_id=1082"},"modified":"2025-06-25T20:57:45","modified_gmt":"2025-06-25T17:57:45","slug":"honkolan-jasenmaksut","status":"publish","type":"page","link":"https:\/\/www.sastamalankylat.fi\/keikya\/kylayhdistykset\/honkolan-asukasyhdistys-ry\/honkolan-jasenmaksut\/","title":{"rendered":"Honkolan j\u00e4senmaksut"},"content":{"rendered":"<p>Vuonna 2025 j\u00e4senmaksut:<\/p>\n<p>20 e \/ talous<\/p>\n<p>10 e \/ yhden hengen talous<\/p>\n<p>Jos haluat liitty\u00e4 j\u00e4seneksi, suorita j\u00e4senmaksu tilille FI57 5660 0620 1008 59.<\/p>\n<p>Laita viestikentt\u00e4\u00e4n kaikkien samassa taloudessa asuvien nimet.<\/p>\n<p>&nbsp;<\/p>\n<!-- AddThis Advanced Settings generic via filter on the_content --><!-- AddThis Share Buttons generic via filter on the_content -->","protected":false},"excerpt":{"rendered":"<p>Vuonna 2025 j\u00e4senmaksut: 20 e \/ talous 10 e \/ yhden hengen talous Jos haluat liitty\u00e4 j\u00e4seneksi, suorita j\u00e4senmaksu tilille FI57 5660 0620 1008 59. Laita viestikentt\u00e4\u00e4n kaikkien samassa taloudessa asuvien nimet. &nbsp;<!-- AddThis Advanced Settings generic via filter on wp_trim_excerpt --><!-- AddThis Share Buttons generic via filter on wp_trim_excerpt --><\/p>\n","protected":false},"author":11,"featured_media":0,"parent":60,"menu_order":0,"comment_status":"closed","ping_status":"closed","template":"","meta":{"jetpack_post_was_ever_published":false,"footnotes":""},"class_list":["post-1082","page","type-page","status-publish","hentry"],"aioseo_notices":[],"jetpack_shortlink":"https:\/\/wp.me\/P7LG8D-hs","jetpack_likes_enabled":true,"jetpack-related-posts":[],"jetpack_sharing_enabled":true,"_links":{"self":[{"href":"https:\/\/www.sastamalankylat.fi\/keikya\/wp-json\/wp\/v2\/pages\/1082","targetHints":{"allow":["GET"]}}],"collection":[{"href":"https:\/\/www.sastamalankylat.fi\/keikya\/wp-json\/wp\/v2\/pages"}],"about":[{"href":"https:\/\/www.sastamalankylat.fi\/keikya\/wp-json\/wp\/v2\/types\/page"}],"author":[{"embeddable":true,"href":"https:\/\/www.sastamalankylat.fi\/keikya\/wp-json\/wp\/v2\/users\/11"}],"replies":[{"embeddable":true,"href":"https:\/\/www.sastamalankylat.fi\/keikya\/wp-json\/wp\/v2\/comments?post=1082"}],"version-history":[{"count":8,"href":"https:\/\/www.sastamalankylat.fi\/keikya\/wp-json\/wp\/v2\/pages\/1082\/revisions"}],"predecessor-version":[{"id":1256,"href":"https:\/\/www.sastamalankylat.fi\/keikya\/wp-json\/wp\/v2\/pages\/1082\/revisions\/1256"}],"up":[{"embeddable":true,"href":"https:\/\/www.sastamalankylat.fi\/keikya\/wp-json\/wp\/v2\/pages\/60"}],"wp:attachment":[{"href":"https:\/\/www.sastamalankylat.fi\/keikya\/wp-json\/wp\/v2\/media?parent=1082"}],"curies":[{"name":"wp","href":"https:\/\/api.w.org\/{rel}","templated":true}]}}