{"id":106,"date":"2013-09-21T09:07:12","date_gmt":"2013-09-21T06:07:12","guid":{"rendered":"http:\/\/www.sastamalankylat.fi\/keikya\/?page_id=106"},"modified":"2022-06-04T16:52:38","modified_gmt":"2022-06-04T13:52:38","slug":"johtokunta-2022","status":"publish","type":"page","link":"https:\/\/www.sastamalankylat.fi\/keikya\/kylayhdistykset\/keikyan-kylaseura\/johtokunta-2022\/","title":{"rendered":"Johtokunta"},"content":{"rendered":"<p>Puheenjohtaja: Timo Haapanen p. 045-6603499<br \/>\nVarapuheenjohtaja: Tapani Haapasalo<br \/>\nRahastonhoitaja: Hanna Siuvo-J\u00e4r\u00e4<br \/>\nSihteeri: Kaisu Sepp\u00e4nen<br \/>\nMuut j\u00e4senet: Juha Kursi, Eino Ojala ja Henriikka Raikunen<br \/>\nToiminnan tarkastaja: Leena Miika<br \/>\nSaunan vastuuhenkil\u00f6: Tapani Haapasalo p. 050-4064032<\/p>\n<p>&nbsp;<\/p>\n<!-- AddThis Advanced Settings generic via filter on the_content --><!-- AddThis Share Buttons generic via filter on the_content -->","protected":false},"excerpt":{"rendered":"<p>Puheenjohtaja: Timo Haapanen p. 045-6603499 Varapuheenjohtaja: Tapani Haapasalo Rahastonhoitaja: Hanna Siuvo-J\u00e4r\u00e4 Sihteeri: Kaisu Sepp\u00e4nen Muut j\u00e4senet: Juha Kursi, Eino Ojala ja Henriikka Raikunen Toiminnan tarkastaja: Leena Miika Saunan vastuuhenkil\u00f6: Tapani Haapasalo p. 050-4064032 &nbsp;<!-- AddThis Advanced Settings generic via filter on wp_trim_excerpt --><!-- AddThis Share Buttons generic via filter on wp_trim_excerpt --><\/p>\n","protected":false},"author":11,"featured_media":0,"parent":64,"menu_order":0,"comment_status":"closed","ping_status":"closed","template":"","meta":{"jetpack_post_was_ever_published":false,"footnotes":""},"class_list":["post-106","page","type-page","status-publish","hentry"],"aioseo_notices":[],"jetpack_shortlink":"https:\/\/wp.me\/P7LG8D-1I","jetpack_likes_enabled":true,"jetpack-related-posts":[],"jetpack_sharing_enabled":true,"_links":{"self":[{"href":"https:\/\/www.sastamalankylat.fi\/keikya\/wp-json\/wp\/v2\/pages\/106","targetHints":{"allow":["GET"]}}],"collection":[{"href":"https:\/\/www.sastamalankylat.fi\/keikya\/wp-json\/wp\/v2\/pages"}],"about":[{"href":"https:\/\/www.sastamalankylat.fi\/keikya\/wp-json\/wp\/v2\/types\/page"}],"author":[{"embeddable":true,"href":"https:\/\/www.sastamalankylat.fi\/keikya\/wp-json\/wp\/v2\/users\/11"}],"replies":[{"embeddable":true,"href":"https:\/\/www.sastamalankylat.fi\/keikya\/wp-json\/wp\/v2\/comments?post=106"}],"version-history":[{"count":5,"href":"https:\/\/www.sastamalankylat.fi\/keikya\/wp-json\/wp\/v2\/pages\/106\/revisions"}],"predecessor-version":[{"id":1180,"href":"https:\/\/www.sastamalankylat.fi\/keikya\/wp-json\/wp\/v2\/pages\/106\/revisions\/1180"}],"up":[{"embeddable":true,"href":"https:\/\/www.sastamalankylat.fi\/keikya\/wp-json\/wp\/v2\/pages\/64"}],"wp:attachment":[{"href":"https:\/\/www.sastamalankylat.fi\/keikya\/wp-json\/wp\/v2\/media?parent=106"}],"curies":[{"name":"wp","href":"https:\/\/api.w.org\/{rel}","templated":true}]}}