{"id":860,"date":"2022-05-26T11:19:48","date_gmt":"2022-05-26T08:19:48","guid":{"rendered":"http:\/\/www.sastamalankylat.fi\/kaukolankylaseura\/?page_id=860"},"modified":"2023-06-18T11:36:55","modified_gmt":"2023-06-18T08:36:55","slug":"turvallisuuskysely","status":"publish","type":"page","link":"https:\/\/www.sastamalankylat.fi\/kaukolankylaseura\/turvallisuuskysely\/","title":{"rendered":"Kyl\u00e4turvallisuus"},"content":{"rendered":"<p>Olemme mukana Suomen Kyl\u00e4t ry:n valtakunnallisessa Kyl\u00e4turvallisuus 2025 -hankkeessa maakunnallisena pilottikyl\u00e4n\u00e4.<\/p>\n<p>Kyl\u00e4turvallisuushankkeen ensimm\u00e4isen\u00e4 askeleena toteutettiin Kyl\u00e4turvallisuuskysely, jonka tuloksiin p\u00e4\u00e4set tutustumaan alla olevan linkin kautta.<\/p>\n<p><a href=\"http:\/\/www.sastamalankylat.fi\/kaukolankylaseura\/wp-content\/uploads\/sites\/24\/2022\/07\/Kaukolan-kylan-turvallisuuskyselyn-tulokset-yhteenveto-20220629.pdf\">Kaukolan kyl\u00e4n turvallisuuskyselyn tulokset &#8211; yhteenveto 20220629<\/a><\/p>\n<p>Kyl\u00e4turvallisuus 2025- hankkeen projektip\u00e4\u00e4llikk\u00f6 Pekka Rintala esitteli kyselyn vastauksia <strong>kyl\u00e4kahvilassa 29.6.22<\/strong>.<\/p>\n<p>Hankkeen toisessa vaiheessa kokoonnuimme <strong>Kyl\u00e4turvallisuusiltaan 9.9.22<\/strong> ja jalostimme konkreettisella tavalla eteenp\u00e4in kyl\u00e4turvallisuuskyselyss\u00e4 nousseita teemoja parantaaksemme kyl\u00e4n turvallisuutta yhdess\u00e4 Pirkan Kylien Pekka Rintalan ja Pirkan Kylien Jani Hanhij\u00e4rven kanssa. Alla olevan linkin kautta p\u00e4\u00e4set n\u00e4kem\u00e4\u00e4n illan keskustelujen tuloksia ja hyvi\u00e4 k\u00e4yt\u00e4nn\u00f6n ratkaisuehdotuksia kyl\u00e4turvallisuuden parantamiseksi.<\/p>\n<p><a href=\"http:\/\/www.sastamalankylat.fi\/kaukolankylaseura\/wp-content\/uploads\/sites\/24\/2022\/09\/Kylaturvallisuusilta-9.9.22-muistio.pdf\">Kyl\u00e4turvallisuusilta 9.9.22 muistio<\/a><\/p>\n<p>Kaukolan kyl\u00e4talolla j\u00e4rjestettiin <strong>H\u00e4t\u00e4ensiapukurssi 2.12.22<\/strong>, johon osallistui 15 kyl\u00e4l\u00e4ist\u00e4. Kurssin kouluttajana toimi Auts-Tuotteen Hanna Immonen. Illan aikana opettelimme seuraavia h\u00e4t\u00e4ensiapuun liittyvi\u00e4 asioita:<\/p>\n<div dir=\"auto\"><span class=\"x3nfvp2 x1j61x8r x1fcty0u xdj266r xhhsvwb xat24cr xgzva0m xxymvpz xlup9mm x1kky2od\"><img loading=\"lazy\" decoding=\"async\" src=\"https:\/\/static.xx.fbcdn.net\/images\/emoji.php\/v9\/t3a\/2\/16\/1fa79.png\" alt=\"\ud83e\ude79\" width=\"16\" height=\"16\" \/><\/span>H\u00e4t\u00e4puhelu ja 112Suomi -sovelluksen k\u00e4ytt\u00e4minen<\/div>\n<div dir=\"auto\"><span class=\"x3nfvp2 x1j61x8r x1fcty0u xdj266r xhhsvwb xat24cr xgzva0m xxymvpz xlup9mm x1kky2od\"><img loading=\"lazy\" decoding=\"async\" src=\"https:\/\/static.xx.fbcdn.net\/images\/emoji.php\/v9\/t3a\/2\/16\/1fa79.png\" alt=\"\ud83e\ude79\" width=\"16\" height=\"16\" \/><\/span>Elottomuuden tunnistaminen ja peruselvytys (painelu-puhalluselvytys + defibrillaatio)<\/div>\n<div dir=\"auto\"><span class=\"x3nfvp2 x1j61x8r x1fcty0u xdj266r xhhsvwb xat24cr xgzva0m xxymvpz xlup9mm x1kky2od\"><img loading=\"lazy\" decoding=\"async\" src=\"https:\/\/static.xx.fbcdn.net\/images\/emoji.php\/v9\/t3a\/2\/16\/1fa79.png\" alt=\"\ud83e\ude79\" width=\"16\" height=\"16\" \/><\/span>Tajuttoman henkil\u00f6n auttaminen<\/div>\n<div dir=\"auto\"><span class=\"x3nfvp2 x1j61x8r x1fcty0u xdj266r xhhsvwb xat24cr xgzva0m xxymvpz xlup9mm x1kky2od\"><img loading=\"lazy\" decoding=\"async\" src=\"https:\/\/static.xx.fbcdn.net\/images\/emoji.php\/v9\/t3a\/2\/16\/1fa79.png\" alt=\"\ud83e\ude79\" width=\"16\" height=\"16\" \/><\/span>Tukehtuminen, vierasesineen poisto hengitysteist\u00e4<\/div>\n<div dir=\"auto\"><span class=\"x3nfvp2 x1j61x8r x1fcty0u xdj266r xhhsvwb xat24cr xgzva0m xxymvpz xlup9mm x1kky2od\"><img loading=\"lazy\" decoding=\"async\" src=\"https:\/\/static.xx.fbcdn.net\/images\/emoji.php\/v9\/t3a\/2\/16\/1fa79.png\" alt=\"\ud83e\ude79\" width=\"16\" height=\"16\" \/><\/span>Runsaan verenvuodon tyrehdytt\u00e4minen<\/div>\n<div dir=\"auto\"><span class=\"x3nfvp2 x1j61x8r x1fcty0u xdj266r xhhsvwb xat24cr xgzva0m xxymvpz xlup9mm x1kky2od\"><img loading=\"lazy\" decoding=\"async\" src=\"https:\/\/static.xx.fbcdn.net\/images\/emoji.php\/v9\/t3a\/2\/16\/1fa79.png\" alt=\"\ud83e\ude79\" width=\"16\" height=\"16\" \/><\/span>Sokki, vakava verenkierron h\u00e4iri\u00f6tilanne<\/div>\n<p>Kurkkaa illan tunnelmia videolta: <a href=\"https:\/\/www.youtube.com\/watch?v=vy1oUJTxdPg\">https:\/\/www.youtube.com\/watch?v=vy1oUJTxdPg<\/a><\/p>\n<div class=\"xdj266r x11i5rnm xat24cr x1mh8g0r x1vvkbs x126k92a\">\n<div dir=\"auto\">Kaukolan kyl\u00e4talolle saatiin oma defibrillaattori 4.1.2023. Valtakunnallisen<span style=\"font-size: 1rem\"> Kyl\u00e4turvallisuus 2025 -hankkeen maakunnallisena pilottikyl\u00e4n\u00e4 meille mahdollistui saada Zoll AED Plus -defibrillaattori kyl\u00e4talolle <\/span><span class=\"x3nfvp2 x1j61x8r x1fcty0u xdj266r xhhsvwb xat24cr xgzva0m xxymvpz xlup9mm x1kky2od\" style=\"font-size: 1rem\"><img loading=\"lazy\" decoding=\"async\" src=\"https:\/\/static.xx.fbcdn.net\/images\/emoji.php\/v9\/t1f\/2\/16\/1f64f.png\" alt=\"\ud83d\ude4f\" width=\"16\" height=\"16\" \/><\/span><span style=\"font-size: 1rem\"> Laitteen meille k\u00e4vi luovuttamassa ja k\u00e4ytt\u00f6\u00e4 ohjaamassa Auts-Tuotteen Hanna Immonen ja vastaanottokomiteaan liittyi meid\u00e4n kyl\u00e4l\u00e4isten lis\u00e4ksi my\u00f6s Pirkan Kylien kyl\u00e4asiamies Jani Hanhij\u00e4rvi. D<\/span><span style=\"font-size: 1rem\">efibrillaattori nimettiin Tertuksi <\/span><span class=\"x3nfvp2 x1j61x8r x1fcty0u xdj266r xhhsvwb xat24cr xgzva0m xxymvpz xlup9mm x1kky2od\" style=\"font-size: 1rem\"><img loading=\"lazy\" decoding=\"async\" src=\"https:\/\/static.xx.fbcdn.net\/images\/emoji.php\/v9\/tb4\/2\/16\/1f49b.png\" alt=\"\ud83d\udc9b\" width=\"16\" height=\"16\" \/><\/span><\/div>\n<\/div>\n<div class=\"x11i5rnm xat24cr x1mh8g0r x1vvkbs xtlvy1s x126k92a\">\n<div dir=\"auto\">Videon kyseisen defibrillaattorimallin k\u00e4yt\u00f6st\u00e4 l\u00f6yd\u00e4t <a class=\"x1i10hfl xjbqb8w x6umtig x1b1mbwd xaqea5y xav7gou x9f619 x1ypdohk xt0psk2 xe8uvvx xdj266r x11i5rnm xat24cr x1mh8g0r xexx8yu x4uap5 x18d9i69 xkhd6sd x16tdsg8 x1hl2dhg xggy1nq x1a2a7pz xt0b8zv x1fey0fg\" role=\"link\" href=\"https:\/\/www.youtube.com\/watch?v=pRHS-WDlCdc&amp;fbclid=IwAR1WVNFtfc-Npmgc8fu8yM6qQiHYJSsgZJEDnZT_pC9dDsTkQBBRPUb_u18\" target=\"_blank\" rel=\"nofollow noopener noreferrer\">https:\/\/www.youtube.com\/watch?v=pRHS-WDlCdc<\/a><\/div>\n<\/div>\n<p>&nbsp;<\/p>\n<p><img loading=\"lazy\" decoding=\"async\" class=\"alignright size-full wp-image-963\" src=\"http:\/\/www.sastamalankylat.fi\/kaukolankylaseura\/wp-content\/uploads\/sites\/24\/2023\/06\/317738104-5922360217784678-7462211355488187067-n.jpg\" alt=\"\" width=\"1536\" height=\"2048\" srcset=\"https:\/\/www.sastamalankylat.fi\/kaukolankylaseura\/wp-content\/uploads\/sites\/24\/2023\/06\/317738104-5922360217784678-7462211355488187067-n.jpg 1536w, https:\/\/www.sastamalankylat.fi\/kaukolankylaseura\/wp-content\/uploads\/sites\/24\/2023\/06\/317738104-5922360217784678-7462211355488187067-n-225x300.jpg 225w, https:\/\/www.sastamalankylat.fi\/kaukolankylaseura\/wp-content\/uploads\/sites\/24\/2023\/06\/317738104-5922360217784678-7462211355488187067-n-768x1024.jpg 768w, https:\/\/www.sastamalankylat.fi\/kaukolankylaseura\/wp-content\/uploads\/sites\/24\/2023\/06\/317738104-5922360217784678-7462211355488187067-n-1152x1536.jpg 1152w, https:\/\/www.sastamalankylat.fi\/kaukolankylaseura\/wp-content\/uploads\/sites\/24\/2023\/06\/317738104-5922360217784678-7462211355488187067-n-624x832.jpg 624w\" sizes=\"auto, (max-width: 1536px) 100vw, 1536px\" \/><\/p>\n<!-- AddThis Advanced Settings generic via filter on the_content --><!-- AddThis Share Buttons generic via filter on the_content -->","protected":false},"excerpt":{"rendered":"<p>Olemme mukana Suomen Kyl\u00e4t ry:n valtakunnallisessa Kyl\u00e4turvallisuus 2025 -hankkeessa maakunnallisena pilottikyl\u00e4n\u00e4. Kyl\u00e4turvallisuushankkeen ensimm\u00e4isen\u00e4 askeleena toteutettiin Kyl\u00e4turvallisuuskysely, jonka tuloksiin p\u00e4\u00e4set tutustumaan alla olevan linkin kautta. Kaukolan kyl\u00e4n turvallisuuskyselyn tulokset &#8211; yhteenveto 20220629 Kyl\u00e4turvallisuus 2025- hankkeen projektip\u00e4\u00e4llikk\u00f6 Pekka Rintala esitteli kyselyn vastauksia kyl\u00e4kahvilassa 29.6.22. Hankkeen toisessa vaiheessa kokoonnuimme Kyl\u00e4turvallisuusiltaan 9.9.22 ja jalostimme konkreettisella tavalla eteenp\u00e4in kyl\u00e4turvallisuuskyselyss\u00e4 nousseita [&hellip;]<!-- AddThis Advanced Settings generic via filter on get_the_excerpt --><!-- AddThis Share Buttons generic via filter on get_the_excerpt --><\/p>\n","protected":false},"author":35,"featured_media":0,"parent":0,"menu_order":0,"comment_status":"closed","ping_status":"closed","template":"","meta":{"jetpack_post_was_ever_published":false,"footnotes":""},"class_list":["post-860","page","type-page","status-publish","hentry"],"aioseo_notices":[],"jetpack_shortlink":"https:\/\/wp.me\/P9LdS9-dS","jetpack_sharing_enabled":true,"_links":{"self":[{"href":"https:\/\/www.sastamalankylat.fi\/kaukolankylaseura\/wp-json\/wp\/v2\/pages\/860","targetHints":{"allow":["GET"]}}],"collection":[{"href":"https:\/\/www.sastamalankylat.fi\/kaukolankylaseura\/wp-json\/wp\/v2\/pages"}],"about":[{"href":"https:\/\/www.sastamalankylat.fi\/kaukolankylaseura\/wp-json\/wp\/v2\/types\/page"}],"author":[{"embeddable":true,"href":"https:\/\/www.sastamalankylat.fi\/kaukolankylaseura\/wp-json\/wp\/v2\/users\/35"}],"replies":[{"embeddable":true,"href":"https:\/\/www.sastamalankylat.fi\/kaukolankylaseura\/wp-json\/wp\/v2\/comments?post=860"}],"version-history":[{"count":14,"href":"https:\/\/www.sastamalankylat.fi\/kaukolankylaseura\/wp-json\/wp\/v2\/pages\/860\/revisions"}],"predecessor-version":[{"id":964,"href":"https:\/\/www.sastamalankylat.fi\/kaukolankylaseura\/wp-json\/wp\/v2\/pages\/860\/revisions\/964"}],"wp:attachment":[{"href":"https:\/\/www.sastamalankylat.fi\/kaukolankylaseura\/wp-json\/wp\/v2\/media?parent=860"}],"curies":[{"name":"wp","href":"https:\/\/api.w.org\/{rel}","templated":true}]}}