{"id":501,"date":"2020-03-04T20:00:59","date_gmt":"2020-03-04T18:00:59","guid":{"rendered":"http:\/\/www.sastamalankylat.fi\/kaukolankylaseura\/?page_id=501"},"modified":"2020-03-05T10:15:43","modified_gmt":"2020-03-05T08:15:43","slug":"kylan-sijainti","status":"publish","type":"page","link":"https:\/\/www.sastamalankylat.fi\/kaukolankylaseura\/kylan-sijainti\/","title":{"rendered":"Kyl\u00e4n sijainti"},"content":{"rendered":"\n<p>Lounais-Pirkanmaalla, Sastamalassa Liekoveden l\u00e4nsirannalla sijaitseva Kaukolan kyl\u00e4 kuuluu valtakunnallisesti arvokkaaseen Kokem\u00e4enjoen maisema-alueeseen sijoittuen maisemallisesti merkitt\u00e4v\u00e4\u00e4n solmukohtaan, jossa Liekovesi muuttuu Hartolankosken kohdalla Kokem\u00e4enjoeksi. Kaukola kuuluu my\u00f6s Liekoveden kulttuurimaisema-alueeseen, joka muodostuu yhdess\u00e4 Vinkkil\u00e4n, Tyrv\u00e4\u00e4nkyl\u00e4n, Soinilan ja Nokkakyl\u00e4n alueiden kanssa. <\/p>\n\n\n\n<div class=\"wp-block-group\"><div class=\"wp-block-group__inner-container is-layout-flow wp-block-group-is-layout-flow\">\n<div class=\"wp-block-group\"><div class=\"wp-block-group__inner-container is-layout-flow wp-block-group-is-layout-flow\"><div id=\"wpgmza_map\" class=\"wpgmza_map\" data-settings='{\"id\":\"1\",\"map_title\":\"Kaukolan kyl\\u00e4talo\",\"map_width\":\"600\",\"map_height\":\"300\",\"map_start_lat\":\"61.338225\",\"map_start_lng\":\"22.845586\",\"map_start_location\":\"61.338225,22.845586\",\"map_start_zoom\":\"15\",\"default_marker\":\"0\",\"type\":\"1\",\"alignment\":\"1\",\"directions_enabled\":\"2\",\"styling_enabled\":\"0\",\"styling_json\":\"\",\"active\":\"0\",\"kml\":\"\",\"bicycle\":\"0\",\"traffic\":\"0\",\"dbox\":\"1\",\"dbox_width\":\"500\",\"listmarkers\":\"0\",\"listmarkers_advanced\":\"0\",\"filterbycat\":\"0\",\"ugm_enabled\":\"0\",\"ugm_category_enabled\":\"0\",\"fusion\":\"\",\"map_width_type\":\"px\",\"map_height_type\":\"px\",\"mass_marker_support\":\"0\",\"ugm_access\":\"0\",\"order_markers_by\":\"1\",\"order_markers_choice\":\"2\",\"show_user_location\":\"2\",\"default_to\":\"\",\"other_settings\":{\"wpgmza_store_locator_restrict\":\"\",\"store_locator_query_string\":\"ZIP \\\/ Address:\",\"store_locator_name_string\":\"Title \\\/ Description:\",\"wpgmza_dbox_width_type\":\"px\",\"map_max_zoom\":\"3\",\"map_min_zoom\":\"21\",\"sl_stroke_color\":\"FF0000\",\"sl_stroke_opacity\":\"0.25\",\"sl_fill_color\":\"FF0000\",\"sl_fill_opacity\":\"0.15\",\"click_open_link\":2,\"transport_layer\":0,\"iw_primary_color\":\"2A3744\",\"iw_accent_color\":\"252F3A\",\"iw_text_color\":\"FFFFFF\",\"wpgmza_iw_type\":\"0\",\"list_markers_by\":\"0\",\"push_in_map\":\"\",\"push_in_map_placement\":\"9\",\"wpgmza_push_in_map_width\":\"\",\"wpgmza_push_in_map_height\":\"\",\"wpgmza_theme_data\":\"\",\"upload_default_ul_marker\":\"\",\"upload_default_sl_marker\":\"\"}}' data-map-id='1' Data-maps-engine='' data-shortcode-attributes='{\"id\":\"1\"}' style=\"display:block; overflow:auto; width:600px; height:300px; float:left;\"><\/div><\/div><\/div>\n<\/div><\/div>\n<!-- AddThis Advanced Settings generic via filter on the_content --><!-- AddThis Share Buttons generic via filter on the_content -->","protected":false},"excerpt":{"rendered":"<p>Lounais-Pirkanmaalla, Sastamalassa Liekoveden l\u00e4nsirannalla sijaitseva Kaukolan kyl\u00e4 kuuluu valtakunnallisesti arvokkaaseen Kokem\u00e4enjoen maisema-alueeseen sijoittuen maisemallisesti merkitt\u00e4v\u00e4\u00e4n solmukohtaan, jossa Liekovesi muuttuu Hartolankosken kohdalla Kokem\u00e4enjoeksi. Kaukola kuuluu my\u00f6s Liekoveden kulttuurimaisema-alueeseen, joka muodostuu yhdess\u00e4 Vinkkil\u00e4n, Tyrv\u00e4\u00e4nkyl\u00e4n, Soinilan ja Nokkakyl\u00e4n alueiden kanssa.<!-- AddThis Advanced Settings generic via filter on get_the_excerpt --><!-- AddThis Share Buttons generic via filter on get_the_excerpt --><\/p>\n","protected":false},"author":35,"featured_media":0,"parent":0,"menu_order":0,"comment_status":"closed","ping_status":"closed","template":"","meta":{"jetpack_post_was_ever_published":false,"footnotes":""},"class_list":["post-501","page","type-page","status-publish","hentry"],"aioseo_notices":[],"jetpack_shortlink":"https:\/\/wp.me\/P9LdS9-85","jetpack_sharing_enabled":true,"_links":{"self":[{"href":"https:\/\/www.sastamalankylat.fi\/kaukolankylaseura\/wp-json\/wp\/v2\/pages\/501","targetHints":{"allow":["GET"]}}],"collection":[{"href":"https:\/\/www.sastamalankylat.fi\/kaukolankylaseura\/wp-json\/wp\/v2\/pages"}],"about":[{"href":"https:\/\/www.sastamalankylat.fi\/kaukolankylaseura\/wp-json\/wp\/v2\/types\/page"}],"author":[{"embeddable":true,"href":"https:\/\/www.sastamalankylat.fi\/kaukolankylaseura\/wp-json\/wp\/v2\/users\/35"}],"replies":[{"embeddable":true,"href":"https:\/\/www.sastamalankylat.fi\/kaukolankylaseura\/wp-json\/wp\/v2\/comments?post=501"}],"version-history":[{"count":2,"href":"https:\/\/www.sastamalankylat.fi\/kaukolankylaseura\/wp-json\/wp\/v2\/pages\/501\/revisions"}],"predecessor-version":[{"id":518,"href":"https:\/\/www.sastamalankylat.fi\/kaukolankylaseura\/wp-json\/wp\/v2\/pages\/501\/revisions\/518"}],"wp:attachment":[{"href":"https:\/\/www.sastamalankylat.fi\/kaukolankylaseura\/wp-json\/wp\/v2\/media?parent=501"}],"curies":[{"name":"wp","href":"https:\/\/api.w.org\/{rel}","templated":true}]}}