{"id":492,"date":"2020-03-04T19:25:08","date_gmt":"2020-03-04T17:25:08","guid":{"rendered":"http:\/\/www.sastamalankylat.fi\/kaukolankylaseura\/?page_id=492"},"modified":"2020-03-05T10:11:51","modified_gmt":"2020-03-05T08:11:51","slug":"kyla-nykyisin","status":"publish","type":"page","link":"https:\/\/www.sastamalankylat.fi\/kaukolankylaseura\/kaukolan-kyla-2\/kyla-nykyisin\/","title":{"rendered":"Ihmisten kyl\u00e4"},"content":{"rendered":"\n<p>Kaukolan kyl\u00e4 on pieni, el\u00e4v\u00e4 kyl\u00e4yhteis\u00f6 kauniissa kulttuurimaisemassa. Meid\u00e4n kyl\u00e4mme koostuu ihmisist\u00e4, joista jokaisella on paikkansa kokonaisuudessa. Meid\u00e4n kyl\u00e4ll\u00e4mme tehd\u00e4\u00e4n my\u00f6s paljon ty\u00f6t\u00e4, kyl\u00e4ss\u00e4 on niin maatiloja kuin muidenkin alojen yrityksi\u00e4. Olemme my\u00f6s avoin kyl\u00e4, johon kaikki ovat tervetulleita.<\/p>\n\n\n\n<p>Kyl\u00e4ss\u00e4 asuu kaikenik\u00e4isi\u00e4 ihmisi\u00e4 ja kyl\u00e4nraitilla kulkevat niin vakituiset, vapaa-ajanasukkaat kuin lintubongarit ja lenkkeilij\u00e4tkin. Tulet sitten mist\u00e4 tahansa ja olet mink\u00e4mittaisella k\u00e4ynnill\u00e4 tahansa, olet l\u00e4mpim\u00e4sti tervetullut kyl\u00e4\u00e4mme!<\/p>\n<!-- AddThis Advanced Settings generic via filter on the_content --><!-- AddThis Share Buttons generic via filter on the_content -->","protected":false},"excerpt":{"rendered":"<p>Kaukolan kyl\u00e4 on pieni, el\u00e4v\u00e4 kyl\u00e4yhteis\u00f6 kauniissa kulttuurimaisemassa. Meid\u00e4n kyl\u00e4mme koostuu ihmisist\u00e4, joista jokaisella on paikkansa kokonaisuudessa. Meid\u00e4n kyl\u00e4ll\u00e4mme tehd\u00e4\u00e4n my\u00f6s paljon ty\u00f6t\u00e4, kyl\u00e4ss\u00e4 on niin maatiloja kuin muidenkin alojen yrityksi\u00e4. Olemme my\u00f6s avoin kyl\u00e4, johon kaikki ovat tervetulleita. Kyl\u00e4ss\u00e4 asuu kaikenik\u00e4isi\u00e4 ihmisi\u00e4 ja kyl\u00e4nraitilla kulkevat niin vakituiset, vapaa-ajanasukkaat kuin lintubongarit ja lenkkeilij\u00e4tkin. Tulet sitten [&hellip;]<!-- AddThis Advanced Settings generic via filter on get_the_excerpt --><!-- AddThis Share Buttons generic via filter on get_the_excerpt --><\/p>\n","protected":false},"author":35,"featured_media":0,"parent":474,"menu_order":0,"comment_status":"closed","ping_status":"closed","template":"","meta":{"jetpack_post_was_ever_published":false,"footnotes":""},"class_list":["post-492","page","type-page","status-publish","hentry"],"aioseo_notices":[],"jetpack_shortlink":"https:\/\/wp.me\/P9LdS9-7W","jetpack_sharing_enabled":true,"_links":{"self":[{"href":"https:\/\/www.sastamalankylat.fi\/kaukolankylaseura\/wp-json\/wp\/v2\/pages\/492","targetHints":{"allow":["GET"]}}],"collection":[{"href":"https:\/\/www.sastamalankylat.fi\/kaukolankylaseura\/wp-json\/wp\/v2\/pages"}],"about":[{"href":"https:\/\/www.sastamalankylat.fi\/kaukolankylaseura\/wp-json\/wp\/v2\/types\/page"}],"author":[{"embeddable":true,"href":"https:\/\/www.sastamalankylat.fi\/kaukolankylaseura\/wp-json\/wp\/v2\/users\/35"}],"replies":[{"embeddable":true,"href":"https:\/\/www.sastamalankylat.fi\/kaukolankylaseura\/wp-json\/wp\/v2\/comments?post=492"}],"version-history":[{"count":6,"href":"https:\/\/www.sastamalankylat.fi\/kaukolankylaseura\/wp-json\/wp\/v2\/pages\/492\/revisions"}],"predecessor-version":[{"id":517,"href":"https:\/\/www.sastamalankylat.fi\/kaukolankylaseura\/wp-json\/wp\/v2\/pages\/492\/revisions\/517"}],"up":[{"embeddable":true,"href":"https:\/\/www.sastamalankylat.fi\/kaukolankylaseura\/wp-json\/wp\/v2\/pages\/474"}],"wp:attachment":[{"href":"https:\/\/www.sastamalankylat.fi\/kaukolankylaseura\/wp-json\/wp\/v2\/media?parent=492"}],"curies":[{"name":"wp","href":"https:\/\/api.w.org\/{rel}","templated":true}]}}