{"id":484,"date":"2020-03-02T06:57:55","date_gmt":"2020-03-02T04:57:55","guid":{"rendered":"http:\/\/www.sastamalankylat.fi\/kaukolankylaseura\/?page_id=484"},"modified":"2023-04-29T08:59:53","modified_gmt":"2023-04-29T05:59:53","slug":"kylatalo-lampimaksi","status":"publish","type":"page","link":"https:\/\/www.sastamalankylat.fi\/kaukolankylaseura\/kylatalo-lampimaksi\/","title":{"rendered":"Kyl\u00e4talo l\u00e4mpim\u00e4ksi"},"content":{"rendered":"\r\n<p>Kyl\u00e4talo l\u00e4mpim\u00e4ksi on Joutsenten Reitin rahoittama Leader-hanke, jossa Kaukolan kyl\u00e4talon l\u00e4mmitysj\u00e4rjestelm\u00e4 muutetaan \u00f6ljyl\u00e4mmityksest\u00e4 vesi-ilmal\u00e4mp\u00f6pumppuj\u00e4rjestelm\u00e4\u00e4n. Lis\u00e4ksi kyl\u00e4talon etel\u00e4julkisivun ikkunat kunnostetaan talkoilla. Voisitko l\u00e4hte\u00e4 mukaan talkoisiin?<\/p>\r\n\r\n\r\n\r\n<p>Tutustu hankkeeseen alla olevasta esityksest\u00e4.<\/p>\r\n\r\n\r\n\r\n<figure class=\"wp-block-image size-large\"><img loading=\"lazy\" decoding=\"async\" width=\"1024\" height=\"80\" class=\"wp-image-634\" src=\"http:\/\/www.sastamalankylat.fi\/kaukolankylaseura\/wp-content\/uploads\/sites\/24\/2020\/06\/jore-yhteistyossa-001-1024x80.jpg\" alt=\"\" srcset=\"https:\/\/www.sastamalankylat.fi\/kaukolankylaseura\/wp-content\/uploads\/sites\/24\/2020\/06\/jore-yhteistyossa-001-1024x80.jpg 1024w, https:\/\/www.sastamalankylat.fi\/kaukolankylaseura\/wp-content\/uploads\/sites\/24\/2020\/06\/jore-yhteistyossa-001-300x23.jpg 300w, https:\/\/www.sastamalankylat.fi\/kaukolankylaseura\/wp-content\/uploads\/sites\/24\/2020\/06\/jore-yhteistyossa-001-768x60.jpg 768w, https:\/\/www.sastamalankylat.fi\/kaukolankylaseura\/wp-content\/uploads\/sites\/24\/2020\/06\/jore-yhteistyossa-001-624x49.jpg 624w, https:\/\/www.sastamalankylat.fi\/kaukolankylaseura\/wp-content\/uploads\/sites\/24\/2020\/06\/jore-yhteistyossa-001.jpg 1383w\" sizes=\"auto, (max-width: 1024px) 100vw, 1024px\" \/><\/figure>\r\n\r\n\r\n\r\n<figure class=\"wp-block-embed-wordpress wp-block-embed is-type-wp-embed is-provider-canva\">\r\n<div class=\"wp-block-embed__wrapper\">https:\/\/www.canva.com\/design\/DAD3n5disqE\/view?utm_content=DAD3n5disqE&amp;utm_campaign=designshare&amp;utm_medium=link&amp;utm_source=publishsharelink<\/div>\r\n<\/figure>\r\n\r\n\r\n\r\n<figure class=\"wp-block-image size-large\"><img loading=\"lazy\" decoding=\"async\" width=\"724\" height=\"1024\" class=\"wp-image-631\" src=\"http:\/\/www.sastamalankylat.fi\/kaukolankylaseura\/wp-content\/uploads\/sites\/24\/2020\/06\/kylatalo-lampimaksi-2-724x1024.png\" alt=\"\" srcset=\"https:\/\/www.sastamalankylat.fi\/kaukolankylaseura\/wp-content\/uploads\/sites\/24\/2020\/06\/kylatalo-lampimaksi-2-724x1024.png 724w, https:\/\/www.sastamalankylat.fi\/kaukolankylaseura\/wp-content\/uploads\/sites\/24\/2020\/06\/kylatalo-lampimaksi-2-212x300.png 212w, https:\/\/www.sastamalankylat.fi\/kaukolankylaseura\/wp-content\/uploads\/sites\/24\/2020\/06\/kylatalo-lampimaksi-2-768x1086.png 768w, https:\/\/www.sastamalankylat.fi\/kaukolankylaseura\/wp-content\/uploads\/sites\/24\/2020\/06\/kylatalo-lampimaksi-2-1086x1536.png 1086w, https:\/\/www.sastamalankylat.fi\/kaukolankylaseura\/wp-content\/uploads\/sites\/24\/2020\/06\/kylatalo-lampimaksi-2-1448x2048.png 1448w, https:\/\/www.sastamalankylat.fi\/kaukolankylaseura\/wp-content\/uploads\/sites\/24\/2020\/06\/kylatalo-lampimaksi-2-624x883.png 624w, https:\/\/www.sastamalankylat.fi\/kaukolankylaseura\/wp-content\/uploads\/sites\/24\/2020\/06\/kylatalo-lampimaksi-2.png 1587w\" sizes=\"auto, (max-width: 724px) 100vw, 724px\" \/><\/figure>\r\n\r\n\r\n\r\n<figure class=\"wp-block-embed-youtube wp-block-embed is-type-video is-provider-youtube wp-embed-aspect-16-9 wp-has-aspect-ratio\">\r\n<div class=\"wp-block-embed__wrapper\">https:\/\/www.youtube.com\/watch?v=b_u6DdOrRj8<\/div>\r\n<\/figure>\r\n\r\n\r\n\r\n\r\n\r\n<p>Aamulehti julkaisi verkkolehdess\u00e4\u00e4n 25.11.2020 kolmen Pirkanmaalaisen kyl\u00e4n ilmastotekoja: Virtain Vaskiveden, Nokian Sarkolan ja Sastamalan Kaukolan. Jutussa esitell\u00e4\u00e4n Kyl\u00e4talo l\u00e4mpim\u00e4ksi -hanketta. Juttu luettavissa alla olevasta linkist\u00e4.<\/p>\r\n\r\n\r\n\r\n<p><a href=\"https:\/\/www.aamulehti.fi\/mainos\/art-2000007636680.html?fbclid=IwAR1XqyiUe5Xm4zAsT0ZaFErLMvLUahhbjrzWOxP_7eanuVmFN4Jd8nYJEps\">https:\/\/www.aamulehti.fi\/mainos\/art-2000007636680.html?fbclid=IwAR1XqyiUe5Xm4zAsT0ZaFErLMvLUahhbjrzWOxP_7eanuVmFN4Jd8nYJEps<\/a><\/p>\r\n<p>Ikkunankunnostustunnelmia p\u00e4\u00e4set seuraamaan videolta, joka on kuvattu ensimm\u00e4isen\u00e4 ikkunankunnostuskes\u00e4n\u00e4<\/p>\r\n\r\n\r\n\r\n<p><span class=\"embed-youtube\" style=\"text-align:center; display: block;\"><iframe loading=\"lazy\" class=\"youtube-player\" width=\"625\" height=\"352\" src=\"https:\/\/www.youtube.com\/embed\/b_u6DdOrRj8?version=3&#038;rel=1&#038;showsearch=0&#038;showinfo=1&#038;iv_load_policy=1&#038;fs=1&#038;hl=fi&#038;autohide=2&#038;wmode=transparent\" allowfullscreen=\"true\" style=\"border:0;\" sandbox=\"allow-scripts allow-same-origin allow-popups allow-presentation allow-popups-to-escape-sandbox\"><\/iframe><\/span><\/p>\r\n<!-- AddThis Advanced Settings generic via filter on the_content --><!-- AddThis Share Buttons generic via filter on the_content -->","protected":false},"excerpt":{"rendered":"<p>Kyl\u00e4talo l\u00e4mpim\u00e4ksi on Joutsenten Reitin rahoittama Leader-hanke, jossa Kaukolan kyl\u00e4talon l\u00e4mmitysj\u00e4rjestelm\u00e4 muutetaan \u00f6ljyl\u00e4mmityksest\u00e4 vesi-ilmal\u00e4mp\u00f6pumppuj\u00e4rjestelm\u00e4\u00e4n. Lis\u00e4ksi kyl\u00e4talon etel\u00e4julkisivun ikkunat kunnostetaan talkoilla. Voisitko l\u00e4hte\u00e4 mukaan talkoisiin? Tutustu hankkeeseen alla olevasta esityksest\u00e4. Aamulehti julkaisi verkkolehdess\u00e4\u00e4n 25.11.2020 kolmen Pirkanmaalaisen kyl\u00e4n ilmastotekoja: Virtain Vaskiveden, Nokian Sarkolan ja Sastamalan Kaukolan. Jutussa esitell\u00e4\u00e4n Kyl\u00e4talo l\u00e4mpim\u00e4ksi -hanketta. Juttu luettavissa alla olevasta linkist\u00e4. https:\/\/www.aamulehti.fi\/mainos\/art-2000007636680.html?fbclid=IwAR1XqyiUe5Xm4zAsT0ZaFErLMvLUahhbjrzWOxP_7eanuVmFN4Jd8nYJEps [&hellip;]<!-- AddThis Advanced Settings generic via filter on get_the_excerpt --><!-- AddThis Share Buttons generic via filter on get_the_excerpt --><\/p>\n","protected":false},"author":35,"featured_media":0,"parent":0,"menu_order":0,"comment_status":"closed","ping_status":"closed","template":"","meta":{"jetpack_post_was_ever_published":false,"footnotes":""},"class_list":["post-484","page","type-page","status-publish","hentry"],"aioseo_notices":[],"jetpack_shortlink":"https:\/\/wp.me\/P9LdS9-7O","jetpack_sharing_enabled":true,"_links":{"self":[{"href":"https:\/\/www.sastamalankylat.fi\/kaukolankylaseura\/wp-json\/wp\/v2\/pages\/484","targetHints":{"allow":["GET"]}}],"collection":[{"href":"https:\/\/www.sastamalankylat.fi\/kaukolankylaseura\/wp-json\/wp\/v2\/pages"}],"about":[{"href":"https:\/\/www.sastamalankylat.fi\/kaukolankylaseura\/wp-json\/wp\/v2\/types\/page"}],"author":[{"embeddable":true,"href":"https:\/\/www.sastamalankylat.fi\/kaukolankylaseura\/wp-json\/wp\/v2\/users\/35"}],"replies":[{"embeddable":true,"href":"https:\/\/www.sastamalankylat.fi\/kaukolankylaseura\/wp-json\/wp\/v2\/comments?post=484"}],"version-history":[{"count":17,"href":"https:\/\/www.sastamalankylat.fi\/kaukolankylaseura\/wp-json\/wp\/v2\/pages\/484\/revisions"}],"predecessor-version":[{"id":952,"href":"https:\/\/www.sastamalankylat.fi\/kaukolankylaseura\/wp-json\/wp\/v2\/pages\/484\/revisions\/952"}],"wp:attachment":[{"href":"https:\/\/www.sastamalankylat.fi\/kaukolankylaseura\/wp-json\/wp\/v2\/media?parent=484"}],"curies":[{"name":"wp","href":"https:\/\/api.w.org\/{rel}","templated":true}]}}