{"id":474,"date":"2020-02-25T14:34:32","date_gmt":"2020-02-25T12:34:32","guid":{"rendered":"http:\/\/www.sastamalankylat.fi\/kaukolankylaseura\/?page_id=474"},"modified":"2020-03-05T10:18:41","modified_gmt":"2020-03-05T08:18:41","slug":"kaukolan-kyla-2","status":"publish","type":"page","link":"https:\/\/www.sastamalankylat.fi\/kaukolankylaseura\/kaukolan-kyla-2\/","title":{"rendered":"Kaukolan kyl\u00e4"},"content":{"rendered":"\n<p>Tervetuloa ihmisten kyl\u00e4\u00e4n, miss\u00e4 my\u00f6s pitk\u00e4 historia humisee!<\/p>\n<!-- AddThis Advanced Settings generic via filter on the_content --><!-- AddThis Share Buttons generic via filter on the_content -->","protected":false},"excerpt":{"rendered":"<p>Tervetuloa ihmisten kyl\u00e4\u00e4n, miss\u00e4 my\u00f6s pitk\u00e4 historia humisee!<!-- AddThis Advanced Settings generic via filter on get_the_excerpt --><!-- AddThis Share Buttons generic via filter on get_the_excerpt --><\/p>\n","protected":false},"author":35,"featured_media":0,"parent":0,"menu_order":0,"comment_status":"closed","ping_status":"closed","template":"","meta":{"jetpack_post_was_ever_published":false,"footnotes":""},"class_list":["post-474","page","type-page","status-publish","hentry"],"aioseo_notices":[],"jetpack_shortlink":"https:\/\/wp.me\/P9LdS9-7E","jetpack_sharing_enabled":true,"_links":{"self":[{"href":"https:\/\/www.sastamalankylat.fi\/kaukolankylaseura\/wp-json\/wp\/v2\/pages\/474","targetHints":{"allow":["GET"]}}],"collection":[{"href":"https:\/\/www.sastamalankylat.fi\/kaukolankylaseura\/wp-json\/wp\/v2\/pages"}],"about":[{"href":"https:\/\/www.sastamalankylat.fi\/kaukolankylaseura\/wp-json\/wp\/v2\/types\/page"}],"author":[{"embeddable":true,"href":"https:\/\/www.sastamalankylat.fi\/kaukolankylaseura\/wp-json\/wp\/v2\/users\/35"}],"replies":[{"embeddable":true,"href":"https:\/\/www.sastamalankylat.fi\/kaukolankylaseura\/wp-json\/wp\/v2\/comments?post=474"}],"version-history":[{"count":3,"href":"https:\/\/www.sastamalankylat.fi\/kaukolankylaseura\/wp-json\/wp\/v2\/pages\/474\/revisions"}],"predecessor-version":[{"id":522,"href":"https:\/\/www.sastamalankylat.fi\/kaukolankylaseura\/wp-json\/wp\/v2\/pages\/474\/revisions\/522"}],"wp:attachment":[{"href":"https:\/\/www.sastamalankylat.fi\/kaukolankylaseura\/wp-json\/wp\/v2\/media?parent=474"}],"curies":[{"name":"wp","href":"https:\/\/api.w.org\/{rel}","templated":true}]}}