{"id":35,"date":"2018-02-09T13:36:37","date_gmt":"2018-02-09T11:36:37","guid":{"rendered":"http:\/\/www.sastamalankylat.fi\/kaukolankylaseura\/?page_id=35"},"modified":"2018-05-01T09:02:09","modified_gmt":"2018-05-01T06:02:09","slug":"saannot","status":"publish","type":"page","link":"https:\/\/www.sastamalankylat.fi\/kaukolankylaseura\/saannot\/","title":{"rendered":"S\u00e4\u00e4nn\u00f6t"},"content":{"rendered":"<p><strong>KAUKOLAN KYL\u00c4SEURA RY S\u00c4\u00c4NN\u00d6T<\/strong><\/p>\n<p><strong>1 \u00a7 NIMI, KOTIPAIKKA JA TOIMINTA-ALUE<\/strong><br \/>\nYhdistyksen nimi on Kaukolan Kyl\u00e4seura ry ja sen kotipaikka on Sastamala. Yhdistyksen toiminta-alueena on Kaukolan entiseen koulupiiriin kuulunut alue.<\/p>\n<p><strong>2 \u00a7 TARKOITUS JA TOIMINTA<\/strong><br \/>\nYhdistyksen tarkoituksena on edist\u00e4\u00e4 ja kehitt\u00e4\u00e4 toiminta-alueensa asukkaiden yhteisty\u00f6t\u00e4, vaalia toiminta-alueensa kulttuuriperint\u00f6\u00e4 ja edist\u00e4\u00e4 kyl\u00e4kulttuurin kehittymist\u00e4 sek\u00e4 toiminta-alueen vakinaisten ja osa-aikaisten asukkaiden viihtyvyytt\u00e4 ja hyvinvointia. Tarkoitus on my\u00f6s pyrki\u00e4 edist\u00e4m\u00e4\u00e4n asukkaiden toimeentulomahdollisuuksien yleisi\u00e4 edellytyksi\u00e4.<\/p>\n<p>Yhdistyksen tarkoituksena on kehitt\u00e4\u00e4 yhteisty\u00f6t\u00e4 yhdistyksen toiminta-alueen p\u00e4\u00e4tt\u00e4jien ja viranhaltijoiden kanssa toiminta-alueen kehitt\u00e4miseksi ja asukkaiden hyvinvoinnin parantamiseksi. Tarkoituksena on s\u00e4ilytt\u00e4\u00e4 maaseutu elinvoimaisena sek\u00e4 lis\u00e4t\u00e4 maaseudun kehitt\u00e4miseen liittyv\u00e4\u00e4 osaamista sek\u00e4 kokemusten vaihtoa toiminta-alueen osien v\u00e4lill\u00e4. Tarkoituksena on verkostoitua muiden vastaavien tahojen ja maaseudun kehitt\u00e4misorganisaatioiden kanssa.<\/p>\n<p>Tarkoituksensa toteuttamiseksi yhdistys<\/p>\n<ol>\n<li>osallistuu toiminta-aluetta koskevaan suunnitteluun ja pyrkii vaikuttamaan toiminta-alueen kannalta my\u00f6nteiseen p\u00e4\u00e4t\u00f6ksentekoon eri organisaatioissa<\/li>\n<li>osallistuu toiminta-alueen strategian ja erityisesti haja-asutusaluestrategian toteuttamiseen ja sen p\u00e4ivitt\u00e4miseen<\/li>\n<li>osallistuu toiminta-alueen kehitt\u00e4miseen yhteisty\u00f6ss\u00e4 asukkaiden, yritysten, yhteis\u00f6jen ja muiden organisaatioiden kanssa<\/li>\n<li>edist\u00e4\u00e4 toiminta-alueen ja kunnan v\u00e4list\u00e4 yhteisty\u00f6t\u00e4 j\u00e4rjest\u00e4m\u00e4ll\u00e4 kokouksia, seminaareja ja muita vastaavia tilaisuuksia<\/li>\n<li>toteuttaa toiminta-alueen elinkelpoisuutta, asukkaiden viihtyvyytt\u00e4 ja hyvinvointia sek\u00e4 peruspalveluiden s\u00e4ilytt\u00e4misen ja luomisen edellytyksi\u00e4 ja kest\u00e4v\u00e4\u00e4 kehityst\u00e4 edist\u00e4vi\u00e4 hankkeita ja toimenpiteit\u00e4<\/li>\n<li>j\u00e4rjest\u00e4\u00e4 kokouksia, kursseja, tapahtumia, retki\u00e4 sek\u00e4 keskustelu- ja huvitilaisuuksia kaikenik\u00e4isille<\/li>\n<li>toimii toiminta-alueen kehitt\u00e4misyhteisty\u00f6ss\u00e4 j\u00e4sentens\u00e4 yhteisty\u00f6elimen\u00e4<\/li>\n<li>antaa lausuntoja ja tekee esityksi\u00e4<\/li>\n<li>voi edist\u00e4\u00e4 tarkoituksensa toteuttamista muilla samankaltaisilla tavoilla kuin edell\u00e4 kohdissa 1 &#8211; 8 on mainittu<\/li>\n<\/ol>\n<p>Toimintansa tukemiseksi yhdistys voi ottaa vastaan lahjoituksia, avustuksia ja testamentteja. Yhdistys voi omistaa toimintaansa varten tarpeellista kiinte\u00e4\u00e4 ja irtainta omaisuutta sek\u00e4 voi toimeenpanna asianomaisen viranomaisen luvalla arpajaisia ja rahanker\u00e4yksi\u00e4. Toimintansa tukemiseksi yhdistys voi my\u00f6s harjoittaa julkaisutoimintaa, j\u00e4rjest\u00e4\u00e4 myyj\u00e4isi\u00e4, kirpputoreja, huutokauppoja, taiden\u00e4yttelyj\u00e4 ja muita vastaavia tilaisuuksia, tansseja, n\u00e4ytelmi\u00e4 ja muita esityksi\u00e4 sek\u00e4 harjoittaa majoitus-, kioski-, kahvila- ja ravintolatoimintaa saatuaan toimintaan asiamukaisen luvan. Yhdistys voi harjoittaa vuokraustoimintaa. Yhdistyksen toiminnan tarkoituksena ei ole voiton tai muun v\u00e4litt\u00f6m\u00e4n taloudellisen edun hankkiminen siihen osallisille.<\/p>\n<p><strong>3 \u00a7 J\u00c4SENET<\/strong><br \/>\nYhdistyksen varsinaisiksi j\u00e4seniksi voivat liitty\u00e4 yhdistyksen toiminta-alueella vakituisesti tai osa-aikaisesti asuvat yksityiset henkil\u00f6t tai muut henkil\u00f6t, jotka ovat kiinnostuneita yhdistyksen toiminnasta ja hyv\u00e4ksyv\u00e4t sen tarkoituksen.<\/p>\n<p>Tukij\u00e4seneksi eli kannattajaj\u00e4seneksi voidaan hyv\u00e4ksy\u00e4 yksityinen henkil\u00f6, rekister\u00f6ity yhdistys, s\u00e4\u00e4ti\u00f6 sek\u00e4 muu oikeuskelpoinen yhteis\u00f6, joka haluaa tukea yhdistyksen tarkoitusta ja toimintaa. Kannattajaj\u00e4senill\u00e4 on yhdistyksen kokouksissa l\u00e4sn\u00e4olo- sek\u00e4 puheoikeus mutta ei \u00e4\u00e4nioikeutta.<\/p>\n<p>Yhdistyksen toiminta-alueen kaikilla vakituisilla ja osa-aikaisilla asukkailla on l\u00e4sn\u00e4olo-oikeus yhdistyksen kokouksissa.<\/p>\n<p><strong>4 \u00a7 J\u00c4SENMAKSU<\/strong><br \/>\nYhdistyksen varsinaisilta j\u00e4senilt\u00e4 ja kannattajaj\u00e4senilt\u00e4 perit\u00e4\u00e4n vuotuiset j\u00e4senmaksut, joiden suuruudesta sek\u00e4\u00a0maksuajankohdista kummallekin j\u00e4senryhm\u00e4lle p\u00e4\u00e4tt\u00e4\u00e4 yhdistyksen vuosikokous. Vuotuinen j\u00e4senmaksu voi olla\u00a0erisuuruinen kannattajaj\u00e4senen\u00e4 olevalle yhteis\u00f6lle verrattuna kannattajaj\u00e4senen\u00e4 olevalle yksityiselle henkil\u00f6lle.<\/p>\n<p><strong>5 \u00a7 YHDISTYKSEN KOKOUKSET<\/strong><br \/>\nYhdistyksen kokoukseen voidaan osallistua johtokunnan tai yhdistyksen kokouksen niin p\u00e4\u00e4tt\u00e4ess\u00e4 my\u00f6s postitse\u00a0tai tietoliikenneyhteyden tai muun teknisen apuv\u00e4lineen avulla kokouksen aikana tai ennen kokousta.<\/p>\n<p>Yhdistys pit\u00e4\u00e4 kalenterivuosittain yhden varsinaisen kokouksen johtokunnan m\u00e4\u00e4r\u00e4\u00e4m\u00e4n\u00e4 ajankohtana huhtikuun loppuun menness\u00e4.<\/p>\n<p>Ylim\u00e4\u00e4r\u00e4inen yhdistyksen kokous pidet\u00e4\u00e4n, kun yhdistyksen kokous niin p\u00e4\u00e4tt\u00e4\u00e4 tai yhdistyksen johtokunta katsoo siihen olevan aihetta taikka v\u00e4hint\u00e4\u00e4n yksi kymmenesosa (1\/10) yhdistyksen \u00e4\u00e4nioikeutetuista j\u00e4senist\u00e4 erikseen ilmoitettua tarkoitusta varten kirjallisesti niin vaatii yhdistyksen johtokunnalta. Yhdistyksen johtokunnan on kutsuttava kokous koolle viimeist\u00e4\u00e4n kolmenkymmenen (30) vuorokauden kuluessa siit\u00e4, kun vaatimus sen pit\u00e4misest\u00e4 on esitetty johtokunnalle.<\/p>\n<p>Yhdistyksen kokouksissa on jokaisella varsinaisella j\u00e4senell\u00e4 yksi \u00e4\u00e4ni.<\/p>\n<p>Yhdistyksen p\u00e4\u00e4t\u00f6kseksi tulee, ellei n\u00e4iss\u00e4 s\u00e4\u00e4nn\u00f6iss\u00e4 toisin m\u00e4\u00e4r\u00e4t\u00e4:<\/p>\n<ol>\n<li>se mielipide, jota on kannattanut yli puolet \u00e4\u00e4nestyksess\u00e4 annetuista \u00e4\u00e4nist\u00e4,<\/li>\n<li>\u00e4\u00e4nten menness\u00e4 tasan se mielipide, jota kokouksen puheenjohtaja ilmoittaa kannattavansa, vaaleissa kuitenkin arpa.<\/li>\n<\/ol>\n<p>Kokouskutsu yhdistyksen kokoukseen on l\u00e4hetett\u00e4v\u00e4 viimeist\u00e4\u00e4n seitsem\u00e4n (7) p\u00e4iv\u00e4\u00e4 ennen kokousta kullekin j\u00e4senelle s\u00e4hk\u00f6postitse tai kirjeitse j\u00e4senen j\u00e4senluetteloon ilmoittamaan s\u00e4hk\u00f6postiosoitteeseen tai postiosoitteeseen taikka kutsuttava kokous koolle viimeist\u00e4\u00e4n seitsem\u00e4n (7) p\u00e4iv\u00e4\u00e4 ennen kokousta yhdistyksen ilmoitustauluille kiinnitetyill\u00e4 kokouskutsuilla tai yhdistyksen toiminta-alueella yleisesti ilmestyv\u00e4ss\u00e4 sanomalehdess\u00e4 julkaistulla kokouskutsulla. Kutsussa on mainittava kokouksessa k\u00e4sitelt\u00e4v\u00e4t asiat.<\/p>\n<p><strong>6 \u00a7 YHDISTYKSEN VUOSIKOKOUKSESSA K\u00c4SITELT\u00c4V\u00c4T ASIAT<\/strong><br \/>\nYhdistyksen vuosikokouksessa k\u00e4sitelt\u00e4v\u00e4t asiat:<\/p>\n<ol>\n<li>Kokouksen avaus<\/li>\n<li>Valitaan kokouksen puheenjohtaja, sihteeri, kaksi p\u00f6yt\u00e4kirjantarkastajaa ja kaksi \u00e4\u00e4ntenlaskijaa<\/li>\n<li>Todetaan kokouksen laillisuus ja p\u00e4\u00e4t\u00f6svaltaisuus<\/li>\n<li>Hyv\u00e4ksyt\u00e4\u00e4n kokouksen ty\u00f6j\u00e4rjestys<\/li>\n<li>Esitet\u00e4\u00e4n tilinp\u00e4\u00e4t\u00f6s, toimintakertomus ja toiminnantarkastajien\/tilintarkastajien lausunto<\/li>\n<li>P\u00e4\u00e4tet\u00e4\u00e4n tilinp\u00e4\u00e4t\u00f6ksen vahvistamisesta ja vastuuvapauden my\u00f6nt\u00e4misest\u00e4 johtokunnalle ja muille\u00a0<span style=\"font-size: 1rem\">vastuuvelvollisille.<\/span><\/li>\n<li>Hyv\u00e4ksyt\u00e4\u00e4n seuraavan kalenterivuoden toimintasuunnitelma sek\u00e4 tulo- ja menoarvio.<\/li>\n<li>M\u00e4\u00e4r\u00e4t\u00e4\u00e4n seuraavan vuoden j\u00e4senmaksun suuruus varsinaisten j\u00e4senten, kannattajaj\u00e4senin\u00e4 olevien yksityisten henkil\u00f6iden osalta ja kannattajaj\u00e4senin\u00e4 olevien yhteis\u00f6jen osalta.<\/li>\n<li>P\u00e4\u00e4tet\u00e4\u00e4n maksetaanko johtokunnan varsinaisille j\u00e4senille kokouspalkkiota, p\u00e4\u00e4tet\u00e4\u00e4n maksetaanko\u00a0<span style=\"font-size: 1rem\">tilintarkastajille\/toiminnantarkastajille palkkioita. Mik\u00e4li p\u00e4\u00e4tet\u00e4\u00e4n, ett\u00e4 johtokunnan varsinaisille j\u00e4senille ja\/tai\u00a0<\/span><span style=\"font-size: 1rem\">tilintarkastajille\/toiminnantarkastajille maksetaan palkkioita, p\u00e4\u00e4tet\u00e4\u00e4n palkkioiden suuruudesta.<\/span><\/li>\n<li>Valitaan johtokunnan puheenjohtaja seuraavaksi kalenterivuodeksi<\/li>\n<li>P\u00e4\u00e4tet\u00e4\u00e4n johtokunnan varsinaisten j\u00e4senten ja varaj\u00e4senten lukum\u00e4\u00e4r\u00e4<\/li>\n<li>Valitaan johtokunnan varsinaiset j\u00e4senet sek\u00e4 varaj\u00e4senet erovuoroisten tilalle seuraavaksi kahdeksi\u00a0<span style=\"font-size: 1rem\">kalenterivuodeksi<\/span><\/li>\n<li>Valitaan yksi tai kaksi toiminnantarkastajaa ja varatoiminnantarkastaja taikka yksi tai kaksi tilintarkastajaa ja\u00a0<span style=\"font-size: 1rem\">varatilintarkastaja.<\/span><\/li>\n<li>K\u00e4sitell\u00e4\u00e4n muut kokouskutsussa mainitut asiat<\/li>\n<li>Kokouksen p\u00e4\u00e4tt\u00e4minen<\/li>\n<\/ol>\n<p>Mik\u00e4li yhdistyksen j\u00e4sen haluaa saada jonkin asian yhdistyksen vuosikokouksen k\u00e4sitelt\u00e4v\u00e4ksi, on h\u00e4nen ilmoitettava siit\u00e4 kirjallisesti johtokunnalle niin hyviss\u00e4 ajoin, ett\u00e4 asia voidaan sis\u00e4llytt\u00e4\u00e4 kokouskutsuun.<\/p>\n<p><strong>7 \u00a7 YHDISTYKSEN JOHTOKUNTA<\/strong><br \/>\nYhdistyksen asioita hoitaa johtokunta. Johtokuntaan kuuluu kalenterivuodeksi valittu puheenjohtaja ja v\u00e4hint\u00e4\u00e4n kuusi (6) ja enint\u00e4\u00e4n kymmenen (10) kahdeksi kalenterivuodeksi valittua varsinaista j\u00e4sent\u00e4 sek\u00e4 kolme (3) kahdeksi kalenterivuodeksi valittua varaj\u00e4sent\u00e4.<\/p>\n<p>Johtokunnan varsinaisista j\u00e4senist\u00e4 on erovuorossa vuosittain puolet, varaj\u00e4senist\u00e4 1-2. Eroamisj\u00e4rjestyksen m\u00e4\u00e4r\u00e4\u00e4 ensimm\u00e4isell\u00e4 kerralla arpa.<\/p>\n<p>Johtokunta valitsee keskuudestaan varapuheenjohtajan sek\u00e4 ottaa keskuudestaan tai ulkopuolelta sihteerin, taloudenhoitajan ja muut tarvittavat toimihenkil\u00f6t.<\/p>\n<p>Johtokunnan puheenjohtajana tai varapuheenjohtajana voi toimia yht\u00e4jaksoisesti enint\u00e4\u00e4n viiden (5) vuoden ajan.<\/p>\n<p>Johtokunta kokoontuu puheenjohtajan tai h\u00e4nen estyneen\u00e4 ollessaan varapuheenjohtajan kutsusta.<\/p>\n<p>Puheenjohtajan\/varapuheenjohtajan on kutsuttava johtokunta kokoon, kun h\u00e4n katsoo siihen olevan aihetta tai kun\u00a0v\u00e4hint\u00e4\u00e4n puolet johtokunnan j\u00e4senist\u00e4 sit\u00e4 vaatii.<\/p>\n<p>Johtokunta on p\u00e4\u00e4t\u00f6svaltainen, kun v\u00e4hint\u00e4\u00e4n puolet johtokunnan j\u00e4senist\u00e4, puheenjohtaja tai varapuheenjohtaja\u00a0mukaan luettuna on saapuvilla.<\/p>\n<p>P\u00e4\u00e4t\u00f6kset johtokunnan kokouksissa tehd\u00e4\u00e4n yksinkertaisella \u00e4\u00e4ntenenemmist\u00f6ll\u00e4. \u00c4\u00e4nten menness\u00e4 tasan ratkaisee puheenjohtajan \u00e4\u00e4ni, paitsi vaaleissa ratkaisee arpa.<\/p>\n<p>Johtokunta voi tarvittaessa perustaa avukseen toimikuntia ja ty\u00f6ryhmi\u00e4.<\/p>\n<p><strong>8 \u00a7 JOHTOKUNNAN TEHT\u00c4V\u00c4T<\/strong><br \/>\nJohtokunnan teht\u00e4v\u00e4n\u00e4 on:<\/p>\n<p>&#8211; suunnitella ja johtaa yhdistyksen toimintaa<\/p>\n<p>&#8211; valvoa, ett\u00e4 yhdistyksen taloutta ja omaisuutta hoidetaan huolella<\/p>\n<p>&#8211; laatia ehdotus toimintasuunnitelmaksi ja tulo- ja menoarvioehdotus, selostus yhdistyksen taloudellisesta tilasta ja\u00a0vuosikertomus yhdistyksen toiminnasta sek\u00e4 p\u00e4\u00e4tt\u00e4\u00e4 vuosittain yhdistyksen tilit<\/p>\n<p>&#8211; valmistella yhdistyksen kokouksissa k\u00e4sitelt\u00e4v\u00e4t asiat sek\u00e4 panna toimeen kokousten p\u00e4\u00e4t\u00f6kset<\/p>\n<p>&#8211; ottaa ja erottaa yhdistyksen toimihenkil\u00f6t sek\u00e4 p\u00e4\u00e4tt\u00e4\u00e4 heid\u00e4n teht\u00e4vist\u00e4\u00e4n ja palkkaeduistaan<\/p>\n<p>&#8211; p\u00e4\u00e4tt\u00e4\u00e4 7 \u00a7:ss\u00e4 mainittujen toimikuntien ja ty\u00f6ryhmien asettamisesta, niiden j\u00e4senten valitsemisesta ja\u00a0toimintaohjeiden antamisesta<\/p>\n<p>&#8211; p\u00e4\u00e4tt\u00e4\u00e4 hankkeiden hyv\u00e4ksymisest\u00e4, valvoa hankety\u00f6ryhmi\u00e4 sek\u00e4 pyyt\u00e4\u00e4 tarvittaessa asiantuntijalausuntoja<\/p>\n<p>&#8211; suorittaa muut yhdistyslain perusteella johtokunnalle kuuluvat teht\u00e4v\u00e4t, n\u00e4iss\u00e4 s\u00e4\u00e4nn\u00f6iss\u00e4 mainitut teht\u00e4v\u00e4t ja\u00a0yhdistyskokouksen johtokunnalle osoittamat teht\u00e4v\u00e4t.<\/p>\n<p><strong>9 \u00a7 NIMEN KIRJOITTAMINEN<\/strong><br \/>\nYhdistyksen nimen kirjoittavat johtokunnan puheenjohtaja, varapuheenjohtaja, molemmat yhdess\u00e4 tai\u00a0puheenjohtaja tai varapuheenjohtaja jompikumpi yhdess\u00e4 sihteerin tai taloudenhoitajan kanssa.<\/p>\n<p><strong>10 \u00a7 TOIMINTA- JA TILIKAUSI<\/strong><br \/>\nYhdistyksen toiminta- ja tilikausi on kalenterivuosi.<\/p>\n<p>Tilinp\u00e4\u00e4t\u00f6s tarvittavine asiakirjoineen ja johtokunnan vuosikertomus on annettava tilintarkastajille\/toiminnantarkastajille viimeist\u00e4\u00e4n kuukautta ennen vuosikokousta. Tilintarkastajien\/toiminnantarkastajien tulee antaa johtokunnalle kirjallinen lausuntonsa viimeist\u00e4\u00e4n kaksi viikkoa ennen vuosikokousta.<\/p>\n<p><strong>11 \u00a7 YHDISTYKSESTA EROAMINEN<\/strong><br \/>\nJ\u00e4sen voi erota yhdistyksest\u00e4 ilmoittamalla siit\u00e4 kirjallisesti yhdistyksen johtokunnalle tai sen puheenjohtajalle tai\u00a0ilmoittamalla erosta yhdistyksen kokouksessa p\u00f6yt\u00e4kirjaan merkitt\u00e4v\u00e4ksi.<\/p>\n<p>Johtokunta voi erottaa j\u00e4senen yhdistyksest\u00e4, jos j\u00e4sen on j\u00e4tt\u00e4nyt j\u00e4senmaksunsa maksamatta kahtena per\u00e4kk\u00e4isen\u00e4 vuotena tai on muuten j\u00e4tt\u00e4nyt t\u00e4ytt\u00e4m\u00e4tt\u00e4 ne velvoitukset, joihin j\u00e4sen on yhdistykseen liittym\u00e4ll\u00e4 sitoutunut tai on menettelyll\u00e4\u00e4n yhdistyksess\u00e4 tai sen ulkopuolella huomattavasti vahingoittanut yhdistyst\u00e4 tai ei en\u00e4\u00e4 t\u00e4yt\u00e4 laissa tai yhdistyksen s\u00e4\u00e4nn\u00f6iss\u00e4 mainittuja j\u00e4senyyden ehtoja.<\/p>\n<p><strong>12 \u00a7 S\u00c4\u00c4NT\u00d6JEN MUUTTAMINEN, YHDISTYKSEN PURKAMINEN ja VAROJEN K\u00c4YTT\u00d6<\/strong><br \/>\nP\u00e4\u00e4t\u00f6s s\u00e4\u00e4nt\u00f6jen muuttamisesta ja yhdistyksen purkamisesta on teht\u00e4v\u00e4 yhdistyksen kokouksessa v\u00e4hint\u00e4\u00e4n kolmen nelj\u00e4sosan (3\/4) enemmist\u00f6ll\u00e4 annetuista \u00e4\u00e4nist\u00e4. Kokouskutsussa on mainittava s\u00e4\u00e4nt\u00f6jen muuttamisesta tai yhdistyksen purkamisesta.<\/p>\n<p>Yhdistyksen purkautuessa tai sen tullessa lakkautetuksi sen varat luovutetaan yhdistyksen tarkoitusta edist\u00e4v\u00e4\u00e4n toimintaan yhdistyksen toiminta-alueella sek\u00e4 huolehditaan arkiston ja museokokoelmien tai vastaavien s\u00e4ilymisest\u00e4 jonkin muun oikeustoimikelpoisen yhteis\u00f6n hallinnassa sen mukaan kuin yhdistyksen viimeinen kokous p\u00e4\u00e4tt\u00e4\u00e4.<\/p>\n<p><strong>13 \u00a7 MUUTA<\/strong><br \/>\nEdell\u00e4 olevien m\u00e4\u00e4r\u00e4ysten lis\u00e4ksi yhdistyksen toiminnassa noudatetaan voimassa olevan yhdistyslain s\u00e4\u00e4nn\u00f6ksi\u00e4.<\/p>\n<p>S\u00e4\u00e4nt\u00f6muutos rekister\u00f6ity 26.4.2018<\/p>\n<!-- AddThis Advanced Settings generic via filter on the_content --><!-- AddThis Share Buttons generic via filter on the_content -->","protected":false},"excerpt":{"rendered":"<p>KAUKOLAN KYL\u00c4SEURA RY S\u00c4\u00c4NN\u00d6T 1 \u00a7 NIMI, KOTIPAIKKA JA TOIMINTA-ALUE Yhdistyksen nimi on Kaukolan Kyl\u00e4seura ry ja sen kotipaikka on Sastamala. Yhdistyksen toiminta-alueena on Kaukolan entiseen koulupiiriin kuulunut alue. 2 \u00a7 TARKOITUS JA TOIMINTA Yhdistyksen tarkoituksena on edist\u00e4\u00e4 ja kehitt\u00e4\u00e4 toiminta-alueensa asukkaiden yhteisty\u00f6t\u00e4, vaalia toiminta-alueensa kulttuuriperint\u00f6\u00e4 ja edist\u00e4\u00e4 kyl\u00e4kulttuurin kehittymist\u00e4 sek\u00e4 toiminta-alueen vakinaisten ja osa-aikaisten [&hellip;]<!-- AddThis Advanced Settings generic via filter on get_the_excerpt --><!-- AddThis Share Buttons generic via filter on get_the_excerpt --><\/p>\n","protected":false},"author":35,"featured_media":0,"parent":0,"menu_order":0,"comment_status":"closed","ping_status":"closed","template":"","meta":{"jetpack_post_was_ever_published":false,"footnotes":""},"class_list":["post-35","page","type-page","status-publish","hentry"],"aioseo_notices":[],"jetpack_shortlink":"https:\/\/wp.me\/P9LdS9-z","jetpack_sharing_enabled":true,"_links":{"self":[{"href":"https:\/\/www.sastamalankylat.fi\/kaukolankylaseura\/wp-json\/wp\/v2\/pages\/35","targetHints":{"allow":["GET"]}}],"collection":[{"href":"https:\/\/www.sastamalankylat.fi\/kaukolankylaseura\/wp-json\/wp\/v2\/pages"}],"about":[{"href":"https:\/\/www.sastamalankylat.fi\/kaukolankylaseura\/wp-json\/wp\/v2\/types\/page"}],"author":[{"embeddable":true,"href":"https:\/\/www.sastamalankylat.fi\/kaukolankylaseura\/wp-json\/wp\/v2\/users\/35"}],"replies":[{"embeddable":true,"href":"https:\/\/www.sastamalankylat.fi\/kaukolankylaseura\/wp-json\/wp\/v2\/comments?post=35"}],"version-history":[{"count":2,"href":"https:\/\/www.sastamalankylat.fi\/kaukolankylaseura\/wp-json\/wp\/v2\/pages\/35\/revisions"}],"predecessor-version":[{"id":177,"href":"https:\/\/www.sastamalankylat.fi\/kaukolankylaseura\/wp-json\/wp\/v2\/pages\/35\/revisions\/177"}],"wp:attachment":[{"href":"https:\/\/www.sastamalankylat.fi\/kaukolankylaseura\/wp-json\/wp\/v2\/media?parent=35"}],"curies":[{"name":"wp","href":"https:\/\/api.w.org\/{rel}","templated":true}]}}