{"id":33,"date":"2018-02-09T13:36:15","date_gmt":"2018-02-09T11:36:15","guid":{"rendered":"http:\/\/www.sastamalankylat.fi\/kaukolankylaseura\/?page_id=33"},"modified":"2020-03-05T10:43:42","modified_gmt":"2020-03-05T08:43:42","slug":"kylaseura","status":"publish","type":"page","link":"https:\/\/www.sastamalankylat.fi\/kaukolankylaseura\/kylaseura\/","title":{"rendered":"Kyl\u00e4seura"},"content":{"rendered":"<p>Kaukolan kyl\u00e4seura on matalan kynnyksen kyl\u00e4yhdistys, jonka toimintaan ovat tervetulleita mukaan kaikki asuinpaikasta ja i\u00e4st\u00e4 riippumatta. Olemme el\u00e4v\u00e4 yhteis\u00f6, joka koostuu oikeista ihmisist\u00e4. Mielest\u00e4mme kyl\u00e4yhteis\u00f6 voi parhaimmillaan koota yhteen erilaisia ihmisi\u00e4, toimia turvaverkkona ja mahdollistaa oman paikan l\u00f6yt\u00e4misen.<\/p>\n<p><strong>\u00a0 \u00a0 \u00a0 \u00a0 \u00a0 \u00a0 \u00a0 \u00a0 \u00a0 \u00a0 \u00a0 \u00a0 \u00a0 \u00a0 \u00a0 \u00a0 \u00a0 \u00a0 \u00a0 \u00a0 \u00a0 \u00a0 \u00a0 Tervetuloa osaksi kokonaisuutta!<\/strong><\/p>\n\n\n<figure class=\"wp-block-image size-large\"><img loading=\"lazy\" decoding=\"async\" width=\"1024\" height=\"768\" src=\"http:\/\/www.sastamalankylat.fi\/kaukolankylaseura\/wp-content\/uploads\/sites\/24\/2020\/03\/60940732_2412798848740850_3858327889757863936_o-1024x768.jpg\" alt=\"\" class=\"wp-image-525\" srcset=\"https:\/\/www.sastamalankylat.fi\/kaukolankylaseura\/wp-content\/uploads\/sites\/24\/2020\/03\/60940732_2412798848740850_3858327889757863936_o-1024x768.jpg 1024w, https:\/\/www.sastamalankylat.fi\/kaukolankylaseura\/wp-content\/uploads\/sites\/24\/2020\/03\/60940732_2412798848740850_3858327889757863936_o-300x225.jpg 300w, https:\/\/www.sastamalankylat.fi\/kaukolankylaseura\/wp-content\/uploads\/sites\/24\/2020\/03\/60940732_2412798848740850_3858327889757863936_o-768x576.jpg 768w, https:\/\/www.sastamalankylat.fi\/kaukolankylaseura\/wp-content\/uploads\/sites\/24\/2020\/03\/60940732_2412798848740850_3858327889757863936_o-1536x1152.jpg 1536w, https:\/\/www.sastamalankylat.fi\/kaukolankylaseura\/wp-content\/uploads\/sites\/24\/2020\/03\/60940732_2412798848740850_3858327889757863936_o-624x468.jpg 624w, https:\/\/www.sastamalankylat.fi\/kaukolankylaseura\/wp-content\/uploads\/sites\/24\/2020\/03\/60940732_2412798848740850_3858327889757863936_o.jpg 2040w\" sizes=\"auto, (max-width: 1024px) 100vw, 1024px\" \/><\/figure>\n<!-- AddThis Advanced Settings generic via filter on the_content --><!-- AddThis Share Buttons generic via filter on the_content -->","protected":false},"excerpt":{"rendered":"<p>Kaukolan kyl\u00e4seura on matalan kynnyksen kyl\u00e4yhdistys, jonka toimintaan ovat tervetulleita mukaan kaikki asuinpaikasta ja i\u00e4st\u00e4 riippumatta. Olemme el\u00e4v\u00e4 yhteis\u00f6, joka koostuu oikeista ihmisist\u00e4. Mielest\u00e4mme kyl\u00e4yhteis\u00f6 voi parhaimmillaan koota yhteen erilaisia ihmisi\u00e4, toimia turvaverkkona ja mahdollistaa oman paikan l\u00f6yt\u00e4misen. \u00a0 \u00a0 \u00a0 \u00a0 \u00a0 \u00a0 \u00a0 \u00a0 \u00a0 \u00a0 \u00a0 \u00a0 \u00a0 \u00a0 \u00a0 \u00a0 \u00a0 [&hellip;]<!-- AddThis Advanced Settings generic via filter on get_the_excerpt --><!-- AddThis Share Buttons generic via filter on get_the_excerpt --><\/p>\n","protected":false},"author":35,"featured_media":0,"parent":0,"menu_order":0,"comment_status":"closed","ping_status":"closed","template":"","meta":{"jetpack_post_was_ever_published":false,"footnotes":""},"class_list":["post-33","page","type-page","status-publish","hentry"],"aioseo_notices":[],"jetpack_shortlink":"https:\/\/wp.me\/P9LdS9-x","jetpack_sharing_enabled":true,"_links":{"self":[{"href":"https:\/\/www.sastamalankylat.fi\/kaukolankylaseura\/wp-json\/wp\/v2\/pages\/33","targetHints":{"allow":["GET"]}}],"collection":[{"href":"https:\/\/www.sastamalankylat.fi\/kaukolankylaseura\/wp-json\/wp\/v2\/pages"}],"about":[{"href":"https:\/\/www.sastamalankylat.fi\/kaukolankylaseura\/wp-json\/wp\/v2\/types\/page"}],"author":[{"embeddable":true,"href":"https:\/\/www.sastamalankylat.fi\/kaukolankylaseura\/wp-json\/wp\/v2\/users\/35"}],"replies":[{"embeddable":true,"href":"https:\/\/www.sastamalankylat.fi\/kaukolankylaseura\/wp-json\/wp\/v2\/comments?post=33"}],"version-history":[{"count":8,"href":"https:\/\/www.sastamalankylat.fi\/kaukolankylaseura\/wp-json\/wp\/v2\/pages\/33\/revisions"}],"predecessor-version":[{"id":528,"href":"https:\/\/www.sastamalankylat.fi\/kaukolankylaseura\/wp-json\/wp\/v2\/pages\/33\/revisions\/528"}],"wp:attachment":[{"href":"https:\/\/www.sastamalankylat.fi\/kaukolankylaseura\/wp-json\/wp\/v2\/media?parent=33"}],"curies":[{"name":"wp","href":"https:\/\/api.w.org\/{rel}","templated":true}]}}