{"id":1089,"date":"2026-03-19T08:29:15","date_gmt":"2026-03-19T06:29:15","guid":{"rendered":"https:\/\/www.sastamalankylat.fi\/kaukolankylaseura\/?page_id=1089"},"modified":"2026-03-19T08:29:15","modified_gmt":"2026-03-19T06:29:15","slug":"valoa-kylatalolle","status":"publish","type":"page","link":"https:\/\/www.sastamalankylat.fi\/kaukolankylaseura\/valoa-kylatalolle\/","title":{"rendered":"Valoa kyl\u00e4talolle"},"content":{"rendered":"<p class=\"p1\">Valoa kyl\u00e4talolle -hankkeessa Kaukolan Kyl\u00e4seura ry p\u00e4ivitt\u00e4\u00e4 Kaukolan kyl\u00e4talon piha-alueen ja pihatien aluevalaisimet LED-valaisimiksi. Tavoitteena on lis\u00e4t\u00e4 piha-alueen turvallisuutta, esteett\u00f6myytt\u00e4 heikkon\u00e4k\u00f6isille, s\u00e4\u00e4st\u00e4\u00e4 energiaa sek\u00e4 lis\u00e4t\u00e4 kyl\u00e4talon pihan k\u00e4ytett\u00e4vyytt\u00e4 liikunta-, leikkimis- ja harrastuspaikkana. Hankkeen kohderyhm\u00e4n\u00e4 ovat kaikki kyl\u00e4talolla ja kyl\u00e4talon pihassa aikaansa viett\u00e4v\u00e4t, leikkiv\u00e4t, liikkuvat ja harrastavat sek\u00e4 kyl\u00e4taloa vuokraavat.<\/p>\n<p>Hankkeeseen saatiin rahoitusta Leader Joutsenten Reitilt\u00e4.<\/p>\n<p><img loading=\"lazy\" decoding=\"async\" class=\"alignright size-full wp-image-1090\" src=\"http:\/\/www.sastamalankylat.fi\/kaukolankylaseura\/wp-content\/uploads\/sites\/24\/2026\/03\/valoa-kylatalolle.png\" alt=\"\" width=\"940\" height=\"788\" srcset=\"https:\/\/www.sastamalankylat.fi\/kaukolankylaseura\/wp-content\/uploads\/sites\/24\/2026\/03\/valoa-kylatalolle.png 940w, https:\/\/www.sastamalankylat.fi\/kaukolankylaseura\/wp-content\/uploads\/sites\/24\/2026\/03\/valoa-kylatalolle-300x251.png 300w, https:\/\/www.sastamalankylat.fi\/kaukolankylaseura\/wp-content\/uploads\/sites\/24\/2026\/03\/valoa-kylatalolle-768x644.png 768w, https:\/\/www.sastamalankylat.fi\/kaukolankylaseura\/wp-content\/uploads\/sites\/24\/2026\/03\/valoa-kylatalolle-624x523.png 624w\" sizes=\"auto, (max-width: 940px) 100vw, 940px\" \/><\/p>\n<!-- AddThis Advanced Settings generic via filter on the_content --><!-- AddThis Share Buttons generic via filter on the_content -->","protected":false},"excerpt":{"rendered":"<p>Valoa kyl\u00e4talolle -hankkeessa Kaukolan Kyl\u00e4seura ry p\u00e4ivitt\u00e4\u00e4 Kaukolan kyl\u00e4talon piha-alueen ja pihatien aluevalaisimet LED-valaisimiksi. Tavoitteena on lis\u00e4t\u00e4 piha-alueen turvallisuutta, esteett\u00f6myytt\u00e4 heikkon\u00e4k\u00f6isille, s\u00e4\u00e4st\u00e4\u00e4 energiaa sek\u00e4 lis\u00e4t\u00e4 kyl\u00e4talon pihan k\u00e4ytett\u00e4vyytt\u00e4 liikunta-, leikkimis- ja harrastuspaikkana. Hankkeen kohderyhm\u00e4n\u00e4 ovat kaikki kyl\u00e4talolla ja kyl\u00e4talon pihassa aikaansa viett\u00e4v\u00e4t, leikkiv\u00e4t, liikkuvat ja harrastavat sek\u00e4 kyl\u00e4taloa vuokraavat. Hankkeeseen saatiin rahoitusta Leader Joutsenten Reitilt\u00e4.<!-- AddThis Advanced Settings generic via filter on get_the_excerpt --><!-- AddThis Share Buttons generic via filter on get_the_excerpt --><\/p>\n","protected":false},"author":35,"featured_media":0,"parent":0,"menu_order":0,"comment_status":"closed","ping_status":"closed","template":"","meta":{"jetpack_post_was_ever_published":false,"footnotes":""},"class_list":["post-1089","page","type-page","status-publish","hentry"],"aioseo_notices":[],"jetpack_shortlink":"https:\/\/wp.me\/P9LdS9-hz","jetpack_sharing_enabled":true,"_links":{"self":[{"href":"https:\/\/www.sastamalankylat.fi\/kaukolankylaseura\/wp-json\/wp\/v2\/pages\/1089","targetHints":{"allow":["GET"]}}],"collection":[{"href":"https:\/\/www.sastamalankylat.fi\/kaukolankylaseura\/wp-json\/wp\/v2\/pages"}],"about":[{"href":"https:\/\/www.sastamalankylat.fi\/kaukolankylaseura\/wp-json\/wp\/v2\/types\/page"}],"author":[{"embeddable":true,"href":"https:\/\/www.sastamalankylat.fi\/kaukolankylaseura\/wp-json\/wp\/v2\/users\/35"}],"replies":[{"embeddable":true,"href":"https:\/\/www.sastamalankylat.fi\/kaukolankylaseura\/wp-json\/wp\/v2\/comments?post=1089"}],"version-history":[{"count":1,"href":"https:\/\/www.sastamalankylat.fi\/kaukolankylaseura\/wp-json\/wp\/v2\/pages\/1089\/revisions"}],"predecessor-version":[{"id":1092,"href":"https:\/\/www.sastamalankylat.fi\/kaukolankylaseura\/wp-json\/wp\/v2\/pages\/1089\/revisions\/1092"}],"wp:attachment":[{"href":"https:\/\/www.sastamalankylat.fi\/kaukolankylaseura\/wp-json\/wp\/v2\/media?parent=1089"}],"curies":[{"name":"wp","href":"https:\/\/api.w.org\/{rel}","templated":true}]}}