{"id":101,"date":"2018-03-06T20:31:39","date_gmt":"2018-03-06T18:31:39","guid":{"rendered":"http:\/\/www.sastamalankylat.fi\/kaukolankylaseura\/?page_id=101"},"modified":"2020-06-03T13:46:22","modified_gmt":"2020-06-03T10:46:22","slug":"kylatalo","status":"publish","type":"page","link":"https:\/\/www.sastamalankylat.fi\/kaukolankylaseura\/kylatalo\/","title":{"rendered":"Kyl\u00e4talo"},"content":{"rendered":"<p>Kaukolan kyl\u00e4talo on entinen koulu, jonka Kaukolan Kyl\u00e4seura ry osti Sastamalan kaupungilta kev\u00e4\u00e4ll\u00e4 2018. Kyl\u00e4talon on tarkoitus olla meid\u00e4n kaikkien yhteinen paikka. Olit sitten vakituinen asukas, vapaa-ajanasukas, vanha kaukolalainen tai sinulla on mit\u00e4 tahansa muita yhteyksi\u00e4 Kaukolaan, olet syd\u00e4mellisesti tervetullut astumaan sis\u00e4\u00e4n kyl\u00e4taloon!&nbsp;<\/p>\n\n\n<figure class=\"wp-block-image size-large\"><img loading=\"lazy\" decoding=\"async\" width=\"1024\" height=\"768\" src=\"http:\/\/www.sastamalankylat.fi\/kaukolankylaseura\/wp-content\/uploads\/sites\/24\/2020\/03\/61662318_2423287841025284_188191881929162752_o-1024x768.jpg\" alt=\"\" class=\"wp-image-533\" srcset=\"https:\/\/www.sastamalankylat.fi\/kaukolankylaseura\/wp-content\/uploads\/sites\/24\/2020\/03\/61662318_2423287841025284_188191881929162752_o-1024x768.jpg 1024w, https:\/\/www.sastamalankylat.fi\/kaukolankylaseura\/wp-content\/uploads\/sites\/24\/2020\/03\/61662318_2423287841025284_188191881929162752_o-300x225.jpg 300w, https:\/\/www.sastamalankylat.fi\/kaukolankylaseura\/wp-content\/uploads\/sites\/24\/2020\/03\/61662318_2423287841025284_188191881929162752_o-768x576.jpg 768w, https:\/\/www.sastamalankylat.fi\/kaukolankylaseura\/wp-content\/uploads\/sites\/24\/2020\/03\/61662318_2423287841025284_188191881929162752_o-1536x1152.jpg 1536w, https:\/\/www.sastamalankylat.fi\/kaukolankylaseura\/wp-content\/uploads\/sites\/24\/2020\/03\/61662318_2423287841025284_188191881929162752_o-624x468.jpg 624w, https:\/\/www.sastamalankylat.fi\/kaukolankylaseura\/wp-content\/uploads\/sites\/24\/2020\/03\/61662318_2423287841025284_188191881929162752_o.jpg 2048w\" sizes=\"auto, (max-width: 1024px) 100vw, 1024px\" \/><\/figure>\n\n\n\n<p><\/p>\n\n\n\n<figure class=\"wp-block-image size-large\"><img loading=\"lazy\" decoding=\"async\" width=\"1024\" height=\"768\" src=\"http:\/\/www.sastamalankylat.fi\/kaukolankylaseura\/wp-content\/uploads\/sites\/24\/2020\/03\/60445741_2400420266645375_1171438049217740800_o-1024x768.jpg\" alt=\"\" class=\"wp-image-537\" srcset=\"https:\/\/www.sastamalankylat.fi\/kaukolankylaseura\/wp-content\/uploads\/sites\/24\/2020\/03\/60445741_2400420266645375_1171438049217740800_o-1024x768.jpg 1024w, https:\/\/www.sastamalankylat.fi\/kaukolankylaseura\/wp-content\/uploads\/sites\/24\/2020\/03\/60445741_2400420266645375_1171438049217740800_o-300x225.jpg 300w, https:\/\/www.sastamalankylat.fi\/kaukolankylaseura\/wp-content\/uploads\/sites\/24\/2020\/03\/60445741_2400420266645375_1171438049217740800_o-768x576.jpg 768w, https:\/\/www.sastamalankylat.fi\/kaukolankylaseura\/wp-content\/uploads\/sites\/24\/2020\/03\/60445741_2400420266645375_1171438049217740800_o-1536x1152.jpg 1536w, https:\/\/www.sastamalankylat.fi\/kaukolankylaseura\/wp-content\/uploads\/sites\/24\/2020\/03\/60445741_2400420266645375_1171438049217740800_o-624x468.jpg 624w, https:\/\/www.sastamalankylat.fi\/kaukolankylaseura\/wp-content\/uploads\/sites\/24\/2020\/03\/60445741_2400420266645375_1171438049217740800_o.jpg 2040w\" sizes=\"auto, (max-width: 1024px) 100vw, 1024px\" \/><figcaption>Kyl\u00e4talolla j\u00e4rjestet\u00e4\u00e4n kyl\u00e4seuran omaa toimintaa, mutta my\u00f6s esimerkiksi Sastamalan Opiston kursseja. Opiston kursseilla olemme huoltaneet kehoa, opetelleet valokuvausta, tehneet puut\u00f6it\u00e4, opetelleet puutarhanhoitoa, tehneet saippuaa ja kynttil\u00f6it\u00e4, kehr\u00e4nneet&#8230; Kyl\u00e4talolla kokoontuu my\u00f6s 4H kokkikerho. <\/figcaption><\/figure>\n\n\n\n<figure class=\"wp-block-image size-large\"><img loading=\"lazy\" decoding=\"async\" width=\"1024\" height=\"768\" src=\"http:\/\/www.sastamalankylat.fi\/kaukolankylaseura\/wp-content\/uploads\/sites\/24\/2020\/03\/img_4042-1024x768.jpeg\" alt=\"\" class=\"wp-image-535\" srcset=\"https:\/\/www.sastamalankylat.fi\/kaukolankylaseura\/wp-content\/uploads\/sites\/24\/2020\/03\/img_4042-1024x768.jpeg 1024w, https:\/\/www.sastamalankylat.fi\/kaukolankylaseura\/wp-content\/uploads\/sites\/24\/2020\/03\/img_4042-300x225.jpeg 300w, https:\/\/www.sastamalankylat.fi\/kaukolankylaseura\/wp-content\/uploads\/sites\/24\/2020\/03\/img_4042-768x576.jpeg 768w, https:\/\/www.sastamalankylat.fi\/kaukolankylaseura\/wp-content\/uploads\/sites\/24\/2020\/03\/img_4042-1536x1152.jpeg 1536w, https:\/\/www.sastamalankylat.fi\/kaukolankylaseura\/wp-content\/uploads\/sites\/24\/2020\/03\/img_4042-2048x1536.jpeg 2048w, https:\/\/www.sastamalankylat.fi\/kaukolankylaseura\/wp-content\/uploads\/sites\/24\/2020\/03\/img_4042-624x468.jpeg 624w\" sizes=\"auto, (max-width: 1024px) 100vw, 1024px\" \/><figcaption>Maanantaisin kyl\u00e4talolla kokoonnutaan klo 18-20 mutkattoman yhdess\u00e4olon  merkeiss\u00e4 kyl\u00e4n yhteisess\u00e4 olohuoneessa. Mukaan voi ottaa oman k\u00e4sity\u00f6n, tehd\u00e4 kyl\u00e4talon yhteisi\u00e4 k\u00e4sit\u00f6it\u00e4,  pelailla lautapelej\u00e4, koota palapeli\u00e4, jutustella, h\u00f6rp\u00e4t\u00e4 teet tai vaikka venytell\u00e4 liikuntasalissa.<\/figcaption><\/figure>\n\n\n\n<figure class=\"wp-block-image size-large\"><img loading=\"lazy\" decoding=\"async\" width=\"960\" height=\"720\" src=\"http:\/\/www.sastamalankylat.fi\/kaukolankylaseura\/wp-content\/uploads\/sites\/24\/2020\/03\/86703285_2953470368007026_8036070452914814976_n.jpg\" alt=\"\" class=\"wp-image-536\" srcset=\"https:\/\/www.sastamalankylat.fi\/kaukolankylaseura\/wp-content\/uploads\/sites\/24\/2020\/03\/86703285_2953470368007026_8036070452914814976_n.jpg 960w, https:\/\/www.sastamalankylat.fi\/kaukolankylaseura\/wp-content\/uploads\/sites\/24\/2020\/03\/86703285_2953470368007026_8036070452914814976_n-300x225.jpg 300w, https:\/\/www.sastamalankylat.fi\/kaukolankylaseura\/wp-content\/uploads\/sites\/24\/2020\/03\/86703285_2953470368007026_8036070452914814976_n-768x576.jpg 768w, https:\/\/www.sastamalankylat.fi\/kaukolankylaseura\/wp-content\/uploads\/sites\/24\/2020\/03\/86703285_2953470368007026_8036070452914814976_n-624x468.jpg 624w\" sizes=\"auto, (max-width: 960px) 100vw, 960px\" \/><figcaption>Kyl\u00e4talon mainiossa keitti\u00f6ss\u00e4 on kiva kokkailla yhdess\u00e4 ja kattaa sitten yhteinen ruokap\u00f6yt\u00e4 ja sy\u00f6d\u00e4 yhdess\u00e4.<\/figcaption><\/figure>\n\n\n\n<figure class=\"wp-block-image size-large\"><img loading=\"lazy\" decoding=\"async\" width=\"1024\" height=\"768\" src=\"http:\/\/www.sastamalankylat.fi\/kaukolankylaseura\/wp-content\/uploads\/sites\/24\/2020\/03\/61028022_2412799675407434_3350486846395121664_o-1024x768.jpg\" alt=\"\" class=\"wp-image-539\" srcset=\"https:\/\/www.sastamalankylat.fi\/kaukolankylaseura\/wp-content\/uploads\/sites\/24\/2020\/03\/61028022_2412799675407434_3350486846395121664_o-1024x768.jpg 1024w, https:\/\/www.sastamalankylat.fi\/kaukolankylaseura\/wp-content\/uploads\/sites\/24\/2020\/03\/61028022_2412799675407434_3350486846395121664_o-300x225.jpg 300w, https:\/\/www.sastamalankylat.fi\/kaukolankylaseura\/wp-content\/uploads\/sites\/24\/2020\/03\/61028022_2412799675407434_3350486846395121664_o-768x576.jpg 768w, https:\/\/www.sastamalankylat.fi\/kaukolankylaseura\/wp-content\/uploads\/sites\/24\/2020\/03\/61028022_2412799675407434_3350486846395121664_o-1536x1152.jpg 1536w, https:\/\/www.sastamalankylat.fi\/kaukolankylaseura\/wp-content\/uploads\/sites\/24\/2020\/03\/61028022_2412799675407434_3350486846395121664_o-624x468.jpg 624w, https:\/\/www.sastamalankylat.fi\/kaukolankylaseura\/wp-content\/uploads\/sites\/24\/2020\/03\/61028022_2412799675407434_3350486846395121664_o.jpg 2040w\" sizes=\"auto, (max-width: 1024px) 100vw, 1024px\" \/><figcaption>Kyl\u00e4kahvilaan p\u00e4\u00e4see kahvittelemaan ja vaihtamaan kuulumisia noin kerran kuussa sunnuntaina. Kyl\u00e4kahvila rakentuu vaihtuvan teeman ymp\u00e4rille. Olemme kuulleet talvisesta kansanperinteest\u00e4, p\u00e4\u00e4sseet nauttimaan taiteesta, kuulleet runoja, laulaneet yhdess\u00e4, kuulleet matkakuulumisia, juhlistaneet kyl\u00e4talon syntt\u00e4reit\u00e4, pelailleet lautapelej\u00e4&#8230;<\/figcaption><\/figure>\n\n\n\n<figure class=\"wp-block-image size-large\"><img loading=\"lazy\" decoding=\"async\" width=\"960\" height=\"720\" src=\"http:\/\/www.sastamalankylat.fi\/kaukolankylaseura\/wp-content\/uploads\/sites\/24\/2020\/03\/71169746_2627373073950092_3436987547866103808_n.jpg\" alt=\"\" class=\"wp-image-538\" srcset=\"https:\/\/www.sastamalankylat.fi\/kaukolankylaseura\/wp-content\/uploads\/sites\/24\/2020\/03\/71169746_2627373073950092_3436987547866103808_n.jpg 960w, https:\/\/www.sastamalankylat.fi\/kaukolankylaseura\/wp-content\/uploads\/sites\/24\/2020\/03\/71169746_2627373073950092_3436987547866103808_n-300x225.jpg 300w, https:\/\/www.sastamalankylat.fi\/kaukolankylaseura\/wp-content\/uploads\/sites\/24\/2020\/03\/71169746_2627373073950092_3436987547866103808_n-768x576.jpg 768w, https:\/\/www.sastamalankylat.fi\/kaukolankylaseura\/wp-content\/uploads\/sites\/24\/2020\/03\/71169746_2627373073950092_3436987547866103808_n-624x468.jpg 624w\" sizes=\"auto, (max-width: 960px) 100vw, 960px\" \/><figcaption>Kyl\u00e4talo on mainio paikka erilaisille tapahtumille ja markkinoille.<\/figcaption><\/figure>\n\n\n\n<figure class=\"wp-block-image size-large\"><img loading=\"lazy\" decoding=\"async\" width=\"960\" height=\"720\" src=\"http:\/\/www.sastamalankylat.fi\/kaukolankylaseura\/wp-content\/uploads\/sites\/24\/2020\/03\/84306331_2925621280791935_3949203449211518976_n.jpg\" alt=\"\" class=\"wp-image-540\" srcset=\"https:\/\/www.sastamalankylat.fi\/kaukolankylaseura\/wp-content\/uploads\/sites\/24\/2020\/03\/84306331_2925621280791935_3949203449211518976_n.jpg 960w, https:\/\/www.sastamalankylat.fi\/kaukolankylaseura\/wp-content\/uploads\/sites\/24\/2020\/03\/84306331_2925621280791935_3949203449211518976_n-300x225.jpg 300w, https:\/\/www.sastamalankylat.fi\/kaukolankylaseura\/wp-content\/uploads\/sites\/24\/2020\/03\/84306331_2925621280791935_3949203449211518976_n-768x576.jpg 768w, https:\/\/www.sastamalankylat.fi\/kaukolankylaseura\/wp-content\/uploads\/sites\/24\/2020\/03\/84306331_2925621280791935_3949203449211518976_n-624x468.jpg 624w\" sizes=\"auto, (max-width: 960px) 100vw, 960px\" \/><figcaption>Kyl\u00e4talon kirjasto! Kannattaa k\u00e4yd\u00e4 kurkkaamassa, hyllyst\u00e4 l\u00f6ytyy paljon mielenkiintoisia kirjoja. Lainaa vapaasti.<\/figcaption><\/figure>\n\n\n\n<figure class=\"wp-block-embed-wordpress wp-block-embed is-type-wp-embed is-provider-canva\"><div class=\"wp-block-embed__wrapper\">\nhttps:\/\/www.canva.com\/design\/DAD-Cpz4g_c\/view\n<\/div><\/figure>\n<!-- AddThis Advanced Settings generic via filter on the_content --><!-- AddThis Share Buttons generic via filter on the_content -->","protected":false},"excerpt":{"rendered":"<p>Kaukolan kyl\u00e4talo on entinen koulu, jonka Kaukolan Kyl\u00e4seura ry osti Sastamalan kaupungilta kev\u00e4\u00e4ll\u00e4 2018. Kyl\u00e4talon on tarkoitus olla meid\u00e4n kaikkien yhteinen paikka. Olit sitten vakituinen asukas, vapaa-ajanasukas, vanha kaukolalainen tai sinulla on mit\u00e4 tahansa muita yhteyksi\u00e4 Kaukolaan, olet syd\u00e4mellisesti tervetullut astumaan sis\u00e4\u00e4n kyl\u00e4taloon!&nbsp;<!-- AddThis Advanced Settings generic via filter on get_the_excerpt --><!-- AddThis Share Buttons generic via filter on get_the_excerpt --><\/p>\n","protected":false},"author":35,"featured_media":0,"parent":0,"menu_order":0,"comment_status":"closed","ping_status":"closed","template":"","meta":{"jetpack_post_was_ever_published":false,"footnotes":""},"class_list":["post-101","page","type-page","status-publish","hentry"],"aioseo_notices":[],"jetpack_shortlink":"https:\/\/wp.me\/P9LdS9-1D","jetpack_sharing_enabled":true,"_links":{"self":[{"href":"https:\/\/www.sastamalankylat.fi\/kaukolankylaseura\/wp-json\/wp\/v2\/pages\/101","targetHints":{"allow":["GET"]}}],"collection":[{"href":"https:\/\/www.sastamalankylat.fi\/kaukolankylaseura\/wp-json\/wp\/v2\/pages"}],"about":[{"href":"https:\/\/www.sastamalankylat.fi\/kaukolankylaseura\/wp-json\/wp\/v2\/types\/page"}],"author":[{"embeddable":true,"href":"https:\/\/www.sastamalankylat.fi\/kaukolankylaseura\/wp-json\/wp\/v2\/users\/35"}],"replies":[{"embeddable":true,"href":"https:\/\/www.sastamalankylat.fi\/kaukolankylaseura\/wp-json\/wp\/v2\/comments?post=101"}],"version-history":[{"count":9,"href":"https:\/\/www.sastamalankylat.fi\/kaukolankylaseura\/wp-json\/wp\/v2\/pages\/101\/revisions"}],"predecessor-version":[{"id":601,"href":"https:\/\/www.sastamalankylat.fi\/kaukolankylaseura\/wp-json\/wp\/v2\/pages\/101\/revisions\/601"}],"wp:attachment":[{"href":"https:\/\/www.sastamalankylat.fi\/kaukolankylaseura\/wp-json\/wp\/v2\/media?parent=101"}],"curies":[{"name":"wp","href":"https:\/\/api.w.org\/{rel}","templated":true}]}}