{"id":63,"date":"2026-04-14T19:03:19","date_gmt":"2026-04-14T16:03:19","guid":{"rendered":"https:\/\/www.sastamalankylat.fi\/kammakka\/?page_id=63"},"modified":"2026-04-17T10:01:17","modified_gmt":"2026-04-17T07:01:17","slug":"kylaseura","status":"publish","type":"page","link":"https:\/\/www.sastamalankylat.fi\/kammakka\/kylaseura\/","title":{"rendered":"Kyl\u00e4seura"},"content":{"rendered":"<p>K\u00e4mm\u00e4k\u00e4ss\u00e4 toimii aktiivinen kyl\u00e4seura, joka yll\u00e4pit\u00e4\u00e4 ja vuokraa K\u00e4mm\u00e4k\u00e4n kyl\u00e4taloa, sek\u00e4 j\u00e4rjest\u00e4\u00e4 erilaisia tapahtumia ja toimintaa kyl\u00e4ll\u00e4.<\/p>\n<ul>\n<li>Kyl\u00e4talon vuokrauksesta voit lukea <a href=\"https:\/\/www.sastamalankylat.fi\/kammakka\/vuokraus\/\">t\u00e4\u00e4lt\u00e4<\/a>, jos sinua kiinnostaa j\u00e4rjest\u00e4\u00e4 vaikka juhlat tai muu tapahtuma<\/li>\n<li>Kyl\u00e4seura j\u00e4rjest\u00e4\u00e4 yhteisty\u00f6ss\u00e4 Sastamalan opiston kanssa erilaisia kursseja kyl\u00e4talolla<\/li>\n<li>Kyl\u00e4seura yll\u00e4pit\u00e4\u00e4 my\u00f6s Sastamalan kaupungin omistamaa yleist\u00e4 rantaa Ylistenj\u00e4rvell\u00e4<\/li>\n<\/ul>\n<p>&nbsp;<\/p>\n<!-- AddThis Advanced Settings generic via filter on the_content --><!-- AddThis Share Buttons generic via filter on the_content -->","protected":false},"excerpt":{"rendered":"<p>K\u00e4mm\u00e4k\u00e4ss\u00e4 toimii aktiivinen kyl\u00e4seura, joka yll\u00e4pit\u00e4\u00e4 ja vuokraa K\u00e4mm\u00e4k\u00e4n kyl\u00e4taloa, sek\u00e4 j\u00e4rjest\u00e4\u00e4 erilaisia tapahtumia ja toimintaa kyl\u00e4ll\u00e4. Kyl\u00e4talon vuokrauksesta voit lukea t\u00e4\u00e4lt\u00e4, jos sinua kiinnostaa j\u00e4rjest\u00e4\u00e4 vaikka juhlat tai muu tapahtuma Kyl\u00e4seura j\u00e4rjest\u00e4\u00e4 yhteisty\u00f6ss\u00e4 Sastamalan opiston kanssa erilaisia kursseja kyl\u00e4talolla Kyl\u00e4seura yll\u00e4pit\u00e4\u00e4 my\u00f6s Sastamalan kaupungin omistamaa yleist\u00e4 rantaa Ylistenj\u00e4rvell\u00e4 &nbsp;<!-- AddThis Advanced Settings generic via filter on get_the_excerpt --><!-- AddThis Share Buttons generic via filter on get_the_excerpt --><\/p>\n","protected":false},"author":55,"featured_media":0,"parent":0,"menu_order":0,"comment_status":"closed","ping_status":"closed","template":"","meta":{"footnotes":""},"class_list":["post-63","page","type-page","status-publish","hentry"],"aioseo_notices":[],"jetpack_sharing_enabled":true,"_links":{"self":[{"href":"https:\/\/www.sastamalankylat.fi\/kammakka\/wp-json\/wp\/v2\/pages\/63","targetHints":{"allow":["GET"]}}],"collection":[{"href":"https:\/\/www.sastamalankylat.fi\/kammakka\/wp-json\/wp\/v2\/pages"}],"about":[{"href":"https:\/\/www.sastamalankylat.fi\/kammakka\/wp-json\/wp\/v2\/types\/page"}],"author":[{"embeddable":true,"href":"https:\/\/www.sastamalankylat.fi\/kammakka\/wp-json\/wp\/v2\/users\/55"}],"replies":[{"embeddable":true,"href":"https:\/\/www.sastamalankylat.fi\/kammakka\/wp-json\/wp\/v2\/comments?post=63"}],"version-history":[{"count":3,"href":"https:\/\/www.sastamalankylat.fi\/kammakka\/wp-json\/wp\/v2\/pages\/63\/revisions"}],"predecessor-version":[{"id":110,"href":"https:\/\/www.sastamalankylat.fi\/kammakka\/wp-json\/wp\/v2\/pages\/63\/revisions\/110"}],"wp:attachment":[{"href":"https:\/\/www.sastamalankylat.fi\/kammakka\/wp-json\/wp\/v2\/media?parent=63"}],"curies":[{"name":"wp","href":"https:\/\/api.w.org\/{rel}","templated":true}]}}