{"id":61,"date":"2026-04-14T19:03:19","date_gmt":"2026-04-14T16:03:19","guid":{"rendered":"https:\/\/www.sastamalankylat.fi\/kammakka\/?page_id=61"},"modified":"2026-04-17T10:04:38","modified_gmt":"2026-04-17T07:04:38","slug":"kammakan-kyla","status":"publish","type":"page","link":"https:\/\/www.sastamalankylat.fi\/kammakka\/kammakan-kyla\/","title":{"rendered":"K\u00e4mm\u00e4k\u00e4n kyl\u00e4"},"content":{"rendered":"<p>K\u00e4mm\u00e4kk\u00e4 on kyl\u00e4 Sastamalan kaupungissa Pirkanmaalla. Se sijaitsee Huittisten ja Sastamalan rajalla Ylistenj\u00e4rven l\u00e4heisyydess\u00e4.<\/p>\n<p>Ennen nykyisi\u00e4 kuntaliitoksia K\u00e4mm\u00e4kk\u00e4 on ollut aikoinaan aluenimitys, joka on k\u00e4sitt\u00e4nyt alunperin vain Kiikan puoleisen osan, jonne syntyi K\u00e4mm\u00e4k\u00e4n lukulahko ja K\u00e4mm\u00e4k\u00e4n koulupiiri. Ep\u00e4virallisesti siihen kuuluivat kuitenkin my\u00f6s ne Tyrv\u00e4\u00e4n, Huittisten ja Keiky\u00e4n puolella sijainneet tilat, joista k\u00e4ytiin koulua K\u00e4mm\u00e4k\u00e4ss\u00e4. T\u00e4st\u00e4 johtuen K\u00e4mm\u00e4kk\u00e4 &#8211; vaikka Sastamalan kyliin luokitellaankin &#8211; on kyl\u00e4, joka yhdist\u00e4\u00e4 ihmisi\u00e4 useammista pit\u00e4jist\u00e4.<\/p>\n<p>Ensimm\u00e4isiss\u00e4 kartoissa 1700-luvulla ei K\u00e4mm\u00e4k\u00e4n alueella ollut torppia, vaan ainoastaan niittypirttej\u00e4. Isojaossa alue taloille kuuluviksi rinta- ja takamaiksi (suoria mets\u00e4- tai niittysarkoja). Muutamia torppia syntyi jo ennen isojakoa niittyjen reunoille, ja my\u00f6hemmin asutus kasvoi melko virke\u00e4ksikin koulua ja kauppoja my\u00f6ten.<\/p>\n<p><a href=\"http:\/\/www.sastamalankylat.fi\/kammakka\/wp-content\/uploads\/sites\/17\/2026\/04\/kartta-iso.jpg\"><img loading=\"lazy\" decoding=\"async\" class=\"alignnone size-medium wp-image-99\" src=\"http:\/\/www.sastamalankylat.fi\/kammakka\/wp-content\/uploads\/sites\/17\/2026\/04\/kartta-iso-300x230.jpg\" alt=\"\" width=\"300\" height=\"230\" srcset=\"https:\/\/www.sastamalankylat.fi\/kammakka\/wp-content\/uploads\/sites\/17\/2026\/04\/kartta-iso-300x230.jpg 300w, https:\/\/www.sastamalankylat.fi\/kammakka\/wp-content\/uploads\/sites\/17\/2026\/04\/kartta-iso-768x589.jpg 768w, https:\/\/www.sastamalankylat.fi\/kammakka\/wp-content\/uploads\/sites\/17\/2026\/04\/kartta-iso-624x478.jpg 624w, https:\/\/www.sastamalankylat.fi\/kammakka\/wp-content\/uploads\/sites\/17\/2026\/04\/kartta-iso.jpg 831w\" sizes=\"auto, (max-width: 300px) 100vw, 300px\" \/><\/a><\/p>\n<p>Nykyisell\u00e4\u00e4n K\u00e4mm\u00e4k\u00e4n kyl\u00e4\u00e4n kuuluu niin vakituisia kuin vapaa-ajan asukkaita. P\u00e4ivitt\u00e4ispalvelut ovat siirtyneet kuntakeskuksiin koulua my\u00f6ten, mutta kyl\u00e4lt\u00e4 l\u00f6ytyy silti useita yritt\u00e4ji\u00e4 ja palveluntarjoajia.<\/p>\n<p>L\u00e4hde: K\u00e4mm\u00e4kk\u00e4 &#8211; kyl\u00e4 nelj\u00e4ss\u00e4 kunnassa (Impola, H., Peuraniemi, P. &amp; Siltanen, P. 2015) Lue lis\u00e4\u00e4 kirjasta<a href=\"https:\/\/www.sastamalankylat.fi\/kammakka\/kylakirja\/\"> t\u00e4st\u00e4 linkist\u00e4.<\/a><\/p>\n<!-- AddThis Advanced Settings generic via filter on the_content --><!-- AddThis Share Buttons generic via filter on the_content -->","protected":false},"excerpt":{"rendered":"<p>K\u00e4mm\u00e4kk\u00e4 on kyl\u00e4 Sastamalan kaupungissa Pirkanmaalla. Se sijaitsee Huittisten ja Sastamalan rajalla Ylistenj\u00e4rven l\u00e4heisyydess\u00e4. Ennen nykyisi\u00e4 kuntaliitoksia K\u00e4mm\u00e4kk\u00e4 on ollut aikoinaan aluenimitys, joka on k\u00e4sitt\u00e4nyt alunperin vain Kiikan puoleisen osan, jonne syntyi K\u00e4mm\u00e4k\u00e4n lukulahko ja K\u00e4mm\u00e4k\u00e4n koulupiiri. Ep\u00e4virallisesti siihen kuuluivat kuitenkin my\u00f6s ne Tyrv\u00e4\u00e4n, Huittisten ja Keiky\u00e4n puolella sijainneet tilat, joista k\u00e4ytiin koulua K\u00e4mm\u00e4k\u00e4ss\u00e4. T\u00e4st\u00e4 [&hellip;]<!-- AddThis Advanced Settings generic via filter on get_the_excerpt --><!-- AddThis Share Buttons generic via filter on get_the_excerpt --><\/p>\n","protected":false},"author":55,"featured_media":0,"parent":0,"menu_order":0,"comment_status":"closed","ping_status":"closed","template":"","meta":{"footnotes":""},"class_list":["post-61","page","type-page","status-publish","hentry"],"aioseo_notices":[],"jetpack_sharing_enabled":true,"_links":{"self":[{"href":"https:\/\/www.sastamalankylat.fi\/kammakka\/wp-json\/wp\/v2\/pages\/61","targetHints":{"allow":["GET"]}}],"collection":[{"href":"https:\/\/www.sastamalankylat.fi\/kammakka\/wp-json\/wp\/v2\/pages"}],"about":[{"href":"https:\/\/www.sastamalankylat.fi\/kammakka\/wp-json\/wp\/v2\/types\/page"}],"author":[{"embeddable":true,"href":"https:\/\/www.sastamalankylat.fi\/kammakka\/wp-json\/wp\/v2\/users\/55"}],"replies":[{"embeddable":true,"href":"https:\/\/www.sastamalankylat.fi\/kammakka\/wp-json\/wp\/v2\/comments?post=61"}],"version-history":[{"count":5,"href":"https:\/\/www.sastamalankylat.fi\/kammakka\/wp-json\/wp\/v2\/pages\/61\/revisions"}],"predecessor-version":[{"id":111,"href":"https:\/\/www.sastamalankylat.fi\/kammakka\/wp-json\/wp\/v2\/pages\/61\/revisions\/111"}],"wp:attachment":[{"href":"https:\/\/www.sastamalankylat.fi\/kammakka\/wp-json\/wp\/v2\/media?parent=61"}],"curies":[{"name":"wp","href":"https:\/\/api.w.org\/{rel}","templated":true}]}}