{"id":145,"date":"2026-04-18T22:47:58","date_gmt":"2026-04-18T19:47:58","guid":{"rendered":"https:\/\/www.sastamalankylat.fi\/kammakka\/?page_id=145"},"modified":"2026-04-18T22:49:48","modified_gmt":"2026-04-18T19:49:48","slug":"kylakirja-kammakka-kyla-neljassa-kunnassa","status":"publish","type":"page","link":"https:\/\/www.sastamalankylat.fi\/kammakka\/kylakirja-kammakka-kyla-neljassa-kunnassa\/","title":{"rendered":"Kyl\u00e4kirja &#8211; K\u00e4mm\u00e4kk\u00e4, kyl\u00e4 nelj\u00e4ss\u00e4 kunnassa"},"content":{"rendered":"<p><strong>K\u00e4mm\u00e4kk\u00e4 \u2013 kyl\u00e4 nelj\u00e4ss\u00e4 kunnassa<\/strong> -kirja ilmestyi kev\u00e4\u00e4ll\u00e4 2015. Kirjassa on K\u00e4mm\u00e4k\u00e4n kyl\u00e4n syntyhistoria, sukujen tarinat, muisteluita tapahtumista sek\u00e4 henkil\u00f6kuvia kyl\u00e4n asukkaista. Kirjan ovat kirjoittaneet Heikki Impola, Pertti Peuraniemi ja Pentti Siltanen.<\/p>\n<p><a href=\"http:\/\/www.sastamalankylat.fi\/kammakka\/wp-content\/uploads\/sites\/17\/2015\/02\/kyl\u00e4kirja.jpg\"><img loading=\"lazy\" decoding=\"async\" class=\"alignnone size-medium wp-image-48\" src=\"http:\/\/www.sastamalankylat.fi\/kammakka\/wp-content\/uploads\/sites\/17\/2015\/02\/kyl\u00e4kirja-230x300.jpg\" alt=\"\" width=\"230\" height=\"300\" srcset=\"https:\/\/www.sastamalankylat.fi\/kammakka\/wp-content\/uploads\/sites\/17\/2015\/02\/kyl\u00e4kirja-230x300.jpg 230w, https:\/\/www.sastamalankylat.fi\/kammakka\/wp-content\/uploads\/sites\/17\/2015\/02\/kyl\u00e4kirja.jpg 460w\" sizes=\"auto, (max-width: 230px) 100vw, 230px\" \/><\/a><\/p>\n<p>Lataa pdf-tiedostona <a href=\"http:\/\/www.sastamalankylat.fi\/kammakka\/wp-content\/uploads\/sites\/17\/2015\/02\/sis\u00e4sivut_alku.pdf\">sis\u00e4sivujen_alkuosa<\/a> ja <a href=\"http:\/\/www.sastamalankylat.fi\/kammakka\/wp-content\/uploads\/sites\/17\/2015\/02\/sis\u00e4sivut_loppu.pdf\">loppuosa<\/a>.<\/p>\n<p>Voi olla, ett\u00e4 voit lukea pdf-tiedostoja suoraan selaimessasi. Jos se ei onnistu, voit ladata tiedostot tietokoneellesi ja katsoa niit\u00e4 Adobe Acrobat Reader -ohjelmalla, joka on todenn\u00e4k\u00f6isesti jo asennettuna koneellesi. Tarvittaessa ohjelman voi asentaa <a href=\"https:\/\/get.adobe.com\/fi\/reader\/\">t\u00e4\u00e4lt\u00e4<\/a>.<\/p>\n<p>&nbsp;<\/p>\n<p>Kyl\u00e4seuralla on kirjaa myynniss\u00e4, ota yhteytt\u00e4 <a href=\"https:\/\/www.sastamalankylat.fi\/kammakka\/ota-yhteytta\/\">yhteystietosivun<\/a> kautta, mik\u00e4li olet kiinnostunut kirjasta.<\/p>\n<!-- AddThis Advanced Settings generic via filter on the_content --><!-- AddThis Share Buttons generic via filter on the_content -->","protected":false},"excerpt":{"rendered":"<p>K\u00e4mm\u00e4kk\u00e4 \u2013 kyl\u00e4 nelj\u00e4ss\u00e4 kunnassa -kirja ilmestyi kev\u00e4\u00e4ll\u00e4 2015. Kirjassa on K\u00e4mm\u00e4k\u00e4n kyl\u00e4n syntyhistoria, sukujen tarinat, muisteluita tapahtumista sek\u00e4 henkil\u00f6kuvia kyl\u00e4n asukkaista. Kirjan ovat kirjoittaneet Heikki Impola, Pertti Peuraniemi ja Pentti Siltanen. Lataa pdf-tiedostona sis\u00e4sivujen_alkuosa ja loppuosa. Voi olla, ett\u00e4 voit lukea pdf-tiedostoja suoraan selaimessasi. Jos se ei onnistu, voit ladata tiedostot tietokoneellesi ja katsoa [&hellip;]<!-- AddThis Advanced Settings generic via filter on get_the_excerpt --><!-- AddThis Share Buttons generic via filter on get_the_excerpt --><\/p>\n","protected":false},"author":55,"featured_media":0,"parent":0,"menu_order":0,"comment_status":"closed","ping_status":"closed","template":"","meta":{"footnotes":""},"class_list":["post-145","page","type-page","status-publish","hentry"],"aioseo_notices":[],"jetpack_sharing_enabled":true,"_links":{"self":[{"href":"https:\/\/www.sastamalankylat.fi\/kammakka\/wp-json\/wp\/v2\/pages\/145","targetHints":{"allow":["GET"]}}],"collection":[{"href":"https:\/\/www.sastamalankylat.fi\/kammakka\/wp-json\/wp\/v2\/pages"}],"about":[{"href":"https:\/\/www.sastamalankylat.fi\/kammakka\/wp-json\/wp\/v2\/types\/page"}],"author":[{"embeddable":true,"href":"https:\/\/www.sastamalankylat.fi\/kammakka\/wp-json\/wp\/v2\/users\/55"}],"replies":[{"embeddable":true,"href":"https:\/\/www.sastamalankylat.fi\/kammakka\/wp-json\/wp\/v2\/comments?post=145"}],"version-history":[{"count":3,"href":"https:\/\/www.sastamalankylat.fi\/kammakka\/wp-json\/wp\/v2\/pages\/145\/revisions"}],"predecessor-version":[{"id":150,"href":"https:\/\/www.sastamalankylat.fi\/kammakka\/wp-json\/wp\/v2\/pages\/145\/revisions\/150"}],"wp:attachment":[{"href":"https:\/\/www.sastamalankylat.fi\/kammakka\/wp-json\/wp\/v2\/media?parent=145"}],"curies":[{"name":"wp","href":"https:\/\/api.w.org\/{rel}","templated":true}]}}