{"id":118,"date":"2026-04-17T10:15:27","date_gmt":"2026-04-17T07:15:27","guid":{"rendered":"https:\/\/www.sastamalankylat.fi\/kammakka\/?page_id=118"},"modified":"2026-04-17T10:23:11","modified_gmt":"2026-04-17T07:23:11","slug":"ylistenjarven-kunnan-ranta","status":"publish","type":"page","link":"https:\/\/www.sastamalankylat.fi\/kammakka\/ylistenjarven-kunnan-ranta\/","title":{"rendered":"Ylistenj\u00e4rven kunnan ranta"},"content":{"rendered":"<p><a href=\"http:\/\/www.sastamalankylat.fi\/kammakka\/wp-content\/uploads\/sites\/17\/2026\/04\/dsc-4948-scaled.jpg\"><img loading=\"lazy\" decoding=\"async\" class=\"alignnone size-medium wp-image-91\" src=\"http:\/\/www.sastamalankylat.fi\/kammakka\/wp-content\/uploads\/sites\/17\/2026\/04\/dsc-4948-300x200.jpg\" alt=\"\" width=\"300\" height=\"200\" srcset=\"https:\/\/www.sastamalankylat.fi\/kammakka\/wp-content\/uploads\/sites\/17\/2026\/04\/dsc-4948-300x200.jpg 300w, https:\/\/www.sastamalankylat.fi\/kammakka\/wp-content\/uploads\/sites\/17\/2026\/04\/dsc-4948-1024x683.jpg 1024w, https:\/\/www.sastamalankylat.fi\/kammakka\/wp-content\/uploads\/sites\/17\/2026\/04\/dsc-4948-768x512.jpg 768w, https:\/\/www.sastamalankylat.fi\/kammakka\/wp-content\/uploads\/sites\/17\/2026\/04\/dsc-4948-1536x1024.jpg 1536w, https:\/\/www.sastamalankylat.fi\/kammakka\/wp-content\/uploads\/sites\/17\/2026\/04\/dsc-4948-2048x1365.jpg 2048w, https:\/\/www.sastamalankylat.fi\/kammakka\/wp-content\/uploads\/sites\/17\/2026\/04\/dsc-4948-624x416.jpg 624w\" sizes=\"auto, (max-width: 300px) 100vw, 300px\" \/><\/a><\/p>\n<p>Sastamalan kaupungin hallinnoima uimaranta sijaitsee osoitteessa Uimarannantie 47 32730 Sastamala. Uimarannalla on pukuhuoneet, vessa, pitk\u00e4 laituri, nuotiopaikka sek\u00e4 muutamia venepaikkoja. Kyl\u00e4seura pit\u00e4\u00e4 rantaa siistin\u00e4 ja huolehtii laiturin nostosta ja paikoilleen laitoista.<\/p>\n<p><a href=\"http:\/\/www.sastamalankylat.fi\/kammakka\/wp-content\/uploads\/sites\/17\/2026\/04\/dsc-4954-scaled.jpg\"><img loading=\"lazy\" decoding=\"async\" class=\"alignnone size-medium wp-image-123\" src=\"http:\/\/www.sastamalankylat.fi\/kammakka\/wp-content\/uploads\/sites\/17\/2026\/04\/dsc-4954-300x200.jpg\" alt=\"\" width=\"300\" height=\"200\" srcset=\"https:\/\/www.sastamalankylat.fi\/kammakka\/wp-content\/uploads\/sites\/17\/2026\/04\/dsc-4954-300x200.jpg 300w, https:\/\/www.sastamalankylat.fi\/kammakka\/wp-content\/uploads\/sites\/17\/2026\/04\/dsc-4954-1024x683.jpg 1024w, https:\/\/www.sastamalankylat.fi\/kammakka\/wp-content\/uploads\/sites\/17\/2026\/04\/dsc-4954-768x512.jpg 768w, https:\/\/www.sastamalankylat.fi\/kammakka\/wp-content\/uploads\/sites\/17\/2026\/04\/dsc-4954-1536x1024.jpg 1536w, https:\/\/www.sastamalankylat.fi\/kammakka\/wp-content\/uploads\/sites\/17\/2026\/04\/dsc-4954-2048x1365.jpg 2048w, https:\/\/www.sastamalankylat.fi\/kammakka\/wp-content\/uploads\/sites\/17\/2026\/04\/dsc-4954-624x416.jpg 624w\" sizes=\"auto, (max-width: 300px) 100vw, 300px\" \/><\/a> <a href=\"http:\/\/www.sastamalankylat.fi\/kammakka\/wp-content\/uploads\/sites\/17\/2026\/04\/dsc-4938-scaled.jpg\"><img loading=\"lazy\" decoding=\"async\" class=\"alignnone size-medium wp-image-124\" src=\"http:\/\/www.sastamalankylat.fi\/kammakka\/wp-content\/uploads\/sites\/17\/2026\/04\/dsc-4938-300x200.jpg\" alt=\"\" width=\"300\" height=\"200\" srcset=\"https:\/\/www.sastamalankylat.fi\/kammakka\/wp-content\/uploads\/sites\/17\/2026\/04\/dsc-4938-300x200.jpg 300w, https:\/\/www.sastamalankylat.fi\/kammakka\/wp-content\/uploads\/sites\/17\/2026\/04\/dsc-4938-1024x683.jpg 1024w, https:\/\/www.sastamalankylat.fi\/kammakka\/wp-content\/uploads\/sites\/17\/2026\/04\/dsc-4938-768x512.jpg 768w, https:\/\/www.sastamalankylat.fi\/kammakka\/wp-content\/uploads\/sites\/17\/2026\/04\/dsc-4938-1536x1024.jpg 1536w, https:\/\/www.sastamalankylat.fi\/kammakka\/wp-content\/uploads\/sites\/17\/2026\/04\/dsc-4938-2048x1365.jpg 2048w, https:\/\/www.sastamalankylat.fi\/kammakka\/wp-content\/uploads\/sites\/17\/2026\/04\/dsc-4938-624x416.jpg 624w\" sizes=\"auto, (max-width: 300px) 100vw, 300px\" \/><\/a><\/p>\n<p>&nbsp;<\/p>\n<!-- AddThis Advanced Settings generic via filter on the_content --><!-- AddThis Share Buttons generic via filter on the_content -->","protected":false},"excerpt":{"rendered":"<p>Sastamalan kaupungin hallinnoima uimaranta sijaitsee osoitteessa Uimarannantie 47 32730 Sastamala. Uimarannalla on pukuhuoneet, vessa, pitk\u00e4 laituri, nuotiopaikka sek\u00e4 muutamia venepaikkoja. Kyl\u00e4seura pit\u00e4\u00e4 rantaa siistin\u00e4 ja huolehtii laiturin nostosta ja paikoilleen laitoista. &nbsp;<!-- AddThis Advanced Settings generic via filter on get_the_excerpt --><!-- AddThis Share Buttons generic via filter on get_the_excerpt --><\/p>\n","protected":false},"author":55,"featured_media":0,"parent":0,"menu_order":0,"comment_status":"closed","ping_status":"closed","template":"","meta":{"footnotes":""},"class_list":["post-118","page","type-page","status-publish","hentry"],"aioseo_notices":[],"jetpack_sharing_enabled":true,"_links":{"self":[{"href":"https:\/\/www.sastamalankylat.fi\/kammakka\/wp-json\/wp\/v2\/pages\/118","targetHints":{"allow":["GET"]}}],"collection":[{"href":"https:\/\/www.sastamalankylat.fi\/kammakka\/wp-json\/wp\/v2\/pages"}],"about":[{"href":"https:\/\/www.sastamalankylat.fi\/kammakka\/wp-json\/wp\/v2\/types\/page"}],"author":[{"embeddable":true,"href":"https:\/\/www.sastamalankylat.fi\/kammakka\/wp-json\/wp\/v2\/users\/55"}],"replies":[{"embeddable":true,"href":"https:\/\/www.sastamalankylat.fi\/kammakka\/wp-json\/wp\/v2\/comments?post=118"}],"version-history":[{"count":4,"href":"https:\/\/www.sastamalankylat.fi\/kammakka\/wp-json\/wp\/v2\/pages\/118\/revisions"}],"predecessor-version":[{"id":126,"href":"https:\/\/www.sastamalankylat.fi\/kammakka\/wp-json\/wp\/v2\/pages\/118\/revisions\/126"}],"wp:attachment":[{"href":"https:\/\/www.sastamalankylat.fi\/kammakka\/wp-json\/wp\/v2\/media?parent=118"}],"curies":[{"name":"wp","href":"https:\/\/api.w.org\/{rel}","templated":true}]}}