{"id":6,"date":"2014-09-28T23:54:40","date_gmt":"2014-09-28T20:54:40","guid":{"rendered":"http:\/\/www.sastamalankylat.fi\/jaara\/?page_id=6"},"modified":"2022-11-25T11:13:47","modified_gmt":"2022-11-25T09:13:47","slug":"yhteystiedot","status":"publish","type":"page","link":"https:\/\/www.sastamalankylat.fi\/jaara\/yhteystiedot\/","title":{"rendered":"Yhteystiedot"},"content":{"rendered":"<p><strong>Jaaran kyl\u00e4talo<\/strong><br \/>\nKauvatsantie 15, 38360 Sastamala<\/p>\n<p><strong>Puheenjohtaja<\/strong><\/p>\n<p>Arto M\u00e4kel\u00e4<br \/>\np. 0500 799068<br \/>\narto64makela(at)gmail.com<\/p>\n<p><strong>Sihteeri ja rahastonhoitaja<\/strong><\/p>\n<p>Hannele Tuomola<\/p>\n<p><strong>Kyl\u00e4talon vuokraus<\/strong><\/p>\n<p>Jarno Pietil\u00e4<\/p>\n<p>p. 040 1420380<\/p>\n<!-- AddThis Advanced Settings generic via filter on the_content --><!-- AddThis Share Buttons generic via filter on the_content -->","protected":false},"excerpt":{"rendered":"<p>Jaaran kyl\u00e4talo Kauvatsantie 15, 38360 Sastamala Puheenjohtaja Arto M\u00e4kel\u00e4 p. 0500 799068 arto64makela(at)gmail.com Sihteeri ja rahastonhoitaja Hannele Tuomola Kyl\u00e4talon vuokraus Jarno Pietil\u00e4 p. 040 1420380<!-- AddThis Advanced Settings generic via filter on wp_trim_excerpt --><!-- AddThis Share Buttons generic via filter on wp_trim_excerpt --><\/p>\n","protected":false},"author":3,"featured_media":0,"parent":0,"menu_order":0,"comment_status":"open","ping_status":"open","template":"","meta":{"jetpack_post_was_ever_published":false,"footnotes":""},"class_list":["post-6","page","type-page","status-publish","hentry"],"aioseo_notices":[],"jetpack_shortlink":"https:\/\/wp.me\/P5eJDy-6","jetpack_sharing_enabled":true,"_links":{"self":[{"href":"https:\/\/www.sastamalankylat.fi\/jaara\/wp-json\/wp\/v2\/pages\/6","targetHints":{"allow":["GET"]}}],"collection":[{"href":"https:\/\/www.sastamalankylat.fi\/jaara\/wp-json\/wp\/v2\/pages"}],"about":[{"href":"https:\/\/www.sastamalankylat.fi\/jaara\/wp-json\/wp\/v2\/types\/page"}],"author":[{"embeddable":true,"href":"https:\/\/www.sastamalankylat.fi\/jaara\/wp-json\/wp\/v2\/users\/3"}],"replies":[{"embeddable":true,"href":"https:\/\/www.sastamalankylat.fi\/jaara\/wp-json\/wp\/v2\/comments?post=6"}],"version-history":[{"count":6,"href":"https:\/\/www.sastamalankylat.fi\/jaara\/wp-json\/wp\/v2\/pages\/6\/revisions"}],"predecessor-version":[{"id":852,"href":"https:\/\/www.sastamalankylat.fi\/jaara\/wp-json\/wp\/v2\/pages\/6\/revisions\/852"}],"wp:attachment":[{"href":"https:\/\/www.sastamalankylat.fi\/jaara\/wp-json\/wp\/v2\/media?parent=6"}],"curies":[{"name":"wp","href":"https:\/\/api.w.org\/{rel}","templated":true}]}}