{"id":30,"date":"2014-07-16T10:14:40","date_gmt":"2014-07-16T07:14:40","guid":{"rendered":"http:\/\/www.sastamalankylat.fi\/illo\/?page_id=30"},"modified":"2021-01-13T16:44:52","modified_gmt":"2021-01-13T14:44:52","slug":"ilmoitukset","status":"publish","type":"page","link":"https:\/\/www.sastamalankylat.fi\/illo\/ilmoitukset\/","title":{"rendered":"Ilmoitukset"},"content":{"rendered":"<p><a href=\"http:\/\/www.sastamalankylat.fi\/illo\/wp-content\/uploads\/sites\/7\/2014\/07\/Sikajuhlat.jpg\"><img loading=\"lazy\" decoding=\"async\" class=\"aligncenter size-medium wp-image-154\" src=\"http:\/\/www.sastamalankylat.fi\/illo\/wp-content\/uploads\/sites\/7\/2014\/07\/Sikajuhlat-212x300.jpg\" alt=\"Sikajuhlat\" width=\"212\" height=\"300\" srcset=\"https:\/\/www.sastamalankylat.fi\/illo\/wp-content\/uploads\/sites\/7\/2014\/07\/Sikajuhlat-212x300.jpg 212w, https:\/\/www.sastamalankylat.fi\/illo\/wp-content\/uploads\/sites\/7\/2014\/07\/Sikajuhlat.jpg 424w\" sizes=\"auto, (max-width: 212px) 100vw, 212px\" \/><\/a><\/p>\n<div style=\"color: #dddddd;font-size: 0px\">\n<p>Jiihaa! Howdy hou! Puhveli-Billin l\u00e4nnen sirkus saapuu kaupunkiin! Bill ja h\u00e4nen yst\u00e4v\u00e4ns\u00e4 intiaanip\u00e4\u00e4llikk\u00f6 Istuva H\u00e4rk\u00e4 (ent. Roikkuva R\u00e4k\u00e4) esitt\u00e4v\u00e4t \u201dtosikertomuksia\u201d villist\u00e4 l\u00e4nnest\u00e4. Ne ovat tietysti sattuneet villin l\u00e4nnen ehdottomasti suurimmalle sankarille \u2013 Puhveli-Billille.<\/p>\n<p>Intiaanihy\u00f6kk\u00e4ys, junary\u00f6st\u00f6, kultakuume ja korttihuijari Sika-Sami porsaskoplineen saavat kyyti\u00e4 ja j\u00e4lkik\u00e4teen el\u00e4v\u00f6itetyn tulkintansa Puhveli-Billilt\u00e4. Amerikkalaista musiikkia, makeaa meininki\u00e4 ja livesoitantaa pursuava esitys svengaa kuin hirvi biisonilaumassa.<\/p>\n<p>Linnateatterin syksyn 2014 uutuus lapsille on nyt tilattavissa Suomen villin pohjolan jokaiseen pikku kaivoskaupunkiin \u2013 Hangosta Nuorgamiin. Ugh! Roikkuva R\u00e4k\u00e4, eikun Istuva H\u00e4rk\u00e4, on puhunut.<\/p>\n<\/div>\n<!-- AddThis Advanced Settings generic via filter on the_content --><!-- AddThis Share Buttons generic via filter on the_content -->","protected":false},"excerpt":{"rendered":"<p>Jiihaa! Howdy hou! Puhveli-Billin l\u00e4nnen sirkus saapuu kaupunkiin! Bill ja h\u00e4nen yst\u00e4v\u00e4ns\u00e4 intiaanip\u00e4\u00e4llikk\u00f6 Istuva H\u00e4rk\u00e4 (ent. Roikkuva R\u00e4k\u00e4) esitt\u00e4v\u00e4t \u201dtosikertomuksia\u201d villist\u00e4 l\u00e4nnest\u00e4. Ne ovat tietysti sattuneet villin l\u00e4nnen ehdottomasti suurimmalle sankarille \u2013 Puhveli-Billille. Intiaanihy\u00f6kk\u00e4ys, junary\u00f6st\u00f6, kultakuume ja korttihuijari Sika-Sami porsaskoplineen saavat kyyti\u00e4 ja j\u00e4lkik\u00e4teen el\u00e4v\u00f6itetyn tulkintansa Puhveli-Billilt\u00e4. Amerikkalaista musiikkia, makeaa meininki\u00e4 ja livesoitantaa pursuava esitys [&hellip;]<!-- AddThis Advanced Settings generic via filter on wp_trim_excerpt --><!-- AddThis Share Buttons generic via filter on wp_trim_excerpt --><\/p>\n","protected":false},"author":9,"featured_media":0,"parent":0,"menu_order":0,"comment_status":"closed","ping_status":"closed","template":"","meta":{"jetpack_post_was_ever_published":false,"footnotes":""},"class_list":["post-30","page","type-page","status-publish","hentry"],"aioseo_notices":[],"jetpack_shortlink":"https:\/\/wp.me\/P9Ldjd-u","jetpack_sharing_enabled":true,"_links":{"self":[{"href":"https:\/\/www.sastamalankylat.fi\/illo\/wp-json\/wp\/v2\/pages\/30","targetHints":{"allow":["GET"]}}],"collection":[{"href":"https:\/\/www.sastamalankylat.fi\/illo\/wp-json\/wp\/v2\/pages"}],"about":[{"href":"https:\/\/www.sastamalankylat.fi\/illo\/wp-json\/wp\/v2\/types\/page"}],"author":[{"embeddable":true,"href":"https:\/\/www.sastamalankylat.fi\/illo\/wp-json\/wp\/v2\/users\/9"}],"replies":[{"embeddable":true,"href":"https:\/\/www.sastamalankylat.fi\/illo\/wp-json\/wp\/v2\/comments?post=30"}],"version-history":[{"count":2,"href":"https:\/\/www.sastamalankylat.fi\/illo\/wp-json\/wp\/v2\/pages\/30\/revisions"}],"predecessor-version":[{"id":155,"href":"https:\/\/www.sastamalankylat.fi\/illo\/wp-json\/wp\/v2\/pages\/30\/revisions\/155"}],"wp:attachment":[{"href":"https:\/\/www.sastamalankylat.fi\/illo\/wp-json\/wp\/v2\/media?parent=30"}],"curies":[{"name":"wp","href":"https:\/\/api.w.org\/{rel}","templated":true}]}}