{"id":2,"date":"2014-07-16T12:46:50","date_gmt":"2014-07-16T09:46:50","guid":{"rendered":"http:\/\/www.sastamalankylat.fi\/illo\/?page_id=2"},"modified":"2021-01-13T16:44:42","modified_gmt":"2021-01-13T14:44:42","slug":"illon-kyla","status":"publish","type":"page","link":"https:\/\/www.sastamalankylat.fi\/illo\/illon-kyla\/","title":{"rendered":"Illon kyl\u00e4"},"content":{"rendered":"<p><a href=\"http:\/\/www.sastamalankylat.fi\/illo\/wp-content\/uploads\/sites\/7\/2013\/06\/kartta1.jpg\"><img loading=\"lazy\" decoding=\"async\" class=\"aligncenter wp-image-89 size-full\" src=\"http:\/\/www.sastamalankylat.fi\/illo\/wp-content\/uploads\/sites\/7\/2013\/06\/kartta1.jpg\" alt=\"kartta\" width=\"600\" height=\"580\" srcset=\"https:\/\/www.sastamalankylat.fi\/illo\/wp-content\/uploads\/sites\/7\/2013\/06\/kartta1.jpg 600w, https:\/\/www.sastamalankylat.fi\/illo\/wp-content\/uploads\/sites\/7\/2013\/06\/kartta1-300x290.jpg 300w\" sizes=\"auto, (max-width: 600px) 100vw, 600px\" \/><\/a><\/p>\n<p><strong>ILLO<\/strong><\/p>\n<p>Illo on Sastamalan etel\u00e4isin kyl\u00e4 puolimatkassa Vammalasta Punkalaitumelle. Illon seudulla asuu noin 500 asukasta. Illossa toimii <a title=\"Illon koulu\" href=\"http:\/\/www.illonkoulu.fi\/\" target=\"_blank\" rel=\"noopener\">kyl\u00e4koulu<\/a> 1.-4.-luokkalaisille ja kyl\u00e4lt\u00e4 l\u00f6ytyy my\u00f6s seuraintalo ja rukoushuone. Tiloja vuokrataan juhlak\u00e4ytt\u00f6\u00f6n. Illossa toimii useita seuroja ja el\u00e4m\u00e4 kyl\u00e4ll\u00e4 on vire\u00e4\u00e4.<\/p>\n<p>Koululla toimii 1.-4.-luokkien lis\u00e4ksi ryhm\u00e4perhep\u00e4iv\u00e4koti, jonka yhteydess\u00e4 annetaan opetusta my\u00f6s esikoululaisille. Kirjastoauto k\u00e4y parillisina viikkoina tiistaisin Illossa ja pys\u00e4htyy my\u00f6s koulun pihassa. <a title=\"Kirjastoauto\" href=\"http:\/\/www.sastamalankaupunki.fi\/sivu.tmpl?sivu_id=3243\" target=\"_blank\" rel=\"noopener\">Tarkempi aikataulu<\/a> l\u00f6ytyy Sastamalan kaupungin sivuilta.<\/p>\n<p>Illossa on pururata, jota yll\u00e4pidet\u00e4\u00e4n talkoovoimin. Jalkapallokentt\u00e4 j\u00e4\u00e4dytet\u00e4\u00e4n talvisin luistelukent\u00e4ksi. Koulup\u00e4ivin\u00e4 Illosta kulkee linja-auto kolmesti p\u00e4iv\u00e4ss\u00e4 Vammalaan ja Punkalaitumelle. Kouluvuoden ulkopuolella isolle kirkolle kulkevat palveluliikenteen taksivuorot. Lis\u00e4tietoja <a title=\"Matkahuolto\" href=\"http:\/\/www.matkahuolto.fi\/fi\/\" target=\"_blank\" rel=\"noopener\">Matkahuollon sivuilta<\/a>.<\/p>\n<p>&nbsp;<\/p>\n<!-- AddThis Advanced Settings generic via filter on the_content --><!-- AddThis Share Buttons generic via filter on the_content -->","protected":false},"excerpt":{"rendered":"<p>ILLO Illo on Sastamalan etel\u00e4isin kyl\u00e4 puolimatkassa Vammalasta Punkalaitumelle. Illon seudulla asuu noin 500 asukasta. Illossa toimii kyl\u00e4koulu 1.-4.-luokkalaisille ja kyl\u00e4lt\u00e4 l\u00f6ytyy my\u00f6s seuraintalo ja rukoushuone. Tiloja vuokrataan juhlak\u00e4ytt\u00f6\u00f6n. Illossa toimii useita seuroja ja el\u00e4m\u00e4 kyl\u00e4ll\u00e4 on vire\u00e4\u00e4. Koululla toimii 1.-4.-luokkien lis\u00e4ksi ryhm\u00e4perhep\u00e4iv\u00e4koti, jonka yhteydess\u00e4 annetaan opetusta my\u00f6s esikoululaisille. Kirjastoauto k\u00e4y parillisina viikkoina tiistaisin Illossa [&hellip;]<!-- AddThis Advanced Settings generic via filter on wp_trim_excerpt --><!-- AddThis Share Buttons generic via filter on wp_trim_excerpt --><\/p>\n","protected":false},"author":9,"featured_media":0,"parent":0,"menu_order":0,"comment_status":"closed","ping_status":"closed","template":"","meta":{"jetpack_post_was_ever_published":false,"footnotes":""},"class_list":["post-2","page","type-page","status-publish","hentry"],"aioseo_notices":[],"jetpack_shortlink":"https:\/\/wp.me\/P9Ldjd-2","jetpack_sharing_enabled":true,"_links":{"self":[{"href":"https:\/\/www.sastamalankylat.fi\/illo\/wp-json\/wp\/v2\/pages\/2","targetHints":{"allow":["GET"]}}],"collection":[{"href":"https:\/\/www.sastamalankylat.fi\/illo\/wp-json\/wp\/v2\/pages"}],"about":[{"href":"https:\/\/www.sastamalankylat.fi\/illo\/wp-json\/wp\/v2\/types\/page"}],"author":[{"embeddable":true,"href":"https:\/\/www.sastamalankylat.fi\/illo\/wp-json\/wp\/v2\/users\/9"}],"replies":[{"embeddable":true,"href":"https:\/\/www.sastamalankylat.fi\/illo\/wp-json\/wp\/v2\/comments?post=2"}],"version-history":[{"count":3,"href":"https:\/\/www.sastamalankylat.fi\/illo\/wp-json\/wp\/v2\/pages\/2\/revisions"}],"predecessor-version":[{"id":183,"href":"https:\/\/www.sastamalankylat.fi\/illo\/wp-json\/wp\/v2\/pages\/2\/revisions\/183"}],"wp:attachment":[{"href":"https:\/\/www.sastamalankylat.fi\/illo\/wp-json\/wp\/v2\/media?parent=2"}],"curies":[{"name":"wp","href":"https:\/\/api.w.org\/{rel}","templated":true}]}}